{"id":806,"date":"2025-11-18T11:49:36","date_gmt":"2025-11-18T14:49:36","guid":{"rendered":"https:\/\/propei.uerr.edu.br\/proffilo\/?page_id=806"},"modified":"2025-11-18T12:25:11","modified_gmt":"2025-11-18T15:25:11","slug":"home","status":"publish","type":"page","link":"https:\/\/propei.uerr.edu.br\/proffilo\/","title":{"rendered":"Home"},"content":{"rendered":"\t\t<div data-elementor-type=\"wp-page\" data-elementor-id=\"806\" class=\"elementor elementor-806\" data-elementor-post-type=\"page\">\n\t\t\t\t<div class=\"elementor-element elementor-element-80209db e-flex e-con-boxed e-con e-parent\" data-id=\"80209db\" data-element_type=\"container\" data-e-type=\"container\">\n\t\t\t\t\t<div class=\"e-con-inner\">\n\t\t<div class=\"elementor-element elementor-element-c45e729 e-con-full e-flex e-con e-child\" data-id=\"c45e729\" data-element_type=\"container\" data-e-type=\"container\">\n\t\t\t\t<div class=\"elementor-element elementor-element-f9284d7 elementor-widget elementor-widget-heading\" data-id=\"f9284d7\" data-element_type=\"widget\" data-e-type=\"widget\" data-widget_type=\"heading.default\">\n\t\t\t\t\t<h4 class=\"elementor-heading-title elementor-size-default\">\u00daltimas not\u00edcias<\/h4>\t\t\t\t<\/div>\n\t\t\t\t<div class=\"elementor-element elementor-element-9e8b8d4 elementor-grid-1 elementor-posts--thumbnail-none elementor-posts--align-left elementor-grid-tablet-2 elementor-grid-mobile-1 elementor-card-shadow-yes elementor-posts__hover-gradient elementor-widget elementor-widget-posts\" data-id=\"9e8b8d4\" data-element_type=\"widget\" data-e-type=\"widget\" data-settings=\"{&quot;cards_columns&quot;:&quot;1&quot;,&quot;cards_row_gap&quot;:{&quot;unit&quot;:&quot;px&quot;,&quot;size&quot;:10,&quot;sizes&quot;:[]},&quot;pagination_type&quot;:&quot;numbers_and_prev_next&quot;,&quot;cards_columns_tablet&quot;:&quot;2&quot;,&quot;cards_columns_mobile&quot;:&quot;1&quot;,&quot;cards_row_gap_tablet&quot;:{&quot;unit&quot;:&quot;px&quot;,&quot;size&quot;:&quot;&quot;,&quot;sizes&quot;:[]},&quot;cards_row_gap_mobile&quot;:{&quot;unit&quot;:&quot;px&quot;,&quot;size&quot;:&quot;&quot;,&quot;sizes&quot;:[]}}\" data-widget_type=\"posts.cards\">\n\t\t\t\t<div class=\"elementor-widget-container\">\n\t\t\t\t\t\t\t<div class=\"elementor-posts-container elementor-posts elementor-posts--skin-cards elementor-grid\" role=\"list\">\n\t\t\t\t<article class=\"elementor-post elementor-grid-item post-673 post type-post status-publish format-standard hentry category-direito-publico\" role=\"listitem\">\n\t\t\t<div class=\"elementor-post__card\">\n\t\t\t\t<div class=\"elementor-post__text\">\n\t\t\t\t<h3 class=\"elementor-post__title\">\n\t\t\t<a href=\"https:\/\/propei.uerr.edu.br\/proffilo\/2023\/05\/08\/o-estado-do-conhecimento-nas-producoes-de-tccs-do-curso-de-licenciatura-intercultural-indigena-insikiran-2015-a-2019\/\" >\n\t\t\t\tO estado do conhecimento nas produ\u00e7\u00f5es de tccs do curso de licenciatura intercultural ind\u00edgena\/ Insikiran (2015 a 2019)\t\t\t<\/a>\n\t\t<\/h3>\n\t\t\t\t<div class=\"elementor-post__excerpt\">\n\t\t\t\t\t<\/div>\n\t\t\n\t\t<a class=\"elementor-post__read-more\" href=\"https:\/\/propei.uerr.edu.br\/proffilo\/2023\/05\/08\/o-estado-do-conhecimento-nas-producoes-de-tccs-do-curso-de-licenciatura-intercultural-indigena-insikiran-2015-a-2019\/\" aria-label=\"Read more about O estado do conhecimento nas produ\u00e7\u00f5es de tccs do curso de licenciatura intercultural ind\u00edgena\/ Insikiran (2015 a 2019)\" tabindex=\"-1\" >\n\t\t\tContinue Lendo &gt;&gt;\t\t<\/a>\n\n\t\t\t\t<\/div>\n\t\t\t\t<div class=\"elementor-post__meta-data\">\n\t\t\t\t\t<span class=\"elementor-post-date\">\n\t\t\t8 de maio de 2023\t\t<\/span>\n\t\t\t\t<\/div>\n\t\t\t\t\t<\/div>\n\t\t<\/article>\n\t\t\t\t<article class=\"elementor-post elementor-grid-item post-444 post type-post status-publish format-standard hentry category-noticias\" role=\"listitem\">\n\t\t\t<div class=\"elementor-post__card\">\n\t\t\t\t<div class=\"elementor-post__text\">\n\t\t\t\t<h3 class=\"elementor-post__title\">\n\t\t\t<a href=\"https:\/\/propei.uerr.edu.br\/proffilo\/2022\/10\/17\/resultado-da-primeira-etapa-do-processo-seletivo-prof-filo-2023\/\" >\n\t\t\t\tResultado da primeira etapa do processo seletivo PROF-FILO 2023\t\t\t<\/a>\n\t\t<\/h3>\n\t\t\t\t<div class=\"elementor-post__excerpt\">\n\t\t\t<p>Confira o edital<\/p>\n\t\t<\/div>\n\t\t\n\t\t<a class=\"elementor-post__read-more\" href=\"https:\/\/propei.uerr.edu.br\/proffilo\/2022\/10\/17\/resultado-da-primeira-etapa-do-processo-seletivo-prof-filo-2023\/\" aria-label=\"Read more about Resultado da primeira etapa do processo seletivo PROF-FILO 2023\" tabindex=\"-1\" >\n\t\t\tContinue Lendo &gt;&gt;\t\t<\/a>\n\n\t\t\t\t<\/div>\n\t\t\t\t<div class=\"elementor-post__meta-data\">\n\t\t\t\t\t<span class=\"elementor-post-date\">\n\t\t\t17 de outubro de 2022\t\t<\/span>\n\t\t\t\t<\/div>\n\t\t\t\t\t<\/div>\n\t\t<\/article>\n\t\t\t\t<article class=\"elementor-post elementor-grid-item post-440 post type-post status-publish format-standard hentry category-noticias\" role=\"listitem\">\n\t\t\t<div class=\"elementor-post__card\">\n\t\t\t\t<div class=\"elementor-post__text\">\n\t\t\t\t<h3 class=\"elementor-post__title\">\n\t\t\t<a href=\"https:\/\/propei.uerr.edu.br\/proffilo\/2022\/09\/28\/edital-n004-2022-prof-filo-retificado-em-27-09-2022\/\" >\n\t\t\t\tEDITAL N\u00b0004\/2022 \u2013 PROF-FILO \u2013 RETIFICADO EM 27\/09\/2022\t\t\t<\/a>\n\t\t<\/h3>\n\t\t\t\t<div class=\"elementor-post__excerpt\">\n\t\t\t<p>BAIXAR AQUI (PDF)<\/p>\n\t\t<\/div>\n\t\t\n\t\t<a class=\"elementor-post__read-more\" href=\"https:\/\/propei.uerr.edu.br\/proffilo\/2022\/09\/28\/edital-n004-2022-prof-filo-retificado-em-27-09-2022\/\" aria-label=\"Read more about EDITAL N\u00b0004\/2022 \u2013 PROF-FILO \u2013 RETIFICADO EM 27\/09\/2022\" tabindex=\"-1\" >\n\t\t\tContinue Lendo &gt;&gt;\t\t<\/a>\n\n\t\t\t\t<\/div>\n\t\t\t\t<div class=\"elementor-post__meta-data\">\n\t\t\t\t\t<span class=\"elementor-post-date\">\n\t\t\t28 de setembro de 2022\t\t<\/span>\n\t\t\t\t<\/div>\n\t\t\t\t\t<\/div>\n\t\t<\/article>\n\t\t\t\t<article class=\"elementor-post elementor-grid-item post-434 post type-post status-publish format-standard hentry category-noticias\" role=\"listitem\">\n\t\t\t<div class=\"elementor-post__card\">\n\t\t\t\t<div class=\"elementor-post__text\">\n\t\t\t\t<h3 class=\"elementor-post__title\">\n\t\t\t<a href=\"https:\/\/propei.uerr.edu.br\/proffilo\/2022\/09\/22\/live-tira-duvidas-sobre-o-processo-seletivo-do-prof-filo-2023\/\" >\n\t\t\t\tLive tira-d\u00favidas sobre o processo seletivo do PROF-FILO 2023\t\t\t<\/a>\n\t\t<\/h3>\n\t\t\t\t<div class=\"elementor-post__excerpt\">\n\t\t\t\t\t<\/div>\n\t\t\n\t\t<a class=\"elementor-post__read-more\" href=\"https:\/\/propei.uerr.edu.br\/proffilo\/2022\/09\/22\/live-tira-duvidas-sobre-o-processo-seletivo-do-prof-filo-2023\/\" aria-label=\"Read more about Live tira-d\u00favidas sobre o processo seletivo do PROF-FILO 2023\" tabindex=\"-1\" >\n\t\t\tContinue Lendo &gt;&gt;\t\t<\/a>\n\n\t\t\t\t<\/div>\n\t\t\t\t<div class=\"elementor-post__meta-data\">\n\t\t\t\t\t<span class=\"elementor-post-date\">\n\t\t\t22 de setembro de 2022\t\t<\/span>\n\t\t\t\t<\/div>\n\t\t\t\t\t<\/div>\n\t\t<\/article>\n\t\t\t\t<article class=\"elementor-post elementor-grid-item post-309 post type-post status-publish format-standard hentry category-noticias\" role=\"listitem\">\n\t\t\t<div class=\"elementor-post__card\">\n\t\t\t\t<div class=\"elementor-post__text\">\n\t\t\t\t<h3 class=\"elementor-post__title\">\n\t\t\t<a href=\"https:\/\/propei.uerr.edu.br\/proffilo\/2022\/08\/29\/a-universidade-estadual-de-roraima-torna-publico-o-primeiro-processo-seletivo-para-o-mestrado-profissional-em-filosofia-prof-filo-nucleo-roraima\/\" >\n\t\t\t\tA Universidade Estadual de Roraima torna p\u00fablico o primeiro processo seletivo para o Mestrado Profissional em Filosofia (PROF-FILO), n\u00facleo Roraima.\t\t\t<\/a>\n\t\t<\/h3>\n\t\t\t\t<div class=\"elementor-post__excerpt\">\n\t\t\t<p>&nbsp;Ser\u00e3o ofertadas 06 vagas para alunos regulares que iniciar\u00e3o as atividades em 2023.1. As vagas, segundo o Edital n\u00ba 004\/2022\/PROF-FILO,<\/p>\n\t\t<\/div>\n\t\t\n\t\t<a class=\"elementor-post__read-more\" href=\"https:\/\/propei.uerr.edu.br\/proffilo\/2022\/08\/29\/a-universidade-estadual-de-roraima-torna-publico-o-primeiro-processo-seletivo-para-o-mestrado-profissional-em-filosofia-prof-filo-nucleo-roraima\/\" aria-label=\"Read more about A Universidade Estadual de Roraima torna p\u00fablico o primeiro processo seletivo para o Mestrado Profissional em Filosofia (PROF-FILO), n\u00facleo Roraima.\" tabindex=\"-1\" >\n\t\t\tContinue Lendo &gt;&gt;\t\t<\/a>\n\n\t\t\t\t<\/div>\n\t\t\t\t<div class=\"elementor-post__meta-data\">\n\t\t\t\t\t<span class=\"elementor-post-date\">\n\t\t\t29 de agosto de 2022\t\t<\/span>\n\t\t\t\t<\/div>\n\t\t\t\t\t<\/div>\n\t\t<\/article>\n\t\t\t\t<\/div>\n\t\t\n\t\t\t\t\t\t<\/div>\n\t\t\t\t<\/div>\n\t\t\t\t<\/div>\n\t\t<div class=\"elementor-element elementor-element-0e121cd e-con-full elementor-hidden-tablet elementor-hidden-mobile e-flex e-con e-child\" data-id=\"0e121cd\" data-element_type=\"container\" data-e-type=\"container\">\n\t\t\t\t<div class=\"elementor-element elementor-element-54cbef8 elementor-widget elementor-widget-heading\" data-id=\"54cbef8\" data-element_type=\"widget\" data-e-type=\"widget\" data-widget_type=\"heading.default\">\n\t\t\t\t\t<h4 class=\"elementor-heading-title elementor-size-default\">Links Institucionais<\/h4>\t\t\t\t<\/div>\n\t\t\t\t<div class=\"elementor-element elementor-element-5588b21 elementor-widget elementor-widget-text-editor\" data-id=\"5588b21\" data-element_type=\"widget\" data-e-type=\"widget\" data-widget_type=\"text-editor.default\">\n\t\t\t\t\t\t\t\t\t<p><a href=\"https:\/\/www.rr.gov.br\/site\"><span style=\"color: #000000;\">GOVERNO DE RORAIMA<\/span><\/a><\/p><p><span style=\"color: #000000;\"><a style=\"color: #000000;\" href=\"https:\/\/www.gov.br\/capes\/pt-br\">CAPES<\/a><\/span><\/p><p><span style=\"color: #000000;\"><a style=\"color: #000000;\" href=\"https:\/\/ceforrroraima.blogspot.com\/\">CEFORR<\/a><\/span><\/p><p><span style=\"color: #000000;\"><a style=\"color: #000000;\" href=\"https:\/\/www-periodicos-capes-gov-br.ez272.periodicos.capes.gov.br\/\">PER\u00cdODICOS<\/a><\/span><\/p>\t\t\t\t\t\t\t\t<\/div>\n\t\t\t\t<\/div>\n\t\t\t\t\t<\/div>\n\t\t\t\t<\/div>\n\t\t\t\t<\/div>\n\t\t","protected":false},"excerpt":{"rendered":"<p>\u00daltimas not\u00edcias Links Institucionais GOVERNO DE RORAIMA CAPES CEFORR PER\u00cdODICOS<\/p>\n","protected":false},"author":1,"featured_media":0,"parent":0,"menu_order":0,"comment_status":"closed","ping_status":"closed","template":"","meta":{"footnotes":""},"class_list":["post-806","page","type-page","status-publish","hentry"],"_links":{"self":[{"href":"https:\/\/propei.uerr.edu.br\/proffilo\/wp-json\/wp\/v2\/pages\/806","targetHints":{"allow":["GET"]}}],"collection":[{"href":"https:\/\/propei.uerr.edu.br\/proffilo\/wp-json\/wp\/v2\/pages"}],"about":[{"href":"https:\/\/propei.uerr.edu.br\/proffilo\/wp-json\/wp\/v2\/types\/page"}],"author":[{"embeddable":true,"href":"https:\/\/propei.uerr.edu.br\/proffilo\/wp-json\/wp\/v2\/users\/1"}],"replies":[{"embeddable":true,"href":"https:\/\/propei.uerr.edu.br\/proffilo\/wp-json\/wp\/v2\/comments?post=806"}],"version-history":[{"count":7,"href":"https:\/\/propei.uerr.edu.br\/proffilo\/wp-json\/wp\/v2\/pages\/806\/revisions"}],"predecessor-version":[{"id":835,"href":"https:\/\/propei.uerr.edu.br\/proffilo\/wp-json\/wp\/v2\/pages\/806\/revisions\/835"}],"wp:attachment":[{"href":"https:\/\/propei.uerr.edu.br\/proffilo\/wp-json\/wp\/v2\/media?parent=806"}],"curies":[{"name":"wp","href":"https:\/\/api.w.org\/{rel}","templated":true}]}}