{"id":374,"date":"2022-08-29T15:12:40","date_gmt":"2022-08-29T18:12:40","guid":{"rendered":"https:\/\/propei.uerr.edu.br\/proffilo\/?page_id=374"},"modified":"2023-10-02T13:44:40","modified_gmt":"2023-10-02T16:44:40","slug":"legislacao","status":"publish","type":"page","link":"https:\/\/propei.uerr.edu.br\/proffilo\/legislacao\/","title":{"rendered":"Legisla\u00e7\u00e3o"},"content":{"rendered":"\n<p><strong><a href=\"https:\/\/propei.uerr.edu.br\/proffilo\/wp-content\/uploads\/2023\/10\/Resolucao-Criacao-do-PROF-FILO.pdf\">Resolu\u00e7\u00e3o de Cria\u00e7\u00e3o do Curso<\/a><\/strong><\/p>\n\n\n\n<p><strong><a href=\"https:\/\/propei.uerr.edu.br\/proffilo\/wp-content\/uploads\/2023\/10\/Resolucao-Regimento-do-PROF-FILO.pdf\">Regimento Geral<\/a><\/strong><\/p>\n","protected":false},"excerpt":{"rendered":"<p>Resolu\u00e7\u00e3o de Cria\u00e7\u00e3o do Curso Regimento Geral<\/p>\n","protected":false},"author":1,"featured_media":0,"parent":0,"menu_order":0,"comment_status":"closed","ping_status":"closed","template":"","meta":{"footnotes":""},"class_list":["post-374","page","type-page","status-publish","hentry"],"_links":{"self":[{"href":"https:\/\/propei.uerr.edu.br\/proffilo\/wp-json\/wp\/v2\/pages\/374","targetHints":{"allow":["GET"]}}],"collection":[{"href":"https:\/\/propei.uerr.edu.br\/proffilo\/wp-json\/wp\/v2\/pages"}],"about":[{"href":"https:\/\/propei.uerr.edu.br\/proffilo\/wp-json\/wp\/v2\/types\/page"}],"author":[{"embeddable":true,"href":"https:\/\/propei.uerr.edu.br\/proffilo\/wp-json\/wp\/v2\/users\/1"}],"replies":[{"embeddable":true,"href":"https:\/\/propei.uerr.edu.br\/proffilo\/wp-json\/wp\/v2\/comments?post=374"}],"version-history":[{"count":2,"href":"https:\/\/propei.uerr.edu.br\/proffilo\/wp-json\/wp\/v2\/pages\/374\/revisions"}],"predecessor-version":[{"id":731,"href":"https:\/\/propei.uerr.edu.br\/proffilo\/wp-json\/wp\/v2\/pages\/374\/revisions\/731"}],"wp:attachment":[{"href":"https:\/\/propei.uerr.edu.br\/proffilo\/wp-json\/wp\/v2\/media?parent=374"}],"curies":[{"name":"wp","href":"https:\/\/api.w.org\/{rel}","templated":true}]}}