{"id":372,"date":"2022-08-29T15:10:59","date_gmt":"2022-08-29T18:10:59","guid":{"rendered":"https:\/\/propei.uerr.edu.br\/proffilo\/?page_id=372"},"modified":"2022-08-29T15:10:59","modified_gmt":"2022-08-29T18:10:59","slug":"processo-seletivo","status":"publish","type":"page","link":"https:\/\/propei.uerr.edu.br\/proffilo\/processo-seletivo\/","title":{"rendered":"Processo Seletivo"},"content":{"rendered":"\n<p>Ser\u00e3o admitidos como candidatos no PROF-FILO professores de filosofia do ensino m\u00e9dio ou fundamental&nbsp;que estejam em exerc\u00edcio da doc\u00eancia em sala de aula, preferencialmente, em escola da rede p\u00fablica e tenham conclu\u00eddo o curso de gradua\u00e7\u00e3o em filosofia ou \u00e1rea afim.<\/p>\n\n\n\n<p>A admiss\u00e3o no PROF-FILO ser\u00e1 feita mediante aprova\u00e7\u00e3o e classifica\u00e7\u00e3o no processo seletivo, que ser\u00e1 \u00fanico para toda a rede e aplicado em cada um de seus n\u00facleos.<\/p>\n","protected":false},"excerpt":{"rendered":"<p>Ser\u00e3o admitidos como candidatos no PROF-FILO professores de filosofia do ensino m\u00e9dio ou fundamental&nbsp;que estejam em exerc\u00edcio da doc\u00eancia em sala de aula, preferencialmente, em escola da rede p\u00fablica e tenham conclu\u00eddo o curso de gradua\u00e7\u00e3o em filosofia ou \u00e1rea afim. A admiss\u00e3o no PROF-FILO ser\u00e1 feita mediante aprova\u00e7\u00e3o e classifica\u00e7\u00e3o no processo seletivo, que [&hellip;]<\/p>\n","protected":false},"author":1,"featured_media":0,"parent":0,"menu_order":0,"comment_status":"closed","ping_status":"closed","template":"","meta":{"footnotes":""},"class_list":["post-372","page","type-page","status-publish","hentry"],"_links":{"self":[{"href":"https:\/\/propei.uerr.edu.br\/proffilo\/wp-json\/wp\/v2\/pages\/372","targetHints":{"allow":["GET"]}}],"collection":[{"href":"https:\/\/propei.uerr.edu.br\/proffilo\/wp-json\/wp\/v2\/pages"}],"about":[{"href":"https:\/\/propei.uerr.edu.br\/proffilo\/wp-json\/wp\/v2\/types\/page"}],"author":[{"embeddable":true,"href":"https:\/\/propei.uerr.edu.br\/proffilo\/wp-json\/wp\/v2\/users\/1"}],"replies":[{"embeddable":true,"href":"https:\/\/propei.uerr.edu.br\/proffilo\/wp-json\/wp\/v2\/comments?post=372"}],"version-history":[{"count":1,"href":"https:\/\/propei.uerr.edu.br\/proffilo\/wp-json\/wp\/v2\/pages\/372\/revisions"}],"predecessor-version":[{"id":373,"href":"https:\/\/propei.uerr.edu.br\/proffilo\/wp-json\/wp\/v2\/pages\/372\/revisions\/373"}],"wp:attachment":[{"href":"https:\/\/propei.uerr.edu.br\/proffilo\/wp-json\/wp\/v2\/media?parent=372"}],"curies":[{"name":"wp","href":"https:\/\/api.w.org\/{rel}","templated":true}]}}