{"id":370,"date":"2022-08-29T15:09:46","date_gmt":"2022-08-29T18:09:46","guid":{"rendered":"https:\/\/propei.uerr.edu.br\/proffilo\/?page_id=370"},"modified":"2022-08-29T20:33:32","modified_gmt":"2022-08-29T23:33:32","slug":"disciplinas","status":"publish","type":"page","link":"https:\/\/propei.uerr.edu.br\/proffilo\/disciplinas\/","title":{"rendered":"Disciplinas"},"content":{"rendered":"\n<p>Ser\u00e3o ofertadas&nbsp;disciplinas obrigat\u00f3rias e um conjunto de optativas visando a forma\u00e7\u00e3o do estudante e o embasamento te\u00f3rico de seu trabalho de conclus\u00e3o. O curso mant\u00e9m a possibilidade da oferta de algumas disciplinas optativas a dist\u00e2ncia, preferencialmente na modalidade semipresencial.<\/p>\n\n\n\n<p>Al\u00e9m dos cr\u00e9ditos relativos \u00e0 orienta\u00e7\u00e3o da pesquisa, haver\u00e1 a oferta m\u00ednima de oito cr\u00e9ditos de disciplinas por semestre, sendo sugerido para o primeiro semestre a oferta de uma disciplina obrigat\u00f3ria e um semin\u00e1rio e, para o segundo, uma disciplina optativa e um semin\u00e1rio.<\/p>\n\n\n\n<p>A oferta pode ser ampliada, conforme delibera\u00e7\u00f5es da Coordena\u00e7\u00e3o Local.<\/p>\n\n\n\n<p>Dessas disciplinas, apenas a disciplina de Semin\u00e1rio de Pesquisa tem um pr\u00e9-requisito que \u00e9 a disciplina de Semin\u00e1rio de Projeto e ambas, respectivamente, s\u00e3o cursadas sequencialmente no ano de ingresso do estudante no programa. As demais disciplinas n\u00e3o t\u00eam pr\u00e9\u0301-requisitos e poder\u00e3o ser cursadas a qualquer \u00e9poca ao longo dos dois anos de dura\u00e7\u00e3o do curso.<\/p>\n\n\n\n<p>O aluno dever\u00e1 cumprir os cr\u00e9ditos em disciplinas no decorrer dos 24 meses de dura\u00e7\u00e3o do curso, sendo importante que as disciplinas de forma\u00e7\u00e3o n\u00e3o sejam separadas do processo de investiga\u00e7\u00e3o e elabora\u00e7\u00e3o do trabalho de conclus\u00e3o.<\/p>\n\n\n\n<p>Disciplinas Obrigat\u00f3rias:<\/p>\n\n\n\n<p>Filosofia do Ensino de Filosofia<\/p>\n\n\n\n<p>Laborat\u00f3rio de Ensino de Filosofia<\/p>\n\n\n\n<p>Semin\u00e1rio de Projetos<\/p>\n\n\n\n<p>Semin\u00e1rio de Pesquisa<\/p>\n\n\n\n<p>Ement\u00e1rio (<strong><a href=\"\/wp-content\/uploads\/2022\/08\/3_DisciplinasObrigatorias_PROF_FILO.pdf\">BAIXAR AQUI<\/a><\/strong>)<\/p>\n\n\n\n<p>Disciplinas optativas<\/p>\n\n\n\n<p>Filosofia na Sala de Aula<\/p>\n\n\n\n<p>T\u00f3picos Espec\u00edficos de Filosofia e o seu ensino<\/p>\n\n\n\n<p>Pesquisa em Filosofia e o seu Ensino<\/p>\n\n\n\n<p>Hist\u00f3ria do Ensino de Filosofia no Brasil<\/p>\n\n\n\n<p>Elabora\u00e7\u00e3o de Material Did\u00e1tico<\/p>\n\n\n\n<p>Argumenta\u00e7\u00e3o, dial\u00e9tica e ret\u00f3rica<\/p>\n\n\n\n<p>Ement\u00e1rio (<strong><a href=\"\/wp-content\/uploads\/2022\/08\/4_DisciplinasOptativas_PROF_FILO.pdf\">BAIXAR AQUI<\/a><\/strong>)<\/p>\n","protected":false},"excerpt":{"rendered":"<p>Ser\u00e3o ofertadas&nbsp;disciplinas obrigat\u00f3rias e um conjunto de optativas visando a forma\u00e7\u00e3o do estudante e o embasamento te\u00f3rico de seu trabalho de conclus\u00e3o. O curso mant\u00e9m a possibilidade da oferta de algumas disciplinas optativas a dist\u00e2ncia, preferencialmente na modalidade semipresencial. Al\u00e9m dos cr\u00e9ditos relativos \u00e0 orienta\u00e7\u00e3o da pesquisa, haver\u00e1 a oferta m\u00ednima de oito cr\u00e9ditos de [&hellip;]<\/p>\n","protected":false},"author":1,"featured_media":0,"parent":0,"menu_order":0,"comment_status":"closed","ping_status":"closed","template":"","meta":{"footnotes":""},"class_list":["post-370","page","type-page","status-publish","hentry"],"_links":{"self":[{"href":"https:\/\/propei.uerr.edu.br\/proffilo\/wp-json\/wp\/v2\/pages\/370","targetHints":{"allow":["GET"]}}],"collection":[{"href":"https:\/\/propei.uerr.edu.br\/proffilo\/wp-json\/wp\/v2\/pages"}],"about":[{"href":"https:\/\/propei.uerr.edu.br\/proffilo\/wp-json\/wp\/v2\/types\/page"}],"author":[{"embeddable":true,"href":"https:\/\/propei.uerr.edu.br\/proffilo\/wp-json\/wp\/v2\/users\/1"}],"replies":[{"embeddable":true,"href":"https:\/\/propei.uerr.edu.br\/proffilo\/wp-json\/wp\/v2\/comments?post=370"}],"version-history":[{"count":3,"href":"https:\/\/propei.uerr.edu.br\/proffilo\/wp-json\/wp\/v2\/pages\/370\/revisions"}],"predecessor-version":[{"id":423,"href":"https:\/\/propei.uerr.edu.br\/proffilo\/wp-json\/wp\/v2\/pages\/370\/revisions\/423"}],"wp:attachment":[{"href":"https:\/\/propei.uerr.edu.br\/proffilo\/wp-json\/wp\/v2\/media?parent=370"}],"curies":[{"name":"wp","href":"https:\/\/api.w.org\/{rel}","templated":true}]}}