{"id":357,"date":"2022-08-29T14:09:24","date_gmt":"2022-08-29T17:09:24","guid":{"rendered":"https:\/\/propei.uerr.edu.br\/proffilo\/?page_id=357"},"modified":"2022-08-29T14:09:24","modified_gmt":"2022-08-29T17:09:24","slug":"prof-filo-uerr","status":"publish","type":"page","link":"https:\/\/propei.uerr.edu.br\/proffilo\/prof-filo-uerr\/","title":{"rendered":"PROF-FILO UERR"},"content":{"rendered":"\n<p><strong>&nbsp;O Mestrado Profissional em Filosofia (PROF-FILO) da UERR&nbsp;<\/strong>\u00e9&nbsp;<a target=\"_blank\" rel=\"noreferrer noopener\">um programa de p\u00f3s-gradua\u00e7\u00e3o reconhecido pela CAPES (Portaria CAPES n\u00ba 259\/2017) destinado a ofertar curso de mestrado a professores de Filosofia do Ensino B\u00e1sico. Trata-se de um programa em rede com n\u00facleos locais espalhados por diversas regi\u00f5es do Pa\u00eds. A Coordena\u00e7\u00e3o Geral do PROF-FILO est\u00e1 sediada na Universidade Federal do Paran\u00e1 e a UERR se vincula a esta como Institui\u00e7\u00e3o Associada, ofertando localmente (em Boa Vista-RR) toda estrutura f\u00edsica, administrativa e docente necess\u00e1ria para o desenvolvimento do curso.<\/a><\/p>\n\n\n\n<p>&nbsp;&nbsp;&nbsp;&nbsp;&nbsp;&nbsp;&nbsp;&nbsp;&nbsp;&nbsp;&nbsp; A p\u00e1gina da Coordena\u00e7\u00e3o Geral do PROF-FILO pode ser acessada em:&nbsp;<a href=\"http:\/\/www.humanas.ufpr.br\/portal\/prof-filo\/\" target=\"_blank\" rel=\"noreferrer noopener\">http:\/\/www.humanas.ufpr.br\/portal\/prof-filo\/<\/a><\/p>\n\n\n\n<p>&nbsp; &nbsp; &nbsp; &nbsp; &nbsp;O curso tem dura\u00e7\u00e3o de 24 meses e ao final o aluno obter\u00e1 o t\u00edtulo de Mestre em Filosofia. A \u00e1rea de concentra\u00e7\u00e3o do mestrado \u00e9 em Ensino de Filosofia, com duas linhas de pesquisa: \u201cFilosofia e Ensino\u201d e \u201cPr\u00e1tica de Ensino de Filosofia\u201d.<\/p>\n","protected":false},"excerpt":{"rendered":"<p>&nbsp;O Mestrado Profissional em Filosofia (PROF-FILO) da UERR&nbsp;\u00e9&nbsp;um programa de p\u00f3s-gradua\u00e7\u00e3o reconhecido pela CAPES (Portaria CAPES n\u00ba 259\/2017) destinado a ofertar curso de mestrado a professores de Filosofia do Ensino B\u00e1sico. Trata-se de um programa em rede com n\u00facleos locais espalhados por diversas regi\u00f5es do Pa\u00eds. A Coordena\u00e7\u00e3o Geral do PROF-FILO est\u00e1 sediada na Universidade [&hellip;]<\/p>\n","protected":false},"author":1,"featured_media":0,"parent":0,"menu_order":0,"comment_status":"closed","ping_status":"closed","template":"","meta":{"footnotes":""},"class_list":["post-357","page","type-page","status-publish","hentry"],"_links":{"self":[{"href":"https:\/\/propei.uerr.edu.br\/proffilo\/wp-json\/wp\/v2\/pages\/357","targetHints":{"allow":["GET"]}}],"collection":[{"href":"https:\/\/propei.uerr.edu.br\/proffilo\/wp-json\/wp\/v2\/pages"}],"about":[{"href":"https:\/\/propei.uerr.edu.br\/proffilo\/wp-json\/wp\/v2\/types\/page"}],"author":[{"embeddable":true,"href":"https:\/\/propei.uerr.edu.br\/proffilo\/wp-json\/wp\/v2\/users\/1"}],"replies":[{"embeddable":true,"href":"https:\/\/propei.uerr.edu.br\/proffilo\/wp-json\/wp\/v2\/comments?post=357"}],"version-history":[{"count":1,"href":"https:\/\/propei.uerr.edu.br\/proffilo\/wp-json\/wp\/v2\/pages\/357\/revisions"}],"predecessor-version":[{"id":358,"href":"https:\/\/propei.uerr.edu.br\/proffilo\/wp-json\/wp\/v2\/pages\/357\/revisions\/358"}],"wp:attachment":[{"href":"https:\/\/propei.uerr.edu.br\/proffilo\/wp-json\/wp\/v2\/media?parent=357"}],"curies":[{"name":"wp","href":"https:\/\/api.w.org\/{rel}","templated":true}]}}