{"id":935,"date":"2019-05-27T12:35:35","date_gmt":"2019-05-27T15:35:35","guid":{"rendered":"http:\/\/propei.uerr.edu.br\/ppgec\/?page_id=935"},"modified":"2024-05-14T10:43:49","modified_gmt":"2024-05-14T14:43:49","slug":"estagio-de-docencia","status":"publish","type":"page","link":"https:\/\/propei.uerr.edu.br\/ppgec\/estagio-de-docencia\/","title":{"rendered":"Est\u00e1gio de Doc\u00eancia"},"content":{"rendered":"<p style=\"text-align: justify;\"><a href=\"\/ppgec\/wp-content\/uploads\/2019\/05\/Modelo-de-ficha-de-avalia\u00e7\u00e3o-do-supervisor.doc\">Modelo de Ficha de Avalia\u00e7\u00e3o do Supervisor<\/a><\/p>\n<p style=\"text-align: justify;\"><a href=\"\/ppgec\/wp-content\/uploads\/2019\/05\/Modelo-de-relat\u00f3rio-do-Estagio.doc\">Modelo de Relat\u00f3rio do <\/a><a href=\"\/ppgec\/wp-content\/uploads\/2019\/05\/Requerimento-para-estagio.doc\">Est\u00e1gio<\/a><\/p>\n<p style=\"text-align: justify;\"><a href=\"https:\/\/propei.uerr.edu.br\/ppgec\/wp-content\/uploads\/2021\/07\/Requerimento-para-estagio-1.doc\">Requerimento para Est\u00e1gio de Doc\u00eancia\u00a0<\/a><\/p>\n","protected":false},"excerpt":{"rendered":"<p>Modelo de Ficha de Avalia\u00e7\u00e3o do Supervisor Modelo de Relat\u00f3rio do Est\u00e1gio Requerimento para Est\u00e1gio de Doc\u00eancia\u00a0<\/p>\n","protected":false},"author":1,"featured_media":0,"parent":0,"menu_order":0,"comment_status":"closed","ping_status":"closed","template":"","meta":{"footnotes":""},"class_list":["post-935","page","type-page","status-publish","hentry"],"_links":{"self":[{"href":"https:\/\/propei.uerr.edu.br\/ppgec\/wp-json\/wp\/v2\/pages\/935","targetHints":{"allow":["GET"]}}],"collection":[{"href":"https:\/\/propei.uerr.edu.br\/ppgec\/wp-json\/wp\/v2\/pages"}],"about":[{"href":"https:\/\/propei.uerr.edu.br\/ppgec\/wp-json\/wp\/v2\/types\/page"}],"author":[{"embeddable":true,"href":"https:\/\/propei.uerr.edu.br\/ppgec\/wp-json\/wp\/v2\/users\/1"}],"replies":[{"embeddable":true,"href":"https:\/\/propei.uerr.edu.br\/ppgec\/wp-json\/wp\/v2\/comments?post=935"}],"version-history":[{"count":7,"href":"https:\/\/propei.uerr.edu.br\/ppgec\/wp-json\/wp\/v2\/pages\/935\/revisions"}],"predecessor-version":[{"id":3102,"href":"https:\/\/propei.uerr.edu.br\/ppgec\/wp-json\/wp\/v2\/pages\/935\/revisions\/3102"}],"wp:attachment":[{"href":"https:\/\/propei.uerr.edu.br\/ppgec\/wp-json\/wp\/v2\/media?parent=935"}],"curies":[{"name":"wp","href":"https:\/\/api.w.org\/{rel}","templated":true}]}}