{"id":63,"date":"2015-08-04T12:12:47","date_gmt":"2015-08-04T12:12:47","guid":{"rendered":"http:\/\/propei.uerr.edu.br\/ppgec\/?page_id=51"},"modified":"2025-04-29T08:54:57","modified_gmt":"2025-04-29T12:54:57","slug":"contato","status":"publish","type":"page","link":"https:\/\/propei.uerr.edu.br\/ppgec\/contato\/","title":{"rendered":"Contato"},"content":{"rendered":"<p><strong>Coordena\u00e7\u00e3o do Programa de P\u00f3s-gradua\u00e7\u00e3o em Ensino de Ci\u00eancias e Matem\u00e1tica<\/strong><\/p>\n<p>Informa\u00e7\u00f5es e-mail: <strong>ppgec@uerr.edu.br<\/strong><\/p>\n<ul>\n<li>Coordenador do <em>PPGEC<\/em>:<\/li>\n<\/ul>\n<p><strong>Prof\u00ba DSc. Rodrigo Leonardo Costa de Oliveira<\/strong><\/p>\n<p>&nbsp;<\/p>\n<p>&nbsp;<\/p>\n","protected":false},"excerpt":{"rendered":"<p>Coordena\u00e7\u00e3o do Programa de P\u00f3s-gradua\u00e7\u00e3o em Ensino de Ci\u00eancias e Matem\u00e1tica Informa\u00e7\u00f5es e-mail: ppgec@uerr.edu.br Coordenador do PPGEC: Prof\u00ba DSc. Rodrigo Leonardo Costa de Oliveira &nbsp; &nbsp;<\/p>\n","protected":false},"author":1,"featured_media":0,"parent":0,"menu_order":0,"comment_status":"open","ping_status":"open","template":"","meta":{"footnotes":""},"class_list":["post-63","page","type-page","status-publish","hentry"],"_links":{"self":[{"href":"https:\/\/propei.uerr.edu.br\/ppgec\/wp-json\/wp\/v2\/pages\/63","targetHints":{"allow":["GET"]}}],"collection":[{"href":"https:\/\/propei.uerr.edu.br\/ppgec\/wp-json\/wp\/v2\/pages"}],"about":[{"href":"https:\/\/propei.uerr.edu.br\/ppgec\/wp-json\/wp\/v2\/types\/page"}],"author":[{"embeddable":true,"href":"https:\/\/propei.uerr.edu.br\/ppgec\/wp-json\/wp\/v2\/users\/1"}],"replies":[{"embeddable":true,"href":"https:\/\/propei.uerr.edu.br\/ppgec\/wp-json\/wp\/v2\/comments?post=63"}],"version-history":[{"count":27,"href":"https:\/\/propei.uerr.edu.br\/ppgec\/wp-json\/wp\/v2\/pages\/63\/revisions"}],"predecessor-version":[{"id":3604,"href":"https:\/\/propei.uerr.edu.br\/ppgec\/wp-json\/wp\/v2\/pages\/63\/revisions\/3604"}],"wp:attachment":[{"href":"https:\/\/propei.uerr.edu.br\/ppgec\/wp-json\/wp\/v2\/media?parent=63"}],"curies":[{"name":"wp","href":"https:\/\/api.w.org\/{rel}","templated":true}]}}