{"id":61,"date":"2015-07-17T15:52:19","date_gmt":"2015-07-17T15:52:19","guid":{"rendered":"http:\/\/propei.uerr.edu.br\/ppgec\/?page_id=34"},"modified":"2025-05-05T11:23:11","modified_gmt":"2025-05-05T15:23:11","slug":"downloads","status":"publish","type":"page","link":"https:\/\/propei.uerr.edu.br\/ppgec\/downloads\/","title":{"rendered":"Downloads"},"content":{"rendered":"<p style=\"text-align: center;\"><strong>Arquivos dispon\u00edveis para Downloads do Mestrado Profissional em Ensino de Ci\u00eancias e Matem\u00e1tica &#8211; PPGEC<\/strong><\/p>\n<p style=\"text-align: justify;\">Requerimento &#8211; Diversos: <a href=\"https:\/\/propei.uerr.edu.br\/ppgec\/wp-content\/uploads\/2020\/09\/REQUERIMENTO-\u2013-ASSUNTOS-DIVERSOS.doc\" target=\"_blank\" rel=\"noopener\">Clique aqui!<\/a><br \/>\nModelo de memorando para solicita\u00e7\u00e3o de qualifica\u00e7\u00e3o ou defesa:<a href=\"https:\/\/propei.uerr.edu.br\/ppgec\/wp-content\/uploads\/2019\/10\/MODELO-DE-SOLICITA\u00c7\u00c3O-DE-QUALIFICA\u00c7\u00c3O-OU-DEFESA.doc\"> Clique aqui!<\/a><br \/>\nChecklist para Conclus\u00e3o do Mestrado: <a href=\"https:\/\/propei.uerr.edu.br\/ppgec\/wp-content\/uploads\/2025\/04\/Novo-Checlist-1-1.pdf\">Clique aqui!<\/a><br \/>\nDados do Produto Educacional &#8211; PPGEC: <a href=\"https:\/\/propei.uerr.edu.br\/ppgec\/wp-content\/uploads\/2020\/12\/Dados-do-Produto-Educacional-PPGEC.doc\">Clique aqui!<\/a><br \/>\nModelo de Disserta\u00e7\u00e3o: <a href=\"https:\/\/propei.uerr.edu.br\/ppgec\/wp-content\/uploads\/2024\/12\/Modelo-para-Dissertacao-do-PPGEC.docx\">Clique aqui!<\/a><br \/>\nModelo de Qualifica\u00e7\u00e3o: <a href=\"https:\/\/docs.google.com\/document\/d\/1rG_DltxIMJmXng0ap5xEuSOdS1x3bQv7\/edit?usp=drive_link&amp;ouid=103809592731729052813&amp;rtpof=true&amp;sd=true\">Clique aqui!<\/a><br \/>\nTermo de Autoriza\u00e7\u00e3o para Publica\u00e7\u00e3o Eletr\u00f4nica: <a href=\"https:\/\/propei.uerr.edu.br\/ppgec\/wp-content\/uploads\/2019\/05\/Termo-de-Autoriza\u00e7\u00e3o-para-Publica\u00e7\u00e3o-Eletr\u00f4nica.pdf\">Clique aqui!<\/a><br \/>\nAnexo I, Anexo II, Anexo III &#8211; Atividades Complementares: <a href=\"https:\/\/propei.uerr.edu.br\/ppgec\/wp-content\/uploads\/2025\/04\/Novo-Checlist.pdf\">Clique aqui<\/a><br \/>\nFormul\u00e1rio de Matr\u00edcula: <a href=\"https:\/\/propei.uerr.edu.br\/ppgec\/wp-content\/uploads\/2019\/04\/FORMUL\u00c1RIO-DE-MATR\u00cdCULA.doc\">Clique aqui!<\/a><br \/>\nBiblioteca do PPGEC: <a href=\"http:\/\/propei.uerr.edu.br\/ppgec\/wp-content\/uploads\/2015\/07\/Biblioteca.pdf\" target=\"_blank\" rel=\"noopener\">Clique aqui!<\/a><br \/>\nLogos do PPGEC: <a href=\"https:\/\/propei.uerr.edu.br\/ppgec\/wp-content\/uploads\/2019\/07\/ppgec-logo.v.1.0.png\">Clique aqui!\u00a0\u00a0<\/a><\/p>\n<p style=\"text-align: justify;\">Diretrizes para entrega de Disserta\u00e7\u00f5es e Teses: <a href=\"https:\/\/propei.uerr.edu.br\/ppgec\/wp-content\/uploads\/2024\/08\/Resoluc\u0327a\u0303o-07-22-envio-TCC.pdf\">Clique aqui!<\/a><\/p>\n<p style=\"text-align: justify;\">Modelo de Carta de Aceite: <a href=\"https:\/\/propei.uerr.edu.br\/ppgec\/wp-content\/uploads\/2023\/07\/carta-de-aceite-2023-1-modelo.docx\">Clique aqui!<\/a><\/p>\n<p style=\"text-align: justify;\">Requerimento &#8211; Est\u00e1gio: <a href=\"https:\/\/propei.uerr.edu.br\/ppgec\/wp-content\/uploads\/2024\/08\/Modelo-de-Requerimento-para-estagio.pdf\">Clique aqui!\u00a0<\/a><\/p>\n<p>&nbsp;<\/p>\n<p style=\"text-align: right;\">\u21d2 E-mail: <strong>ppgec@uerr.edu.br<\/strong><\/p>\n","protected":false},"excerpt":{"rendered":"<p>Arquivos dispon\u00edveis para Downloads do Mestrado Profissional em Ensino de Ci\u00eancias e Matem\u00e1tica &#8211; PPGEC Requerimento &#8211; Diversos: Clique aqui! Modelo de memorando para solicita\u00e7\u00e3o de qualifica\u00e7\u00e3o ou defesa: Clique aqui! Checklist para Conclus\u00e3o do Mestrado: Clique aqui! Dados do Produto Educacional &#8211; PPGEC: Clique aqui! Modelo de Disserta\u00e7\u00e3o: Clique aqui! Modelo de Qualifica\u00e7\u00e3o: Clique [&hellip;]<\/p>\n","protected":false},"author":1,"featured_media":0,"parent":0,"menu_order":0,"comment_status":"open","ping_status":"open","template":"","meta":{"footnotes":""},"class_list":["post-61","page","type-page","status-publish","hentry"],"_links":{"self":[{"href":"https:\/\/propei.uerr.edu.br\/ppgec\/wp-json\/wp\/v2\/pages\/61","targetHints":{"allow":["GET"]}}],"collection":[{"href":"https:\/\/propei.uerr.edu.br\/ppgec\/wp-json\/wp\/v2\/pages"}],"about":[{"href":"https:\/\/propei.uerr.edu.br\/ppgec\/wp-json\/wp\/v2\/types\/page"}],"author":[{"embeddable":true,"href":"https:\/\/propei.uerr.edu.br\/ppgec\/wp-json\/wp\/v2\/users\/1"}],"replies":[{"embeddable":true,"href":"https:\/\/propei.uerr.edu.br\/ppgec\/wp-json\/wp\/v2\/comments?post=61"}],"version-history":[{"count":84,"href":"https:\/\/propei.uerr.edu.br\/ppgec\/wp-json\/wp\/v2\/pages\/61\/revisions"}],"predecessor-version":[{"id":3616,"href":"https:\/\/propei.uerr.edu.br\/ppgec\/wp-json\/wp\/v2\/pages\/61\/revisions\/3616"}],"wp:attachment":[{"href":"https:\/\/propei.uerr.edu.br\/ppgec\/wp-json\/wp\/v2\/media?parent=61"}],"curies":[{"name":"wp","href":"https:\/\/api.w.org\/{rel}","templated":true}]}}