{"id":3786,"date":"2025-11-17T11:06:48","date_gmt":"2025-11-17T15:06:48","guid":{"rendered":"https:\/\/propei.uerr.edu.br\/ppgec\/?page_id=3786"},"modified":"2025-11-17T11:31:35","modified_gmt":"2025-11-17T15:31:35","slug":"home","status":"publish","type":"page","link":"https:\/\/propei.uerr.edu.br\/ppgec\/","title":{"rendered":"Home"},"content":{"rendered":"\t\t<div data-elementor-type=\"wp-page\" data-elementor-id=\"3786\" class=\"elementor elementor-3786\" data-elementor-post-type=\"page\">\n\t\t\t\t<div class=\"elementor-element elementor-element-9dc4762 e-flex e-con-boxed e-con e-parent\" data-id=\"9dc4762\" data-element_type=\"container\" data-e-type=\"container\">\n\t\t\t\t\t<div class=\"e-con-inner\">\n\t\t<div class=\"elementor-element elementor-element-cac7dd5 e-con-full e-flex e-con e-child\" data-id=\"cac7dd5\" data-element_type=\"container\" data-e-type=\"container\">\n\t\t\t\t<div class=\"elementor-element elementor-element-39fe44d elementor-widget elementor-widget-heading\" data-id=\"39fe44d\" data-element_type=\"widget\" data-e-type=\"widget\" data-widget_type=\"heading.default\">\n\t\t\t\t\t<h4 class=\"elementor-heading-title elementor-size-default\">\u00daltimas not\u00edcias<\/h4>\t\t\t\t<\/div>\n\t\t\t\t<div class=\"elementor-element elementor-element-ebb30c3 elementor-grid-1 elementor-posts--thumbnail-none elementor-posts--align-left elementor-grid-tablet-2 elementor-grid-mobile-1 elementor-card-shadow-yes elementor-posts__hover-gradient elementor-widget elementor-widget-posts\" data-id=\"ebb30c3\" data-element_type=\"widget\" data-e-type=\"widget\" data-settings=\"{&quot;cards_columns&quot;:&quot;1&quot;,&quot;cards_row_gap&quot;:{&quot;unit&quot;:&quot;px&quot;,&quot;size&quot;:10,&quot;sizes&quot;:[]},&quot;pagination_type&quot;:&quot;numbers_and_prev_next&quot;,&quot;cards_columns_tablet&quot;:&quot;2&quot;,&quot;cards_columns_mobile&quot;:&quot;1&quot;,&quot;cards_row_gap_tablet&quot;:{&quot;unit&quot;:&quot;px&quot;,&quot;size&quot;:&quot;&quot;,&quot;sizes&quot;:[]},&quot;cards_row_gap_mobile&quot;:{&quot;unit&quot;:&quot;px&quot;,&quot;size&quot;:&quot;&quot;,&quot;sizes&quot;:[]}}\" data-widget_type=\"posts.cards\">\n\t\t\t\t<div class=\"elementor-widget-container\">\n\t\t\t\t\t\t\t<div class=\"elementor-posts-container elementor-posts elementor-posts--skin-cards elementor-grid\" role=\"list\">\n\t\t\t\t<article class=\"elementor-post elementor-grid-item post-3935 post type-post status-publish format-standard hentry category-sobre\" role=\"listitem\">\n\t\t\t<div class=\"elementor-post__card\">\n\t\t\t\t<div class=\"elementor-post__text\">\n\t\t\t\t<h3 class=\"elementor-post__title\">\n\t\t\t<a href=\"https:\/\/propei.uerr.edu.br\/ppgec\/2026\/02\/05\/3935\/\" >\n\t\t\t\tMATR\u00cdCULA 2026.1- PPGEC\t\t\t<\/a>\n\t\t<\/h3>\n\t\t\t\t<div class=\"elementor-post__excerpt\">\n\t\t\t<p>EDITAL de Matr\u00edcula 2026.1 &#8211; Novos alunos e Veteranos &#8211; PPGEC<\/p>\n\t\t<\/div>\n\t\t\n\t\t<a class=\"elementor-post__read-more\" href=\"https:\/\/propei.uerr.edu.br\/ppgec\/2026\/02\/05\/3935\/\" aria-label=\"Read more about MATR\u00cdCULA 2026.1- PPGEC\" tabindex=\"-1\" >\n\t\t\tContinue Lendo &gt;&gt;\t\t<\/a>\n\n\t\t\t\t<\/div>\n\t\t\t\t<div class=\"elementor-post__meta-data\">\n\t\t\t\t\t<span class=\"elementor-post-date\">\n\t\t\t5 de fevereiro de 2026\t\t<\/span>\n\t\t\t\t<\/div>\n\t\t\t\t\t<\/div>\n\t\t<\/article>\n\t\t\t\t<article class=\"elementor-post elementor-grid-item post-3904 post type-post status-publish format-standard hentry category-sobre\" role=\"listitem\">\n\t\t\t<div class=\"elementor-post__card\">\n\t\t\t\t<div class=\"elementor-post__text\">\n\t\t\t\t<h3 class=\"elementor-post__title\">\n\t\t\t<a href=\"https:\/\/propei.uerr.edu.br\/ppgec\/2026\/01\/21\/palestra-sobre-as-fitofisionimias-da-savana-de-roraima-no-mirr\/\" >\n\t\t\t\tPalestra sobre as Fitofisionimias da Savana de Roraima no MIRR\t\t\t<\/a>\n\t\t<\/h3>\n\t\t\t\t<div class=\"elementor-post__excerpt\">\n\t\t\t<p>&nbsp; A professora Mestre, egressa do Programa de P\u00f3s Gradua\u00e7\u00e3o em Ensino de Ci\u00eancias e Matem\u00e1tica &#8211; Mestrado Profissional da<\/p>\n\t\t<\/div>\n\t\t\n\t\t<a class=\"elementor-post__read-more\" href=\"https:\/\/propei.uerr.edu.br\/ppgec\/2026\/01\/21\/palestra-sobre-as-fitofisionimias-da-savana-de-roraima-no-mirr\/\" aria-label=\"Read more about Palestra sobre as Fitofisionimias da Savana de Roraima no MIRR\" tabindex=\"-1\" >\n\t\t\tContinue Lendo &gt;&gt;\t\t<\/a>\n\n\t\t\t\t<\/div>\n\t\t\t\t<div class=\"elementor-post__meta-data\">\n\t\t\t\t\t<span class=\"elementor-post-date\">\n\t\t\t21 de janeiro de 2026\t\t<\/span>\n\t\t\t\t<\/div>\n\t\t\t\t\t<\/div>\n\t\t<\/article>\n\t\t\t\t<article class=\"elementor-post elementor-grid-item post-3899 post type-post status-publish format-standard hentry category-sobre\" role=\"listitem\">\n\t\t\t<div class=\"elementor-post__card\">\n\t\t\t\t<div class=\"elementor-post__text\">\n\t\t\t\t<h3 class=\"elementor-post__title\">\n\t\t\t<a href=\"https:\/\/propei.uerr.edu.br\/ppgec\/2026\/01\/16\/cronograma-de-aula-veteranos-e-turma-2026\/\" >\n\t\t\t\tCronograma de Aula &#8211; Veteranos e Turma 2026\t\t\t<\/a>\n\t\t<\/h3>\n\t\t\t\t<div class=\"elementor-post__excerpt\">\n\t\t\t<p>Acesse:\u00a0 \u00a02026 &#8211; PPGEC cronograma de aula<\/p>\n\t\t<\/div>\n\t\t\n\t\t<a class=\"elementor-post__read-more\" href=\"https:\/\/propei.uerr.edu.br\/ppgec\/2026\/01\/16\/cronograma-de-aula-veteranos-e-turma-2026\/\" aria-label=\"Read more about Cronograma de Aula &#8211; Veteranos e Turma 2026\" tabindex=\"-1\" >\n\t\t\tContinue Lendo &gt;&gt;\t\t<\/a>\n\n\t\t\t\t<\/div>\n\t\t\t\t<div class=\"elementor-post__meta-data\">\n\t\t\t\t\t<span class=\"elementor-post-date\">\n\t\t\t16 de janeiro de 2026\t\t<\/span>\n\t\t\t\t<\/div>\n\t\t\t\t\t<\/div>\n\t\t<\/article>\n\t\t\t\t<article class=\"elementor-post elementor-grid-item post-3889 post type-post status-publish format-standard hentry category-sobre\" role=\"listitem\">\n\t\t\t<div class=\"elementor-post__card\">\n\t\t\t\t<div class=\"elementor-post__text\">\n\t\t\t\t<h3 class=\"elementor-post__title\">\n\t\t\t<a href=\"https:\/\/propei.uerr.edu.br\/ppgec\/2026\/01\/14\/3889\/\" >\n\t\t\t\tAvalia\u00e7\u00e3o &#8211; CAPES &#8211; Mestrado Profissional em Ensino de Ci\u00eancias e Matem\u00e1tica-PPGEC\t\t\t<\/a>\n\t\t<\/h3>\n\t\t\t\t<div class=\"elementor-post__excerpt\">\n\t\t\t\t\t<\/div>\n\t\t\n\t\t<a class=\"elementor-post__read-more\" href=\"https:\/\/propei.uerr.edu.br\/ppgec\/2026\/01\/14\/3889\/\" aria-label=\"Read more about Avalia\u00e7\u00e3o &#8211; CAPES &#8211; Mestrado Profissional em Ensino de Ci\u00eancias e Matem\u00e1tica-PPGEC\" tabindex=\"-1\" >\n\t\t\tContinue Lendo &gt;&gt;\t\t<\/a>\n\n\t\t\t\t<\/div>\n\t\t\t\t<div class=\"elementor-post__meta-data\">\n\t\t\t\t\t<span class=\"elementor-post-date\">\n\t\t\t14 de janeiro de 2026\t\t<\/span>\n\t\t\t\t<\/div>\n\t\t\t\t\t<\/div>\n\t\t<\/article>\n\t\t\t\t<article class=\"elementor-post elementor-grid-item post-3879 post type-post status-publish format-standard hentry category-sobre\" role=\"listitem\">\n\t\t\t<div class=\"elementor-post__card\">\n\t\t\t\t<div class=\"elementor-post__text\">\n\t\t\t\t<h3 class=\"elementor-post__title\">\n\t\t\t<a href=\"https:\/\/propei.uerr.edu.br\/ppgec\/2025\/11\/19\/resultado-final-do-processo-seletivo-para-novos-alunos-turma-2026\/\" >\n\t\t\t\tResultado Final do Processo Seletivo para novos alunos \u2013 Turma 2026\t\t\t<\/a>\n\t\t<\/h3>\n\t\t\t\t<div class=\"elementor-post__excerpt\">\n\t\t\t<p>Veja na aba\u00a0Processo de sele\u00e7\u00e3o<\/p>\n\t\t<\/div>\n\t\t\n\t\t<a class=\"elementor-post__read-more\" href=\"https:\/\/propei.uerr.edu.br\/ppgec\/2025\/11\/19\/resultado-final-do-processo-seletivo-para-novos-alunos-turma-2026\/\" aria-label=\"Read more about Resultado Final do Processo Seletivo para novos alunos \u2013 Turma 2026\" tabindex=\"-1\" >\n\t\t\tContinue Lendo &gt;&gt;\t\t<\/a>\n\n\t\t\t\t<\/div>\n\t\t\t\t<div class=\"elementor-post__meta-data\">\n\t\t\t\t\t<span class=\"elementor-post-date\">\n\t\t\t19 de novembro de 2025\t\t<\/span>\n\t\t\t\t<\/div>\n\t\t\t\t\t<\/div>\n\t\t<\/article>\n\t\t\t\t<\/div>\n\t\t\n\t\t\t\t<div class=\"e-load-more-anchor\" data-page=\"1\" data-max-page=\"25\" data-next-page=\"https:\/\/propei.uerr.edu.br\/ppgec\/wp-json\/wp\/v2\/pages\/3786\/page\/2\/\"><\/div>\n\t\t\t\t<nav class=\"elementor-pagination\" aria-label=\"Pagination\">\n\t\t\t<span class=\"page-numbers prev\">&laquo; Previous<\/span>\n<span aria-current=\"page\" class=\"page-numbers current\"><span class=\"elementor-screen-only\">Page<\/span>1<\/span>\n<a class=\"page-numbers\" href=\"https:\/\/propei.uerr.edu.br\/ppgec\/wp-json\/wp\/v2\/pages\/3786\/page\/2\/\"><span class=\"elementor-screen-only\">Page<\/span>2<\/a>\n<a class=\"page-numbers\" href=\"https:\/\/propei.uerr.edu.br\/ppgec\/wp-json\/wp\/v2\/pages\/3786\/page\/3\/\"><span class=\"elementor-screen-only\">Page<\/span>3<\/a>\n<span class=\"page-numbers dots\">&hellip;<\/span>\n<a class=\"page-numbers\" href=\"https:\/\/propei.uerr.edu.br\/ppgec\/wp-json\/wp\/v2\/pages\/3786\/page\/25\/\"><span class=\"elementor-screen-only\">Page<\/span>25<\/a>\n<a class=\"page-numbers next\" href=\"https:\/\/propei.uerr.edu.br\/ppgec\/wp-json\/wp\/v2\/pages\/3786\/page\/2\/\">Next &raquo;<\/a>\t\t<\/nav>\n\t\t\t\t\t\t<\/div>\n\t\t\t\t<\/div>\n\t\t\t\t<\/div>\n\t\t<div class=\"elementor-element elementor-element-e1e8146 e-con-full elementor-hidden-tablet elementor-hidden-mobile e-flex e-con e-child\" data-id=\"e1e8146\" data-element_type=\"container\" data-e-type=\"container\">\n\t\t\t\t<div class=\"elementor-element elementor-element-46a0169 elementor-widget elementor-widget-heading\" data-id=\"46a0169\" data-element_type=\"widget\" data-e-type=\"widget\" data-widget_type=\"heading.default\">\n\t\t\t\t\t<h4 class=\"elementor-heading-title elementor-size-default\">Links Institucionais<\/h4>\t\t\t\t<\/div>\n\t\t\t\t<div class=\"elementor-element elementor-element-2a107f1 elementor-widget elementor-widget-text-editor\" data-id=\"2a107f1\" data-element_type=\"widget\" data-e-type=\"widget\" data-widget_type=\"text-editor.default\">\n\t\t\t\t\t\t\t\t\t<p><a href=\"https:\/\/www.rr.gov.br\/site\"><span style=\"color: #000000;\">GOVERNO DE RORAIMA<\/span><\/a><\/p><p><a href=\"https:\/\/www.gov.br\/capes\/pt-br\"><span style=\"color: #000000;\">CAPES<\/span><\/a><\/p><p><a href=\"https:\/\/www.gov.br\/cnpq\/pt-br\"><span style=\"color: #000000;\">CNPq<\/span><\/a><\/p><p><a href=\"https:\/\/www-periodicos-capes-gov-br.ez272.periodicos.capes.gov.br\/\"><span style=\"color: #000000;\">PERI\u00d3DICOS<\/span><\/a><\/p><p><a href=\"https:\/\/www.abrapec.org\/\"><span style=\"color: #000000;\">ABRAPEC<\/span><\/a><\/p>\t\t\t\t\t\t\t\t<\/div>\n\t\t\t\t<div class=\"elementor-element elementor-element-01d89cb elementor-widget elementor-widget-heading\" data-id=\"01d89cb\" data-element_type=\"widget\" data-e-type=\"widget\" data-widget_type=\"heading.default\">\n\t\t\t\t\t<h4 class=\"elementor-heading-title elementor-size-default\">Downloads<\/h4>\t\t\t\t<\/div>\n\t\t\t\t<div class=\"elementor-element elementor-element-20e2a55 elementor-widget elementor-widget-text-editor\" data-id=\"20e2a55\" data-element_type=\"widget\" data-e-type=\"widget\" data-widget_type=\"text-editor.default\">\n\t\t\t\t\t\t\t\t\t<p><a href=\"https:\/\/testes.propei.uerr.edu.br\/ppgec\/wp-content\/uploads\/2015\/07\/Biblioteca.pdf\"><span style=\"color: #000000;\">BIBLIOTECA DO PPGEC<\/span><\/a><\/p><p><a href=\"https:\/\/www.uerr.edu.br\/ppgec\/wp-content\/uploads\/2019\/05\/Termo-de-Autoriza%C3%A7%C3%A3o-para-Publica%C3%A7%C3%A3o-Eletr%C3%B4nica.pdf\"><span style=\"color: #000000;\">TERMO DE AUTORIZA\u00c7\u00c3O PARA PUBLICA\u00c7\u00c3O ELETR\u00d4NICA<\/span><\/a><\/p><p>\u00a0<\/p>\t\t\t\t\t\t\t\t<\/div>\n\t\t\t\t<\/div>\n\t\t\t\t\t<\/div>\n\t\t\t\t<\/div>\n\t\t\t\t<\/div>\n\t\t","protected":false},"excerpt":{"rendered":"<p>\u00daltimas not\u00edcias Links Institucionais GOVERNO DE RORAIMA CAPES CNPq PERI\u00d3DICOS ABRAPEC Downloads BIBLIOTECA DO PPGEC TERMO DE AUTORIZA\u00c7\u00c3O PARA PUBLICA\u00c7\u00c3O ELETR\u00d4NICA \u00a0<\/p>\n","protected":false},"author":1,"featured_media":0,"parent":0,"menu_order":0,"comment_status":"closed","ping_status":"closed","template":"","meta":{"footnotes":""},"class_list":["post-3786","page","type-page","status-publish","hentry"],"_links":{"self":[{"href":"https:\/\/propei.uerr.edu.br\/ppgec\/wp-json\/wp\/v2\/pages\/3786","targetHints":{"allow":["GET"]}}],"collection":[{"href":"https:\/\/propei.uerr.edu.br\/ppgec\/wp-json\/wp\/v2\/pages"}],"about":[{"href":"https:\/\/propei.uerr.edu.br\/ppgec\/wp-json\/wp\/v2\/types\/page"}],"author":[{"embeddable":true,"href":"https:\/\/propei.uerr.edu.br\/ppgec\/wp-json\/wp\/v2\/users\/1"}],"replies":[{"embeddable":true,"href":"https:\/\/propei.uerr.edu.br\/ppgec\/wp-json\/wp\/v2\/comments?post=3786"}],"version-history":[{"count":10,"href":"https:\/\/propei.uerr.edu.br\/ppgec\/wp-json\/wp\/v2\/pages\/3786\/revisions"}],"predecessor-version":[{"id":3847,"href":"https:\/\/propei.uerr.edu.br\/ppgec\/wp-json\/wp\/v2\/pages\/3786\/revisions\/3847"}],"wp:attachment":[{"href":"https:\/\/propei.uerr.edu.br\/ppgec\/wp-json\/wp\/v2\/media?parent=3786"}],"curies":[{"name":"wp","href":"https:\/\/api.w.org\/{rel}","templated":true}]}}