{"id":248,"date":"2017-05-02T12:04:52","date_gmt":"2017-05-02T15:04:52","guid":{"rendered":"http:\/\/abraaobatista.com\/ppgec\/?page_id=248"},"modified":"2024-10-14T11:20:23","modified_gmt":"2024-10-14T15:20:23","slug":"linhas-de-pesquisa","status":"publish","type":"page","link":"https:\/\/propei.uerr.edu.br\/ppgec\/linhas-de-pesquisa\/","title":{"rendered":"Linhas de Pesquisa"},"content":{"rendered":"<p style=\"text-align: justify;\"><strong>Linha de Pesquisa 1: M\u00e9todos Pedag\u00f3gicos e Tecnologias Digitais no Ensino de Ci\u00eancias e Matem\u00e1tica<\/strong><\/p>\n<p style=\"text-align: justify;\">Pesquisar e analisar modalidades de ensino, pr\u00e1ticas educativas e o papel da media\u00e7\u00e3o pedag\u00f3gica voltada \u00e0 postura do professor frente ao pensamento cient\u00edfico. Investigar estrat\u00e9gias did\u00e1tico-metodol\u00f3gicas relativas ao papel da experimenta\u00e7\u00e3o, valorizando os conte\u00fados, a constru\u00e7\u00e3o da rela\u00e7\u00e3o ensino-aprendizagem e vivenciar a a\u00e7\u00e3o da ci\u00eancia. Elaborar e validar sess\u00f5es did\u00e1ticas que estimulem o car\u00e1ter investigativo e a autonomia do aluno durante o processo de constru\u00e7\u00e3o do conhecimento. Desenvolver metodologias did\u00e1ticas que utilizem tecnologias digitais no ensino de Ci\u00eancias. Promover a integra\u00e7\u00e3o entre laborat\u00f3rios de inform\u00e1tica e o ensino de Ci\u00eancias e matem\u00e1tica. Analisar metodologias, media\u00e7\u00f5es e t\u00e9cnicas para se estabelecer uma utiliza\u00e7\u00e3o adequada das tecnologias digitais como instrumentos voltados para aux\u00edlio da constru\u00e7\u00e3o do processo de ensino e aprendizagem de Ci\u00eancias.<\/p>\n<p style=\"text-align: justify;\"><em><strong>Corpo docente que participa dessa linha:<\/strong><\/em><\/p>\n<p>Enia Maria Ferst<br \/>\nHector Jos\u00e9 Garcia<br \/>\nJosimara Cristina de Carvalho Oliveira<br \/>\nJuliane Marques de Souza<br \/>\nIvanise Maria Rizzatti<br \/>\nPatr\u00edcia Macedo de Castro<br \/>\nR\u00e9gia Chacon Pessoa Lima<br \/>\nRossiter Ambr\u00f3sio dos Santos<br \/>\nSolange Mussato<br \/>\nWender Ant\u00f4nio da Silva<\/p>\n<p>&nbsp;<\/p>\n<p style=\"text-align: justify;\"><strong>Linha de Pesquisa 2: Espa\u00e7os n\u00e3o-formais e a Divulga\u00e7\u00e3o Cient\u00edfica no Ensino de Ci\u00eancias e Matem\u00e1tica<\/strong><\/p>\n<p style=\"text-align: justify;\">Investigar, analisar e avaliar como diferentes espa\u00e7os formais ou n\u00e3o-formais (salas de aula, laborat\u00f3rios, centros e museus de ci\u00eancia, mostras cient\u00edficas e tecnol\u00f3gicas, teatro, artes, jornalismo cient\u00edfico, feiras de ci\u00eancias, entre outros) podem influenciar no ensino e aprendizagem do conhecimento cient\u00edfico. Explorar alternativas de ensinar e aprender ci\u00eancias em espa\u00e7os n\u00e3o-formais estimulando o interesse e a motiva\u00e7\u00e3o de professores e alunos na busca da forma\u00e7\u00e3o e constru\u00e7\u00e3o da cidadania nas Ci\u00eancias. Cria\u00e7\u00e3o e utiliza\u00e7\u00e3o de espa\u00e7os e recursos de divulga\u00e7\u00e3o cient\u00edfica no ensino de Ci\u00eancias e Matem\u00e1tica.<\/p>\n<p style=\"text-align: justify;\"><em><strong>Corpo docente que participa dessa linha:<\/strong><\/em><\/p>\n<p style=\"text-align: justify;\">Elena Campo Fioretti\u00a0 \u00a0 \u00a0 \u00a0 \u00a0 \u00a0 \u00a0 \u00a0 \u00a0 \u00a0 \u00a0 \u00a0 \u00a0 \u00a0 \u00a0 \u00a0 \u00a0 \u00a0 \u00a0 \u00a0 \u00a0 \u00a0 \u00a0 \u00a0 \u00a0 \u00a0 \u00a0 \u00a0 \u00a0 \u00a0 \u00a0 \u00a0 \u00a0 \u00a0 \u00a0 \u00a0 \u00a0 \u00a0 \u00a0 \u00a0 \u00a0 \u00a0 \u00a0 \u00a0 \u00a0 \u00a0 \u00a0 \u00a0 \u00a0 \u00a0 \u00a0 \u00a0 \u00a0 \u00a0 \u00a0 \u00a0 \u00a0 \u00a0 \u00a0 \u00a0 \u00a0 \u00a0 \u00a0 \u00a0 \u00a0 \u00a0 \u00a0 \u00a0 \u00a0 \u00a0 \u00a0 \u00a0 \u00a0 \u00a0 \u00a0 \u00a0 \u00a0 \u00a0 \u00a0Ivanise Maria Rizzatti<br \/>\nJosimara Cristina de Carvalho Oliveira<br \/>\nJuliane Marques de Souza<br \/>\nPatr\u00edcia Macedo de Castro<br \/>\nR\u00e9gia Chacon Pessoa Lima<br \/>\nRodrigo Leonardo Costa de Oliveira<br \/>\nSandra Kariny Saldanha de Oliveira<\/p>\n","protected":false},"excerpt":{"rendered":"<p>Linha de Pesquisa 1: M\u00e9todos Pedag\u00f3gicos e Tecnologias Digitais no Ensino de Ci\u00eancias e Matem\u00e1tica Pesquisar e analisar modalidades de ensino, pr\u00e1ticas educativas e o papel da media\u00e7\u00e3o pedag\u00f3gica voltada \u00e0 postura do professor frente ao pensamento cient\u00edfico. Investigar estrat\u00e9gias did\u00e1tico-metodol\u00f3gicas relativas ao papel da experimenta\u00e7\u00e3o, valorizando os conte\u00fados, a constru\u00e7\u00e3o da rela\u00e7\u00e3o ensino-aprendizagem e [&hellip;]<\/p>\n","protected":false},"author":1,"featured_media":0,"parent":0,"menu_order":0,"comment_status":"closed","ping_status":"closed","template":"","meta":{"footnotes":""},"class_list":["post-248","page","type-page","status-publish","hentry"],"_links":{"self":[{"href":"https:\/\/propei.uerr.edu.br\/ppgec\/wp-json\/wp\/v2\/pages\/248","targetHints":{"allow":["GET"]}}],"collection":[{"href":"https:\/\/propei.uerr.edu.br\/ppgec\/wp-json\/wp\/v2\/pages"}],"about":[{"href":"https:\/\/propei.uerr.edu.br\/ppgec\/wp-json\/wp\/v2\/types\/page"}],"author":[{"embeddable":true,"href":"https:\/\/propei.uerr.edu.br\/ppgec\/wp-json\/wp\/v2\/users\/1"}],"replies":[{"embeddable":true,"href":"https:\/\/propei.uerr.edu.br\/ppgec\/wp-json\/wp\/v2\/comments?post=248"}],"version-history":[{"count":20,"href":"https:\/\/propei.uerr.edu.br\/ppgec\/wp-json\/wp\/v2\/pages\/248\/revisions"}],"predecessor-version":[{"id":3465,"href":"https:\/\/propei.uerr.edu.br\/ppgec\/wp-json\/wp\/v2\/pages\/248\/revisions\/3465"}],"wp:attachment":[{"href":"https:\/\/propei.uerr.edu.br\/ppgec\/wp-json\/wp\/v2\/media?parent=248"}],"curies":[{"name":"wp","href":"https:\/\/api.w.org\/{rel}","templated":true}]}}