{"id":246,"date":"2017-05-02T12:04:27","date_gmt":"2017-05-02T15:04:27","guid":{"rendered":"http:\/\/abraaobatista.com\/ppgec\/?page_id=246"},"modified":"2024-10-09T08:01:31","modified_gmt":"2024-10-09T12:01:31","slug":"area-de-concentracao","status":"publish","type":"page","link":"https:\/\/propei.uerr.edu.br\/ppgec\/area-de-concentracao\/","title":{"rendered":"\u00c1rea de Concentra\u00e7\u00e3o"},"content":{"rendered":"<p style=\"text-align: justify;\">O Mestrado Profissional em Ensino de Ci\u00eancias e Matem\u00e1tica tem car\u00e1ter de prepara\u00e7\u00e3o profissional na \u00e1rea docente, com foco no ensino, na aprendizagem, nas metodologias o ensino, a aprendizagem, metodologias pedag\u00f3gicas, tecnologias digitais e o uso de espa\u00e7os n\u00e3o formais, sempre referenciando o ensino de ci\u00eancias nas \u00e1reas de Biologia, F\u00edsica, Qu\u00edmica e Matem\u00e1tica. Est\u00e1 voltado, explicitamente, para a evolu\u00e7\u00e3o e melhoria da educa\u00e7\u00e3o de Ci\u00eancias no estado de Roraima, bem como nas \u00e1reas de pesquisa e investiga\u00e7\u00e3o de temas relevantes para o ensino de Ci\u00eancias Naturais, seja pela a\u00e7\u00e3o direta em sala de aula, seja pela contribui\u00e7\u00e3o na solu\u00e7\u00e3o de problemas educativos em ci\u00eancias, nos n\u00edveis m\u00e9dio e fundamental, e no n\u00edvel superior na forma\u00e7\u00e3o de professores de Licenciatura em Biologia, F\u00edsica, Qu\u00edmica, Matem\u00e1tica ou \u00e1rea afim.<\/p>\n<h5><\/h5>\n","protected":false},"excerpt":{"rendered":"<p>O Mestrado Profissional em Ensino de Ci\u00eancias e Matem\u00e1tica tem car\u00e1ter de prepara\u00e7\u00e3o profissional na \u00e1rea docente, com foco no ensino, na aprendizagem, nas metodologias o ensino, a aprendizagem, metodologias pedag\u00f3gicas, tecnologias digitais e o uso de espa\u00e7os n\u00e3o formais, sempre referenciando o ensino de ci\u00eancias nas \u00e1reas de Biologia, F\u00edsica, Qu\u00edmica e Matem\u00e1tica. Est\u00e1 [&hellip;]<\/p>\n","protected":false},"author":1,"featured_media":0,"parent":0,"menu_order":0,"comment_status":"closed","ping_status":"closed","template":"","meta":{"footnotes":""},"class_list":["post-246","page","type-page","status-publish","hentry"],"_links":{"self":[{"href":"https:\/\/propei.uerr.edu.br\/ppgec\/wp-json\/wp\/v2\/pages\/246","targetHints":{"allow":["GET"]}}],"collection":[{"href":"https:\/\/propei.uerr.edu.br\/ppgec\/wp-json\/wp\/v2\/pages"}],"about":[{"href":"https:\/\/propei.uerr.edu.br\/ppgec\/wp-json\/wp\/v2\/types\/page"}],"author":[{"embeddable":true,"href":"https:\/\/propei.uerr.edu.br\/ppgec\/wp-json\/wp\/v2\/users\/1"}],"replies":[{"embeddable":true,"href":"https:\/\/propei.uerr.edu.br\/ppgec\/wp-json\/wp\/v2\/comments?post=246"}],"version-history":[{"count":5,"href":"https:\/\/propei.uerr.edu.br\/ppgec\/wp-json\/wp\/v2\/pages\/246\/revisions"}],"predecessor-version":[{"id":3397,"href":"https:\/\/propei.uerr.edu.br\/ppgec\/wp-json\/wp\/v2\/pages\/246\/revisions\/3397"}],"wp:attachment":[{"href":"https:\/\/propei.uerr.edu.br\/ppgec\/wp-json\/wp\/v2\/media?parent=246"}],"curies":[{"name":"wp","href":"https:\/\/api.w.org\/{rel}","templated":true}]}}