{"id":244,"date":"2017-05-02T11:56:22","date_gmt":"2017-05-02T14:56:22","guid":{"rendered":"http:\/\/abraaobatista.com\/ppgec\/?page_id=244"},"modified":"2024-10-09T08:12:52","modified_gmt":"2024-10-09T12:12:52","slug":"objetivo","status":"publish","type":"page","link":"https:\/\/propei.uerr.edu.br\/ppgec\/objetivo\/","title":{"rendered":"Objetivo, miss\u00e3o, vis\u00e3o e valores"},"content":{"rendered":"<p><strong>OBJETIVO<\/strong><\/p>\n<p style=\"text-align: justify;\">O Mestrado Profissional em Ensino de Ci\u00eancias tem como objetivo m\u00e1ximo a forma\u00e7\u00e3o de pessoal qualificado para o exerc\u00edcio da atividade de ensino. Nesse sentido, visa \u00e0 melhoria da qualifica\u00e7\u00e3o profissional de professores de Biologia, F\u00edsica, Qu\u00edmica, Matem\u00e1tica, Pedagogia e cursos afins, em exerc\u00edcio na Educa\u00e7\u00e3o B\u00e1sica e de professores de Ensino Superior que atuam nas Licenciaturas em Ci\u00eancias Biol\u00f3gicas, F\u00edsica, Qu\u00edmica, Matem\u00e1tica e Pedagogia ou cursos afins, atrav\u00e9s do exerc\u00edcio de atividades de pesquisa e do desenvolvimento da pr\u00e1tica pedag\u00f3gica.<\/p>\n<p>&nbsp;<\/p>\n<p><strong>MISS\u00c3O<\/strong><\/p>\n<p>Desenvolver programas e a\u00e7\u00f5es com excel\u00eancia a fim de qualificar docentes pesquisadores (as) que atuam nas Licenciaturas em Ci\u00eancias Biol\u00f3gicas, F\u00edsica, Qu\u00edmica, Matem\u00e1tica e Pedagogia, concorrendo, assim, para mudan\u00e7as de patamar na qualidade do Ensino de Ci\u00eancias e Matem\u00e1tica na Regi\u00e3o Amaz\u00f4nica, para o fortalecimento\u00a0\u00a0 da pesquisa e o aperfei\u00e7oamento da pr\u00e1tica pedag\u00f3gica, como forma de contribuir para a eleva\u00e7\u00e3o da qualidade do Ensino B\u00e1sico e Superior, tornando-se refer\u00eancia no Ensino de Ci\u00eancias e Matem\u00e1tica.<\/p>\n<p>&nbsp;<\/p>\n<p><strong>VIS\u00c3O<\/strong><\/p>\n<p>Ser reconhecido socialmente e academicamente, nos \u00e2mbitos local, regional, nacional e internacional como um centro de excel\u00eancia na produ\u00e7\u00e3o de conhecimentos cient\u00edficos e na forma\u00e7\u00e3o nos campos da doc\u00eancia e da pesquisa no Ensino de Ci\u00eancias e Matem\u00e1tica, com o compromisso de contribuir para a transforma\u00e7\u00e3o da Educa\u00e7\u00e3o e da sociedade.<\/p>\n<p>&nbsp;<\/p>\n<p><strong>VALORES<\/strong><\/p>\n<ul>\n<li>Democratiza\u00e7\u00e3o do conhecimento;<\/li>\n<li>Ensino de excel\u00eancia;<\/li>\n<li>Relev\u00e2ncia social;<\/li>\n<li>Responsabilidade educacional;<\/li>\n<li>Ensino Criativo.<\/li>\n<\/ul>\n","protected":false},"excerpt":{"rendered":"<p>OBJETIVO O Mestrado Profissional em Ensino de Ci\u00eancias tem como objetivo m\u00e1ximo a forma\u00e7\u00e3o de pessoal qualificado para o exerc\u00edcio da atividade de ensino. Nesse sentido, visa \u00e0 melhoria da qualifica\u00e7\u00e3o profissional de professores de Biologia, F\u00edsica, Qu\u00edmica, Matem\u00e1tica, Pedagogia e cursos afins, em exerc\u00edcio na Educa\u00e7\u00e3o B\u00e1sica e de professores de Ensino Superior que [&hellip;]<\/p>\n","protected":false},"author":1,"featured_media":0,"parent":0,"menu_order":0,"comment_status":"closed","ping_status":"closed","template":"","meta":{"footnotes":""},"class_list":["post-244","page","type-page","status-publish","hentry"],"_links":{"self":[{"href":"https:\/\/propei.uerr.edu.br\/ppgec\/wp-json\/wp\/v2\/pages\/244","targetHints":{"allow":["GET"]}}],"collection":[{"href":"https:\/\/propei.uerr.edu.br\/ppgec\/wp-json\/wp\/v2\/pages"}],"about":[{"href":"https:\/\/propei.uerr.edu.br\/ppgec\/wp-json\/wp\/v2\/types\/page"}],"author":[{"embeddable":true,"href":"https:\/\/propei.uerr.edu.br\/ppgec\/wp-json\/wp\/v2\/users\/1"}],"replies":[{"embeddable":true,"href":"https:\/\/propei.uerr.edu.br\/ppgec\/wp-json\/wp\/v2\/comments?post=244"}],"version-history":[{"count":4,"href":"https:\/\/propei.uerr.edu.br\/ppgec\/wp-json\/wp\/v2\/pages\/244\/revisions"}],"predecessor-version":[{"id":3406,"href":"https:\/\/propei.uerr.edu.br\/ppgec\/wp-json\/wp\/v2\/pages\/244\/revisions\/3406"}],"wp:attachment":[{"href":"https:\/\/propei.uerr.edu.br\/ppgec\/wp-json\/wp\/v2\/media?parent=244"}],"curies":[{"name":"wp","href":"https:\/\/api.w.org\/{rel}","templated":true}]}}