{"id":211,"date":"2017-03-14T10:51:47","date_gmt":"2017-03-14T13:51:47","guid":{"rendered":"http:\/\/propei.uerr.edu.br\/ppgec\/?page_id=211"},"modified":"2025-11-19T09:30:16","modified_gmt":"2025-11-19T13:30:16","slug":"processo-de-selecao","status":"publish","type":"page","link":"https:\/\/propei.uerr.edu.br\/ppgec\/processo-de-selecao\/","title":{"rendered":"Processo de Sele\u00e7\u00e3o"},"content":{"rendered":"<p><a href=\"https:\/\/propei.uerr.edu.br\/ppgec\/wp-content\/uploads\/2025\/11\/Resultado_Final_.pdf\">Mestrado Profissional em Ensino de Ci\u00eancias e Matem\u00e1tica &#8211; 2025\/Turma &#8211; 2026<\/a><\/p>\n<p><a href=\"https:\/\/cpc.uerr.edu.br\/?cat=274\">Mestrado Profissional em Ensino de Ci\u00eancias e Matem\u00e1tica -2024<\/a><\/p>\n<p><a href=\"https:\/\/cpc.uerr.edu.br\/?cat=253\">Mestrado Profissional em Ensino de Ci\u00eancias<\/a> <a href=\"https:\/\/cpc.uerr.edu.br\/?cat=253\">&#8211; 2023<\/a><\/p>\n<p><a href=\"https:\/\/cpc.uerr.edu.br\/?cat=233\">Mestrado Profissional em Ensino de Ci\u00eancias -2022<\/a><\/p>\n<p><a href=\"https:\/\/cpc.uerr.edu.br\/?cat=201\">Mestrado Profissional em Ensino de Ci\u00eancias -2021<\/a><\/p>\n<p><a href=\"https:\/\/cpc.uerr.edu.br\/?cat=150\">Mestrado Profissional em Ensino de Ci\u00eancias &#8211; 2020<\/a><\/p>\n<p><a href=\"https:\/\/cpc.uerr.edu.br\/?p=3094\">Mestrado Profissional em Ensino de Ci\u00eancias &#8211; 2019<\/a><\/p>\n<p><a href=\"https:\/\/cpc.uerr.edu.br\/?cat=96\">Mestrado Profissional em Ensino de Ci\u00eancias &#8211; 2018<\/a><\/p>\n<p><a href=\"https:\/\/cpc.uerr.edu.br\/?cat=74\">Mestrado Profissional em Ensino de Ci\u00eancias &#8211; 2017<\/a><\/p>\n<p><a href=\"http:\/\/cpc.uerr.edu.br\/posgraduacao\/noticia.php?idCertame=15\">Mestrado Profissional em Ensino de Ci\u00eancias &#8211; 2016<\/a><\/p>\n<p><a href=\"http:\/\/cpc.uerr.edu.br\/posgraduacao\/noticia.php?idCertame=5\">Mestrado Profissional em Ensino de Ci\u00eancias &#8211; 2015<\/a><\/p>\n<div id=\"m_-8057945508557767348Signature\">\n<div><a href=\"http:\/\/cpc.uerr.edu.br\/concurso\/posgraduacao\/mpec\/index.php\">Mestrado Profissional em Ensino de Ci\u00eancias &#8211; 2014<\/a><\/div>\n<\/div>\n<div><\/div>\n<div><\/div>\n<div>\n<div id=\"m_-8057945508557767348Signature\"><\/div>\n<\/div>\n","protected":false},"excerpt":{"rendered":"<p>Mestrado Profissional em Ensino de Ci\u00eancias e Matem\u00e1tica &#8211; 2025\/Turma &#8211; 2026 Mestrado Profissional em Ensino de Ci\u00eancias e Matem\u00e1tica -2024 Mestrado Profissional em Ensino de Ci\u00eancias &#8211; 2023 Mestrado Profissional em Ensino de Ci\u00eancias -2022 Mestrado Profissional em Ensino de Ci\u00eancias -2021 Mestrado Profissional em Ensino de Ci\u00eancias &#8211; 2020 Mestrado Profissional em Ensino [&hellip;]<\/p>\n","protected":false},"author":1,"featured_media":0,"parent":0,"menu_order":0,"comment_status":"closed","ping_status":"closed","template":"","meta":{"footnotes":""},"class_list":["post-211","page","type-page","status-publish","hentry"],"_links":{"self":[{"href":"https:\/\/propei.uerr.edu.br\/ppgec\/wp-json\/wp\/v2\/pages\/211","targetHints":{"allow":["GET"]}}],"collection":[{"href":"https:\/\/propei.uerr.edu.br\/ppgec\/wp-json\/wp\/v2\/pages"}],"about":[{"href":"https:\/\/propei.uerr.edu.br\/ppgec\/wp-json\/wp\/v2\/types\/page"}],"author":[{"embeddable":true,"href":"https:\/\/propei.uerr.edu.br\/ppgec\/wp-json\/wp\/v2\/users\/1"}],"replies":[{"embeddable":true,"href":"https:\/\/propei.uerr.edu.br\/ppgec\/wp-json\/wp\/v2\/comments?post=211"}],"version-history":[{"count":20,"href":"https:\/\/propei.uerr.edu.br\/ppgec\/wp-json\/wp\/v2\/pages\/211\/revisions"}],"predecessor-version":[{"id":3869,"href":"https:\/\/propei.uerr.edu.br\/ppgec\/wp-json\/wp\/v2\/pages\/211\/revisions\/3869"}],"wp:attachment":[{"href":"https:\/\/propei.uerr.edu.br\/ppgec\/wp-json\/wp\/v2\/media?parent=211"}],"curies":[{"name":"wp","href":"https:\/\/api.w.org\/{rel}","templated":true}]}}