{"id":63,"date":"2015-08-04T12:12:47","date_gmt":"2015-08-04T12:12:47","guid":{"rendered":"http:\/\/propei.https:\/\/https:\/\/propei.uerr.edu.br\/ppgec\/?page_id=51"},"modified":"2025-01-28T13:12:17","modified_gmt":"2025-01-28T17:12:17","slug":"contato","status":"publish","type":"page","link":"https:\/\/propei.uerr.edu.br\/ppge\/contato\/","title":{"rendered":"Contato"},"content":{"rendered":"<p><strong>Universidade Estadual de Roraima<\/strong><\/p>\n<p>Pr\u00f3-Reitoria de Pesquisa e P\u00f3s-Gradua\u00e7\u00e3o<\/p>\n<p>Programa de P\u00f3s-Gradua\u00e7\u00e3o em Educa\u00e7\u00e3o<\/p>\n<p>Rua 07 de setembro, 231 \u2013 Canarinho<\/p>\n<p>Boa Vista-RR<\/p>\n<p>CEP: 69306-530<\/p>\n<p>Fone: (95) 2121-0944<\/p>\n<p>E-mail:\u00a0<a href=\"mailto:ppge@uerr.edu.br\">ppge@uerr.edu.br<\/a><\/p>\n<p>&nbsp;<\/p>\n<p><strong>Coordena\u00e7\u00e3o:<\/strong><\/p>\n<p>Prof.\u00aa Dr.\u00aa Maristela Bortolon de Matos (Coordenadora)<\/p>\n<p>Prof.\u00aa Dr.\u00aa Enia Maria Ferst (Vice-Coordenadora)<\/p>\n<p><strong>GEST\u00c3O 2024\/2025 (Portaria n\u00ba. 1056 de 19 de novembro de 2024)<\/strong><\/p>\n<p>&nbsp;<\/p>\n<p><strong>T\u00e9cnico Administrativo:<\/strong><\/p>\n<p>Elo\u00edza Freire Pereira<\/p>\n<p>&nbsp;<\/p>\n<h3><em><strong>Ou use o formul\u00e1rio abaixo<\/strong><\/em><\/h3>\n<p>&nbsp;<\/p>\n\n<div class=\"wpcf7 no-js\" id=\"wpcf7-f201-o1\" lang=\"pt-BR\" dir=\"ltr\" data-wpcf7-id=\"201\">\n<div class=\"screen-reader-response\"><p role=\"status\" aria-live=\"polite\" aria-atomic=\"true\"><\/p> <ul><\/ul><\/div>\n<form action=\"\/ppge\/wp-json\/wp\/v2\/pages\/63#wpcf7-f201-o1\" method=\"post\" class=\"wpcf7-form init\" aria-label=\"Formul\u00e1rios de contato\" novalidate=\"novalidate\" data-status=\"init\">\n<fieldset class=\"hidden-fields-container\"><input type=\"hidden\" name=\"_wpcf7\" value=\"201\" \/><input type=\"hidden\" name=\"_wpcf7_version\" value=\"6.1.5\" \/><input type=\"hidden\" name=\"_wpcf7_locale\" value=\"pt_BR\" \/><input type=\"hidden\" name=\"_wpcf7_unit_tag\" value=\"wpcf7-f201-o1\" \/><input type=\"hidden\" name=\"_wpcf7_container_post\" value=\"0\" \/><input type=\"hidden\" name=\"_wpcf7_posted_data_hash\" value=\"\" \/>\n<\/fieldset>\n<p><label> Nome (obrigat\u00f3rio)<br \/>\n<span class=\"wpcf7-form-control-wrap\" data-name=\"your-name\"><input size=\"40\" maxlength=\"400\" class=\"wpcf7-form-control wpcf7-text wpcf7-validates-as-required\" aria-required=\"true\" aria-invalid=\"false\" value=\"\" type=\"text\" name=\"your-name\" \/><\/span> <\/label>\n<\/p>\n<p><label> E-mail (obrigat\u00f3rio)<br \/>\n<span class=\"wpcf7-form-control-wrap\" data-name=\"your-email\"><input size=\"40\" maxlength=\"400\" class=\"wpcf7-form-control wpcf7-email wpcf7-validates-as-required wpcf7-text wpcf7-validates-as-email\" aria-required=\"true\" aria-invalid=\"false\" value=\"\" type=\"email\" name=\"your-email\" \/><\/span> <\/label>\n<\/p>\n<p><label> Assunto (obrigat\u00f3rio)<br \/>\n<span class=\"wpcf7-form-control-wrap\" data-name=\"your-subject\"><input size=\"40\" maxlength=\"400\" class=\"wpcf7-form-control wpcf7-text\" aria-invalid=\"false\" value=\"\" type=\"text\" name=\"your-subject\" \/><\/span> <\/label>\n<\/p>\n<p><label> Mensagem (obrigat\u00f3rio)<br \/>\n<span class=\"wpcf7-form-control-wrap\" data-name=\"your-message\"><textarea cols=\"40\" rows=\"10\" maxlength=\"2000\" class=\"wpcf7-form-control wpcf7-textarea\" aria-invalid=\"false\" name=\"your-message\"><\/textarea><\/span> <\/label>\n<\/p>\n<p><input class=\"wpcf7-form-control wpcf7-submit has-spinner\" type=\"submit\" value=\"Enviar\" \/>\n<\/p><div class=\"wpcf7-response-output\" aria-hidden=\"true\"><\/div>\n<\/form>\n<\/div>\n\n","protected":false},"excerpt":{"rendered":"<p>Universidade Estadual de Roraima Pr\u00f3-Reitoria de Pesquisa e P\u00f3s-Gradua\u00e7\u00e3o Programa de P\u00f3s-Gradua\u00e7\u00e3o em Educa\u00e7\u00e3o Rua 07 de setembro, 231 \u2013 Canarinho Boa Vista-RR CEP: 69306-530 Fone: (95) 2121-0944 E-mail:\u00a0ppge@uerr.edu.br &nbsp; Coordena\u00e7\u00e3o: Prof.\u00aa Dr.\u00aa Maristela Bortolon de Matos (Coordenadora) Prof.\u00aa Dr.\u00aa Enia Maria Ferst (Vice-Coordenadora) GEST\u00c3O 2024\/2025 (Portaria n\u00ba. 1056 de 19 de novembro de 2024) [&hellip;]<\/p>\n","protected":false},"author":1,"featured_media":0,"parent":0,"menu_order":0,"comment_status":"open","ping_status":"open","template":"","meta":{"footnotes":""},"class_list":["post-63","page","type-page","status-publish","hentry"],"_links":{"self":[{"href":"https:\/\/propei.uerr.edu.br\/ppge\/wp-json\/wp\/v2\/pages\/63","targetHints":{"allow":["GET"]}}],"collection":[{"href":"https:\/\/propei.uerr.edu.br\/ppge\/wp-json\/wp\/v2\/pages"}],"about":[{"href":"https:\/\/propei.uerr.edu.br\/ppge\/wp-json\/wp\/v2\/types\/page"}],"author":[{"embeddable":true,"href":"https:\/\/propei.uerr.edu.br\/ppge\/wp-json\/wp\/v2\/users\/1"}],"replies":[{"embeddable":true,"href":"https:\/\/propei.uerr.edu.br\/ppge\/wp-json\/wp\/v2\/comments?post=63"}],"version-history":[{"count":7,"href":"https:\/\/propei.uerr.edu.br\/ppge\/wp-json\/wp\/v2\/pages\/63\/revisions"}],"predecessor-version":[{"id":1719,"href":"https:\/\/propei.uerr.edu.br\/ppge\/wp-json\/wp\/v2\/pages\/63\/revisions\/1719"}],"wp:attachment":[{"href":"https:\/\/propei.uerr.edu.br\/ppge\/wp-json\/wp\/v2\/media?parent=63"}],"curies":[{"name":"wp","href":"https:\/\/api.w.org\/{rel}","templated":true}]}}