{"id":61,"date":"2015-07-17T15:52:19","date_gmt":"2015-07-17T15:52:19","guid":{"rendered":"http:\/\/propei.https:\/\/https:\/\/propei.uerr.edu.br\/ppgec\/?page_id=34"},"modified":"2024-10-11T08:42:51","modified_gmt":"2024-10-11T12:42:51","slug":"downloads","status":"publish","type":"page","link":"https:\/\/propei.uerr.edu.br\/ppge\/downloads\/","title":{"rendered":"Downloads"},"content":{"rendered":"\n<div class=\"wp-block-group\"><div class=\"wp-block-group__inner-container is-layout-flow wp-block-group-is-layout-flow\"><\/div><\/div>\n\n\n<p><!-- \/wp:post-content --><\/p>\n<p><!-- wp:paragraph --><\/p>\n<p><!-- \/wp:paragraph --><\/p>\n<p><!-- wp:paragraph --><\/p>\n<p>=======&gt; BANCAS ON-LINE &lt;=======\u00a0<\/p>\n<p><!-- \/wp:paragraph --><\/p>\n<p><!-- wp:paragraph --><\/p>\n<p><a href=\"https:\/\/propei.uerr.edu.br\/ppge\/wp-content\/uploads\/2020\/09\/requerimento_banca_mestrado_PPGE_online.doc\">Requerimento de bancas on-line\u00a0<\/a><\/p>\n<p><!-- \/wp:paragraph --><\/p>\n<p><!-- wp:paragraph --><\/p>\n<p><a href=\"https:\/\/propei.uerr.edu.br\/ppge\/wp-content\/uploads\/2020\/07\/ORIENTACOES-PARA-REALIZACAO-DA-BANCA.pdf\">Orienta\u00e7\u00f5es para bancas on-line\u00a0<\/a><\/p>\n<p><!-- \/wp:paragraph --><\/p>\n<p><!-- wp:paragraph --><\/p>\n<p><a href=\"https:\/\/propei.uerr.edu.br\/ppge\/wp-content\/uploads\/2020\/07\/declaracao-de-participacao-de-banca.doc\">Declara\u00e7\u00e3o de participa\u00e7\u00e3o em banca \u2013 membros\u00a0<\/a><\/p>\n<p><!-- \/wp:paragraph --><\/p>\n<p><!-- wp:paragraph --><\/p>\n<p>=======&gt; BANCAS PRESENCIAIS &lt;=======\u00a0<\/p>\n<p><!-- \/wp:paragraph --><\/p>\n<p><!-- wp:paragraph --><\/p>\n<p><a href=\"https:\/\/propei.uerr.edu.br\/ppge\/wp-content\/uploads\/2018\/08\/requerimento_banca_mestrado_novo.doc\">Requerimento de Banca \u2013 Defesa e Qualifica\u00e7\u00e3o\u00a0<\/a><\/p>\n<p><!-- \/wp:paragraph --><\/p>\n<p><!-- wp:paragraph --><\/p>\n<p>=======&gt; REQUERIMENTO GERAL PPGE &lt;=======\u00a0<\/p>\n<p><!-- \/wp:paragraph --><\/p>\n<p><!-- wp:paragraph --><\/p>\n<p><a href=\"https:\/\/propei.uerr.edu.br\/ppge\/wp-content\/uploads\/2023\/08\/REQUERIMENTO-DIVERSOS-PPGE.doc\">Requerimento Diversos\u00a0<\/a><\/p>\n<p><!-- \/wp:paragraph --><\/p>\n<p><!-- wp:paragraph --><\/p>\n<p>=======&gt; MODELO DE DISSERTA\u00c7\u00c3O &lt;=======\u00a0<\/p>\n<p><!-- \/wp:paragraph --><\/p>\n<p><!-- wp:paragraph --><\/p>\n<p><a href=\"https:\/\/propei.uerr.edu.br\/ppge\/wp-content\/uploads\/2022\/11\/CAPA.docx\">Acesse aqui<\/a><\/p>\n<p><!-- \/wp:paragraph --><\/p>\n<p><!-- wp:paragraph --><\/p>\n<p><!-- \/wp:paragraph --><\/p>\n<p><!-- wp:paragraph --><\/p>\n<p><!-- \/wp:paragraph --><\/p>\n<p><!-- wp:paragraph --><\/p>\n<p><!-- \/wp:paragraph --><\/p>\n<p><!-- wp:paragraph --><\/p>\n<p><!-- \/wp:paragraph --><\/p>\n<p><!-- wp:paragraph --><\/p>\n<p>=======&gt; CHECKLIST &lt;=======\u00a0<\/p>\n<p><!-- \/wp:paragraph --><\/p>\n<p><!-- wp:paragraph --><\/p>\n<p><a href=\"https:\/\/propei.uerr.edu.br\/ppge\/wp-content\/uploads\/2022\/11\/CHECKLIST_PPGE-Tarefas.pdf\">CHECKLIST PPGE\u00a0<\/a><\/p>\n<p><!-- \/wp:paragraph --><\/p>\n<p><!-- wp:file {\"id\":1216,\"href\":\"https:\/\/www.propei.https:\/\/propei.uerr.edu.br\/ppge\/wp-content\/uploads\/2022\/03\/Bibliografia_artigo_jornal_ou_revista.docx\"} --><\/p>\n<div class=\"wp-block-file\"><a id=\"wp-block-file--media-01978508-9e5f-4ea7-90d6-5e01f6e12452\" href=\"https:\/\/propei.uerr.edu.br\/ppge\/wp-content\/uploads\/2022\/03\/Bibliografia_artigo_jornal_ou_revista.docx\">Bibliografia Artigo, Jornal ou Revista<\/a><a class=\"wp-block-file__button\" href=\"https:\/\/propei.uerr.edu.br\/ppge\/wp-content\/uploads\/2022\/03\/Bibliografia_artigo_jornal_ou_revista.docx\" download=\"\" aria-describedby=\"wp-block-file--media-01978508-9e5f-4ea7-90d6-5e01f6e12452\">Baixar<\/a><\/div>\n<p><!-- \/wp:file --><\/p>\n<p><!-- wp:file {\"id\":1217,\"href\":\"https:\/\/www.propei.https:\/\/propei.uerr.edu.br\/ppge\/wp-content\/uploads\/2022\/03\/artistica___musica_1.docx\"} --><\/p>\n<div class=\"wp-block-file\"><a id=\"wp-block-file--media-47bc0205-9b32-4238-ab5e-61c3de7765ed\" href=\"https:\/\/propei.uerr.edu.br\/ppge\/wp-content\/uploads\/2022\/03\/artistica___musica_1.docx\">Art\u00edstica M\u00fasica<\/a><a class=\"wp-block-file__button\" href=\"https:\/\/propei.uerr.edu.br\/ppge\/wp-content\/uploads\/2022\/03\/artistica___musica_1.docx\" download=\"\" aria-describedby=\"wp-block-file--media-47bc0205-9b32-4238-ab5e-61c3de7765ed\">Baixar<\/a><\/div>\n<p><!-- \/wp:file --><\/p>\n<p><!-- wp:file {\"id\":1218,\"href\":\"https:\/\/www.propei.https:\/\/propei.uerr.edu.br\/ppge\/wp-content\/uploads\/2022\/03\/Bibliografia_trabalho_anais.docx\"} --><\/p>\n<div class=\"wp-block-file\"><a id=\"wp-block-file--media-36c77445-8bef-45ab-80be-7504df6ff89a\" href=\"https:\/\/propei.uerr.edu.br\/ppge\/wp-content\/uploads\/2022\/03\/Bibliografia_trabalho_anais.docx\">Bibliografia Trabalho em Anais<\/a><a class=\"wp-block-file__button\" href=\"https:\/\/propei.uerr.edu.br\/ppge\/wp-content\/uploads\/2022\/03\/Bibliografia_trabalho_anais.docx\" download=\"\" aria-describedby=\"wp-block-file--media-36c77445-8bef-45ab-80be-7504df6ff89a\">Baixar<\/a><\/div>\n<p><!-- \/wp:file --><\/p>\n<p><!-- wp:file {\"id\":1219,\"href\":\"https:\/\/www.propei.https:\/\/propei.uerr.edu.br\/ppge\/wp-content\/uploads\/2022\/03\/Bibliografica_livro.docx\"} --><\/p>\n<div class=\"wp-block-file\"><a id=\"wp-block-file--media-2a8d87bb-56bd-4939-aa0a-9852c48f8329\" href=\"https:\/\/propei.uerr.edu.br\/ppge\/wp-content\/uploads\/2022\/03\/Bibliografica_livro.docx\">Bibliogr\u00e1fica Livro<\/a><a class=\"wp-block-file__button\" href=\"https:\/\/propei.uerr.edu.br\/ppge\/wp-content\/uploads\/2022\/03\/Bibliografica_livro.docx\" download=\"\" aria-describedby=\"wp-block-file--media-2a8d87bb-56bd-4939-aa0a-9852c48f8329\">Baixar<\/a><\/div>\n<p><!-- \/wp:file --><\/p>\n<p><!-- wp:file {\"id\":1220,\"href\":\"https:\/\/www.propei.https:\/\/propei.uerr.edu.br\/ppge\/wp-content\/uploads\/2022\/03\/tecnica_servicos_tecnicos.docx\"} --><\/p>\n<div class=\"wp-block-file\"><a id=\"wp-block-file--media-3cf8d75e-20b7-41a0-808b-567e34172f7d\" href=\"https:\/\/propei.uerr.edu.br\/ppge\/wp-content\/uploads\/2022\/03\/tecnica_servicos_tecnicos.docx\">Servi\u00e7os T\u00e9cnicos<\/a><a class=\"wp-block-file__button\" href=\"https:\/\/propei.uerr.edu.br\/ppge\/wp-content\/uploads\/2022\/03\/tecnica_servicos_tecnicos.docx\" download=\"\" aria-describedby=\"wp-block-file--media-3cf8d75e-20b7-41a0-808b-567e34172f7d\">Baixar<\/a><\/div>\n<p><!-- \/wp:file --><\/p>\n<p><!-- wp:file {\"id\":1221,\"href\":\"https:\/\/www.propei.https:\/\/propei.uerr.edu.br\/ppge\/wp-content\/uploads\/2022\/03\/artistica___artes_visuais.docx\"} --><\/p>\n<div class=\"wp-block-file\"><a id=\"wp-block-file--media-f43c4be5-0a01-42f6-87a8-da4b19ec32dd\" href=\"https:\/\/propei.uerr.edu.br\/ppge\/wp-content\/uploads\/2022\/03\/artistica___artes_visuais.docx\">Artes Visuais<\/a><a class=\"wp-block-file__button\" href=\"https:\/\/propei.uerr.edu.br\/ppge\/wp-content\/uploads\/2022\/03\/artistica___artes_visuais.docx\" download=\"\" aria-describedby=\"wp-block-file--media-f43c4be5-0a01-42f6-87a8-da4b19ec32dd\">Baixar<\/a><\/div>\n<p><!-- \/wp:file --><\/p>\n<p><!-- wp:file {\"id\":1222,\"href\":\"https:\/\/www.propei.https:\/\/propei.uerr.edu.br\/ppge\/wp-content\/uploads\/2022\/03\/Tecnica_apresentacao_trabalho.docx\"} --><\/p>\n<div class=\"wp-block-file\"><a id=\"wp-block-file--media-d0fd2bb3-2b1c-4f95-812d-d194cd3b5902\" href=\"https:\/\/propei.uerr.edu.br\/ppge\/wp-content\/uploads\/2022\/03\/Tecnica_apresentacao_trabalho.docx\">Apresenta\u00e7\u00e3o de Trabalho<\/a><a class=\"wp-block-file__button\" href=\"https:\/\/propei.uerr.edu.br\/ppge\/wp-content\/uploads\/2022\/03\/Tecnica_apresentacao_trabalho.docx\" download=\"\" aria-describedby=\"wp-block-file--media-d0fd2bb3-2b1c-4f95-812d-d194cd3b5902\">Baixar<\/a><\/div>\n<p><!-- \/wp:file --><\/p>\n<p><!-- wp:file {\"id\":1223,\"href\":\"https:\/\/www.propei.https:\/\/propei.uerr.edu.br\/ppge\/wp-content\/uploads\/2022\/03\/artistica___artes_cenicas_1.docx\"} --><\/p>\n<div class=\"wp-block-file\"><a id=\"wp-block-file--media-d5f84295-610a-47ca-8861-9edde3b4b31c\" href=\"https:\/\/propei.uerr.edu.br\/ppge\/wp-content\/uploads\/2022\/03\/artistica___artes_cenicas_1.docx\">Artes C\u00eanicas<\/a><a class=\"wp-block-file__button\" href=\"https:\/\/propei.uerr.edu.br\/ppge\/wp-content\/uploads\/2022\/03\/artistica___artes_cenicas_1.docx\" download=\"\" aria-describedby=\"wp-block-file--media-d5f84295-610a-47ca-8861-9edde3b4b31c\">Baixar<\/a><\/div>\n<p><!-- \/wp:file --><\/p>\n<p><!-- wp:file {\"id\":1225,\"href\":\"https:\/\/www.propei.https:\/\/propei.uerr.edu.br\/ppge\/wp-content\/uploads\/2022\/03\/tecnica_organizacao_eventos.docx\"} --><\/p>\n<div class=\"wp-block-file\"><a id=\"wp-block-file--media-1765c5c7-a740-49b4-9143-5915397aa9e6\" href=\"https:\/\/propei.uerr.edu.br\/ppge\/wp-content\/uploads\/2022\/03\/tecnica_organizacao_eventos.docx\">Organiza\u00e7\u00e3o de Eventos<\/a><a class=\"wp-block-file__button\" href=\"https:\/\/propei.uerr.edu.br\/ppge\/wp-content\/uploads\/2022\/03\/tecnica_organizacao_eventos.docx\" download=\"\" aria-describedby=\"wp-block-file--media-1765c5c7-a740-49b4-9143-5915397aa9e6\">Baixar<\/a><\/div>\n<p><!-- \/wp:file --><\/p>\n<p><!-- wp:file {\"id\":1226,\"href\":\"https:\/\/www.propei.https:\/\/propei.uerr.edu.br\/ppge\/wp-content\/uploads\/2022\/03\/Tecnica__Curso_curta_duracao.docx\"} --><\/p>\n<div class=\"wp-block-file\"><a id=\"wp-block-file--media-7f0776d3-2d37-45a6-afec-20774b792a02\" href=\"https:\/\/propei.uerr.edu.br\/ppge\/wp-content\/uploads\/2022\/03\/Tecnica__Curso_curta_duracao.docx\">Curso de Curta Dura\u00e7\u00e3o<\/a><a class=\"wp-block-file__button\" href=\"https:\/\/propei.uerr.edu.br\/ppge\/wp-content\/uploads\/2022\/03\/Tecnica__Curso_curta_duracao.docx\" download=\"\" aria-describedby=\"wp-block-file--media-7f0776d3-2d37-45a6-afec-20774b792a02\">Baixar<\/a><\/div>\n<p><!-- \/wp:file --><\/p>\n\n<!-- wp:paragraph -->\n<p><\/p>\n<!-- \/wp:paragraph -->","protected":false},"excerpt":{"rendered":"<p>=======&gt; BANCAS ON-LINE &lt;=======\u00a0 Requerimento de bancas on-line\u00a0 Orienta\u00e7\u00f5es para bancas on-line\u00a0 Declara\u00e7\u00e3o de participa\u00e7\u00e3o em banca \u2013 membros\u00a0 =======&gt; BANCAS PRESENCIAIS &lt;=======\u00a0 Requerimento de Banca \u2013 Defesa e Qualifica\u00e7\u00e3o\u00a0 =======&gt; REQUERIMENTO GERAL PPGE &lt;=======\u00a0 Requerimento Diversos\u00a0 =======&gt; MODELO DE DISSERTA\u00c7\u00c3O &lt;=======\u00a0 Acesse aqui =======&gt; CHECKLIST &lt;=======\u00a0 CHECKLIST PPGE\u00a0 Bibliografia Artigo, Jornal ou RevistaBaixar Art\u00edstica [&hellip;]<\/p>\n","protected":false},"author":1,"featured_media":0,"parent":0,"menu_order":0,"comment_status":"open","ping_status":"open","template":"","meta":{"footnotes":""},"class_list":["post-61","page","type-page","status-publish","hentry"],"_links":{"self":[{"href":"https:\/\/propei.uerr.edu.br\/ppge\/wp-json\/wp\/v2\/pages\/61","targetHints":{"allow":["GET"]}}],"collection":[{"href":"https:\/\/propei.uerr.edu.br\/ppge\/wp-json\/wp\/v2\/pages"}],"about":[{"href":"https:\/\/propei.uerr.edu.br\/ppge\/wp-json\/wp\/v2\/types\/page"}],"author":[{"embeddable":true,"href":"https:\/\/propei.uerr.edu.br\/ppge\/wp-json\/wp\/v2\/users\/1"}],"replies":[{"embeddable":true,"href":"https:\/\/propei.uerr.edu.br\/ppge\/wp-json\/wp\/v2\/comments?post=61"}],"version-history":[{"count":25,"href":"https:\/\/propei.uerr.edu.br\/ppge\/wp-json\/wp\/v2\/pages\/61\/revisions"}],"predecessor-version":[{"id":1704,"href":"https:\/\/propei.uerr.edu.br\/ppge\/wp-json\/wp\/v2\/pages\/61\/revisions\/1704"}],"wp:attachment":[{"href":"https:\/\/propei.uerr.edu.br\/ppge\/wp-json\/wp\/v2\/media?parent=61"}],"curies":[{"name":"wp","href":"https:\/\/api.w.org\/{rel}","templated":true}]}}