{"id":279,"date":"2017-05-02T13:16:33","date_gmt":"2017-05-02T16:16:33","guid":{"rendered":"http:\/\/abraaobatista.com\/ppge\/?page_id=279"},"modified":"2024-09-23T11:59:01","modified_gmt":"2024-09-23T15:59:01","slug":"279-2","status":"publish","type":"page","link":"https:\/\/propei.uerr.edu.br\/ppge\/279-2\/","title":{"rendered":"Est\u00e1gio de Doc\u00eancia"},"content":{"rendered":"<p><a href=\"http:\/\/propei.uerr.edu.br\/ppge\/wp-content\/uploads\/2023\/08\/REQUERIMENTO-ESTAGIO-DOCENCIA.doc\">Requerimento de Est\u00e1gio Doc\u00eancia<\/a><\/p>\n<p><a href=\"https:\/\/propei.uerr.edu.br\/ppge\/wp-content\/uploads\/2018\/08\/REQUERIMENTO_ENTREGA_DO_RELAT\u00d3RIO.doc\">Requerimento de Entrega de Relat\u00f3rio<\/a><\/p>\n<p><a href=\"https:\/\/propei.uerr.edu.br\/ppge\/wp-content\/uploads\/2018\/08\/Modelo-de-parecer-de-est\u00e1gio-docente.doc\">Modelo de parecer\u00a0<\/a><\/p>\n<p><a href=\"https:\/\/propei.uerr.edu.br\/ppge\/wp-content\/uploads\/2018\/08\/Orienta\u00e7\u00f5es_Modelo_de_Plano_e_Modelo_Relat\u00f3rio_Est\u00e1gio_de_Doc\u00eancia.doc\">Orienta\u00e7\u00f5es e Modelos<\/a><\/p>\n","protected":false},"excerpt":{"rendered":"<p>Requerimento de Est\u00e1gio Doc\u00eancia Requerimento de Entrega de Relat\u00f3rio Modelo de parecer\u00a0 Orienta\u00e7\u00f5es e Modelos<\/p>\n","protected":false},"author":1,"featured_media":0,"parent":0,"menu_order":0,"comment_status":"closed","ping_status":"closed","template":"","meta":{"footnotes":""},"class_list":["post-279","page","type-page","status-publish","hentry"],"_links":{"self":[{"href":"https:\/\/propei.uerr.edu.br\/ppge\/wp-json\/wp\/v2\/pages\/279","targetHints":{"allow":["GET"]}}],"collection":[{"href":"https:\/\/propei.uerr.edu.br\/ppge\/wp-json\/wp\/v2\/pages"}],"about":[{"href":"https:\/\/propei.uerr.edu.br\/ppge\/wp-json\/wp\/v2\/types\/page"}],"author":[{"embeddable":true,"href":"https:\/\/propei.uerr.edu.br\/ppge\/wp-json\/wp\/v2\/users\/1"}],"replies":[{"embeddable":true,"href":"https:\/\/propei.uerr.edu.br\/ppge\/wp-json\/wp\/v2\/comments?post=279"}],"version-history":[{"count":7,"href":"https:\/\/propei.uerr.edu.br\/ppge\/wp-json\/wp\/v2\/pages\/279\/revisions"}],"predecessor-version":[{"id":1694,"href":"https:\/\/propei.uerr.edu.br\/ppge\/wp-json\/wp\/v2\/pages\/279\/revisions\/1694"}],"wp:attachment":[{"href":"https:\/\/propei.uerr.edu.br\/ppge\/wp-json\/wp\/v2\/media?parent=279"}],"curies":[{"name":"wp","href":"https:\/\/api.w.org\/{rel}","templated":true}]}}