{"id":274,"date":"2017-05-02T13:10:17","date_gmt":"2017-05-02T16:10:17","guid":{"rendered":"http:\/\/abraaobatista.com\/ppge\/?page_id=274"},"modified":"2025-05-08T09:09:19","modified_gmt":"2025-05-08T13:09:19","slug":"bolsas","status":"publish","type":"page","link":"https:\/\/propei.uerr.edu.br\/ppge\/bolsas\/","title":{"rendered":"Bolsas"},"content":{"rendered":"\n<p><strong>Processo Seletivo 2025 de concess\u00e3o de bolsa de estudos da CAPES-Demanda Social<\/strong><\/p>\n\n\n\n<p><a href=\"https:\/\/propei.uerr.edu.br\/ppge\/wp-content\/uploads\/2025\/05\/SEI_GRR-17378558-Edital.pdf\">Edital<\/a><\/p>\n\n\n\n<p><strong>Processo Seletivo 2024 de concess\u00e3o de bolsa de estudos da CAPES-Demanda Social<\/strong><\/p>\n\n\n\n<p><a href=\"https:\/\/propei.uerr.edu.br\/ppge\/wp-content\/uploads\/2024\/09\/SEI_GRR-14354000-Edital-DS-2024.pdf\">Edital<\/a><\/p>\n\n\n\n<p><strong>Processo Seletivo 2023 de concess\u00e3o de bolsa de estudos da CAPES-Demanda Social<\/strong><\/p>\n\n\n\n<div class=\"wp-block-file\"><a id=\"wp-block-file--media-a75c3d61-c273-4d2e-ae1a-77503a119773\" href=\"https:\/\/www.propei.https:\/\/propei.uerr.edu.br\/ppge\/wp-content\/uploads\/2023\/04\/SEI_GRR-8235056-Edital-3.pdf\">Edital<\/a><\/div>\n\n\n\n<div class=\"wp-block-file\"><a id=\"wp-block-file--media-8beda4ba-f11a-4852-a088-a7134b256451\" href=\"https:\/\/www.propei.https:\/\/propei.uerr.edu.br\/ppge\/wp-content\/uploads\/2023\/04\/SEI_GRR-8395682-Anexo-1.pdf\">Resultado Preliminar<\/a><\/div>\n\n\n\n<div class=\"wp-block-file\"><a id=\"wp-block-file--media-17210e76-afea-4107-93b6-10a89f457281\" href=\"https:\/\/www.propei.https:\/\/propei.uerr.edu.br\/ppge\/wp-content\/uploads\/2023\/04\/Resultado-Final-Bolsa-Demanada-Social-PPGE.pdf\">Resultado Final<\/a><\/div>\n\n\n<p><strong>Processo Seletivo 2021 de concess\u00e3o de bolsa de estudos da CAPES-Demanda Social<\/strong><\/p>\n<p><a href=\"https:\/\/www.propei.https:\/\/propei.uerr.edu.br\/ppge\/wp-content\/uploads\/2021\/03\/EDITAL_N_003.2021-Selecao_bolsa_demanda_social_2021.pdf\"><span class=\"has-inline-color has-vivid-red-color\">Edital<\/span><\/a><\/p>\n<p><a href=\"https:\/\/www.propei.https:\/\/propei.uerr.edu.br\/ppge\/wp-content\/uploads\/2021\/03\/Homologacao_inscricao_DS_2021.pdf\"><span class=\"has-inline-color has-vivid-red-color\">Homologa\u00e7\u00e3o das inscri\u00e7\u00f5es<\/span><\/a><\/p>\n<p><a href=\"https:\/\/www.propei.https:\/\/propei.uerr.edu.br\/ppge\/wp-content\/uploads\/2021\/03\/Resultado_Preliminar_DS_2021.pdf\"><span class=\"has-inline-color has-vivid-red-color\">Resultado Preliminar<\/span><\/a><\/p>\n<p><a href=\"https:\/\/www.propei.https:\/\/propei.uerr.edu.br\/ppge\/wp-content\/uploads\/2021\/04\/SEI_GRR-1694087-Aditamento-ao-Edital.pdf\">Aditamento ao Edital<\/a><\/p>\n<p><a href=\"https:\/\/www.propei.https:\/\/propei.uerr.edu.br\/ppge\/wp-content\/uploads\/2021\/04\/Resultado-Final.pdf\">Resultado Final<\/a><\/p>\n<p><strong>Processo Seletivo 2019 de concess\u00e3o de bolsa de estudos da CAPES-Demanda Social<\/strong><\/p>\n<p><a href=\"https:\/\/www.propei.https:\/\/propei.uerr.edu.br\/ppge\/wp-content\/uploads\/2019\/04\/Edital_Bolsa_Demanda_Social_2019.pdf\">Edital <\/a><\/p>\n<p><a href=\"https:\/\/www.propei.https:\/\/propei.uerr.edu.br\/ppge\/wp-content\/uploads\/2019\/04\/1.HOMOLOGA\u00c7\u00c3O-INSCRI\u00c7\u00d5ES-DS_2019-1.pdf\">Homologa\u00e7\u00e3o das inscri\u00e7\u00f5es<\/a><\/p>\n<p><a href=\"https:\/\/www.propei.https:\/\/propei.uerr.edu.br\/ppge\/wp-content\/uploads\/2019\/04\/2.Resultado_Preliminar_sele\u00e7\u00e3o_de_bolsas_2019.pdf\">Resultado preliminar<\/a><\/p>\n<p><a href=\"https:\/\/www.propei.https:\/\/propei.uerr.edu.br\/ppge\/wp-content\/uploads\/2019\/04\/3.Resultado_Final_da_sele\u00e7\u00e3o_de_bolsas_2019.pdf\">Resultado final<\/a><\/p>\n<p><strong>Processo Seletivo 2018 de concess\u00e3o de bolsa de estudos da CAPES-Demanda Social<\/strong><\/p>\n<p><a href=\"https:\/\/www.propei.https:\/\/propei.uerr.edu.br\/ppge\/wp-content\/uploads\/2019\/04\/Edital_Bolsa_Demanda_Social_2018.pdf\">Edital<\/a><\/p>\n<p><strong><span class=\"fontstyle0\">Processo Seletivo 2017\u00a0para ingresso no Programa Nacional de P\u00f3s-Doutorado \u2013 PNPD\/CAPES<\/span><\/strong><\/p>\n<p><a href=\"http:\/\/propei.https:\/\/propei.uerr.edu.br\/ppge\/wp-content\/uploads\/2017\/05\/Edital_3_Bolsa_PNPD_2017.pdf\">Edital<\/a><\/p>\n<p><strong>Primeiro Aditamento do Edital do Processo de Sele\u00e7\u00e3o de bolsas do PNDB<\/strong><\/p>\n<p><a href=\"\/ppge\/wp-content\/uploads\/2017\/05\/Primeiro_Aditamento_do_Edital_Bolsa_PNPD_2017.pdf\">Edital<\/a><\/p>\n<p><strong>Processo Seletivo 2017 para ingresso no Programa Nacional de P\u00f3s-Doutorado \u2013 PNPD\/CAPES<\/strong><\/p>\n<p><a href=\"http:\/\/ppge\/wp-content\/uploads\/2017\/05\/Edital_Bolsa_PNPD_EDUCA\u00c7\u00c3O_2017.pdf\">Edital<\/a><\/p>\n<p><strong>Processo Seletivo 2017 de concess\u00e3o de bolsas de estudos da CAPES-Demanda Social <\/strong><\/p>\n<p><a href=\"\/ppge\/wp-content\/uploads\/2017\/05\/Edital_Bolsa_Demanda_Social_2017.pdf\">Edital<\/a><\/p>\n<p><strong>Processo Seletivo 2016 de concess\u00e3o de bolsas de estudos da CAPES-Demanda Social <\/strong><\/p>\n<p><a href=\"\/ppge\/wp-content\/uploads\/2017\/05\/Edital_Bolsa_Demanda_Social_2016.pdf\">Edital<\/a><\/p>","protected":false},"excerpt":{"rendered":"<p>Processo Seletivo 2025 de concess\u00e3o de bolsa de estudos da CAPES-Demanda Social Edital Processo Seletivo 2024 de concess\u00e3o de bolsa de estudos da CAPES-Demanda Social Edital Processo Seletivo 2023 de concess\u00e3o de bolsa de estudos da CAPES-Demanda Social Processo Seletivo 2021 de concess\u00e3o de bolsa de estudos da CAPES-Demanda Social Edital Homologa\u00e7\u00e3o das inscri\u00e7\u00f5es Resultado [&hellip;]<\/p>\n","protected":false},"author":1,"featured_media":0,"parent":0,"menu_order":0,"comment_status":"closed","ping_status":"closed","template":"","meta":{"footnotes":""},"class_list":["post-274","page","type-page","status-publish","hentry"],"_links":{"self":[{"href":"https:\/\/propei.uerr.edu.br\/ppge\/wp-json\/wp\/v2\/pages\/274","targetHints":{"allow":["GET"]}}],"collection":[{"href":"https:\/\/propei.uerr.edu.br\/ppge\/wp-json\/wp\/v2\/pages"}],"about":[{"href":"https:\/\/propei.uerr.edu.br\/ppge\/wp-json\/wp\/v2\/types\/page"}],"author":[{"embeddable":true,"href":"https:\/\/propei.uerr.edu.br\/ppge\/wp-json\/wp\/v2\/users\/1"}],"replies":[{"embeddable":true,"href":"https:\/\/propei.uerr.edu.br\/ppge\/wp-json\/wp\/v2\/comments?post=274"}],"version-history":[{"count":31,"href":"https:\/\/propei.uerr.edu.br\/ppge\/wp-json\/wp\/v2\/pages\/274\/revisions"}],"predecessor-version":[{"id":1752,"href":"https:\/\/propei.uerr.edu.br\/ppge\/wp-json\/wp\/v2\/pages\/274\/revisions\/1752"}],"wp:attachment":[{"href":"https:\/\/propei.uerr.edu.br\/ppge\/wp-json\/wp\/v2\/media?parent=274"}],"curies":[{"name":"wp","href":"https:\/\/api.w.org\/{rel}","templated":true}]}}