{"id":1811,"date":"2025-11-17T10:00:21","date_gmt":"2025-11-17T14:00:21","guid":{"rendered":"https:\/\/propei.uerr.edu.br\/ppge\/?page_id=1811"},"modified":"2025-11-17T11:43:30","modified_gmt":"2025-11-17T15:43:30","slug":"home","status":"publish","type":"page","link":"https:\/\/propei.uerr.edu.br\/ppge\/","title":{"rendered":"Home"},"content":{"rendered":"\t\t<div data-elementor-type=\"wp-page\" data-elementor-id=\"1811\" class=\"elementor elementor-1811\" data-elementor-post-type=\"page\">\n\t\t\t\t<div class=\"elementor-element elementor-element-f1186d0 e-flex e-con-boxed e-con e-parent\" data-id=\"f1186d0\" data-element_type=\"container\" data-e-type=\"container\">\n\t\t\t\t\t<div class=\"e-con-inner\">\n\t\t<div class=\"elementor-element elementor-element-4f54b25 e-con-full e-flex e-con e-child\" data-id=\"4f54b25\" data-element_type=\"container\" data-e-type=\"container\">\n\t\t\t\t<div class=\"elementor-element elementor-element-52da0bd elementor-widget elementor-widget-heading\" data-id=\"52da0bd\" data-element_type=\"widget\" data-e-type=\"widget\" data-widget_type=\"heading.default\">\n\t\t\t\t\t<h4 class=\"elementor-heading-title elementor-size-default\">\u00daltimas not\u00edcias<\/h4>\t\t\t\t<\/div>\n\t\t\t\t<div class=\"elementor-element elementor-element-779cced elementor-grid-1 elementor-posts--thumbnail-none elementor-posts--align-left elementor-grid-tablet-2 elementor-grid-mobile-1 elementor-card-shadow-yes elementor-posts__hover-gradient elementor-widget elementor-widget-posts\" data-id=\"779cced\" data-element_type=\"widget\" data-e-type=\"widget\" data-settings=\"{&quot;cards_columns&quot;:&quot;1&quot;,&quot;cards_row_gap&quot;:{&quot;unit&quot;:&quot;px&quot;,&quot;size&quot;:10,&quot;sizes&quot;:[]},&quot;pagination_type&quot;:&quot;numbers_and_prev_next&quot;,&quot;cards_columns_tablet&quot;:&quot;2&quot;,&quot;cards_columns_mobile&quot;:&quot;1&quot;,&quot;cards_row_gap_tablet&quot;:{&quot;unit&quot;:&quot;px&quot;,&quot;size&quot;:&quot;&quot;,&quot;sizes&quot;:[]},&quot;cards_row_gap_mobile&quot;:{&quot;unit&quot;:&quot;px&quot;,&quot;size&quot;:&quot;&quot;,&quot;sizes&quot;:[]}}\" data-widget_type=\"posts.cards\">\n\t\t\t\t<div class=\"elementor-widget-container\">\n\t\t\t\t\t\t\t<div class=\"elementor-posts-container elementor-posts elementor-posts--skin-cards elementor-grid\" role=\"list\">\n\t\t\t\t<article class=\"elementor-post elementor-grid-item post-1796 post type-post status-publish format-standard hentry category-eventos category-noticias\" role=\"listitem\">\n\t\t\t<div class=\"elementor-post__card\">\n\t\t\t\t<div class=\"elementor-post__text\">\n\t\t\t\t<h3 class=\"elementor-post__title\">\n\t\t\t<a href=\"https:\/\/propei.uerr.edu.br\/ppge\/2025\/10\/12\/processo-seletivo-de-alunos-ppge-ifrr-turma-2026-1\/\" >\n\t\t\t\tPROCESSO SELETIVO DE ALUNOS &#8211; PPGE\/IFRR TURMA 2026.1\t\t\t<\/a>\n\t\t<\/h3>\n\t\t\t\t<div class=\"elementor-post__excerpt\">\n\t\t\t<p>A UERR lan\u00e7ou edital para o Mestrado Acad\u00eamico em Educa\u00e7\u00e3o (PPGE), ofertado em parceria com o IFRR.O programa \u00e9 destinado<\/p>\n\t\t<\/div>\n\t\t\n\t\t<a class=\"elementor-post__read-more\" href=\"https:\/\/propei.uerr.edu.br\/ppge\/2025\/10\/12\/processo-seletivo-de-alunos-ppge-ifrr-turma-2026-1\/\" aria-label=\"Read more about PROCESSO SELETIVO DE ALUNOS &#8211; PPGE\/IFRR TURMA 2026.1\" tabindex=\"-1\" >\n\t\t\tContinue Lendo &gt;&gt;\t\t<\/a>\n\n\t\t\t\t<\/div>\n\t\t\t\t<div class=\"elementor-post__meta-data\">\n\t\t\t\t\t<span class=\"elementor-post-date\">\n\t\t\t12 de outubro de 2025\t\t<\/span>\n\t\t\t\t<\/div>\n\t\t\t\t\t<\/div>\n\t\t<\/article>\n\t\t\t\t<article class=\"elementor-post elementor-grid-item post-1776 post type-post status-publish format-standard hentry category-eventos\" role=\"listitem\">\n\t\t\t<div class=\"elementor-post__card\">\n\t\t\t\t<div class=\"elementor-post__text\">\n\t\t\t\t<h3 class=\"elementor-post__title\">\n\t\t\t<a href=\"https:\/\/propei.uerr.edu.br\/ppge\/2025\/09\/29\/1776\/\" >\n\t\t\t\tVI Encontro dos Discentes do Mestrado em Educa\u00e7\u00e3o do PPGE (UERR\/IFRR) &#8211; Educa\u00e7\u00e3o e Cultura em Conex\u00e3o: saberes em di\u00e1logo na Amaz\u00f4nia transfronteiri\u00e7a\t\t\t<\/a>\n\t\t<\/h3>\n\t\t\t\t<div class=\"elementor-post__excerpt\">\n\t\t\t<p>VI Encontro dos Discentes do Mestrado em Educa\u00e7\u00e3o do PPGE (UERR\/IFRR) &#8211; Educa\u00e7\u00e3o e Cultura em Conex\u00e3o: saberes em di\u00e1logo na Amaz\u00f4nia transfronteiri\u00e7a<br \/>\nhttps:\/\/www.even3.com.br\/vi-edme-uerr-ifrr?even3_orig=events_eventlist <\/p>\n\t\t<\/div>\n\t\t\n\t\t<a class=\"elementor-post__read-more\" href=\"https:\/\/propei.uerr.edu.br\/ppge\/2025\/09\/29\/1776\/\" aria-label=\"Read more about VI Encontro dos Discentes do Mestrado em Educa\u00e7\u00e3o do PPGE (UERR\/IFRR) &#8211; Educa\u00e7\u00e3o e Cultura em Conex\u00e3o: saberes em di\u00e1logo na Amaz\u00f4nia transfronteiri\u00e7a\" tabindex=\"-1\" >\n\t\t\tContinue Lendo &gt;&gt;\t\t<\/a>\n\n\t\t\t\t<\/div>\n\t\t\t\t<div class=\"elementor-post__meta-data\">\n\t\t\t\t\t<span class=\"elementor-post-date\">\n\t\t\t29 de setembro de 2025\t\t<\/span>\n\t\t\t\t<\/div>\n\t\t\t\t\t<\/div>\n\t\t<\/article>\n\t\t\t\t<article class=\"elementor-post elementor-grid-item post-1765 post type-post status-publish format-standard hentry category-eventos category-sobre\" role=\"listitem\">\n\t\t\t<div class=\"elementor-post__card\">\n\t\t\t\t<div class=\"elementor-post__text\">\n\t\t\t\t<h3 class=\"elementor-post__title\">\n\t\t\t<a href=\"https:\/\/propei.uerr.edu.br\/ppge\/2025\/05\/22\/aula-magna-do-ppge\/\" >\n\t\t\t\tAula Magna do PPGE\t\t\t<\/a>\n\t\t<\/h3>\n\t\t\t\t<div class=\"elementor-post__excerpt\">\n\t\t\t\t\t<\/div>\n\t\t\n\t\t<a class=\"elementor-post__read-more\" href=\"https:\/\/propei.uerr.edu.br\/ppge\/2025\/05\/22\/aula-magna-do-ppge\/\" aria-label=\"Read more about Aula Magna do PPGE\" tabindex=\"-1\" >\n\t\t\tContinue Lendo &gt;&gt;\t\t<\/a>\n\n\t\t\t\t<\/div>\n\t\t\t\t<div class=\"elementor-post__meta-data\">\n\t\t\t\t\t<span class=\"elementor-post-date\">\n\t\t\t22 de maio de 2025\t\t<\/span>\n\t\t\t\t<\/div>\n\t\t\t\t\t<\/div>\n\t\t<\/article>\n\t\t\t\t<article class=\"elementor-post elementor-grid-item post-1760 post type-post status-publish format-standard hentry category-sobre\" role=\"listitem\">\n\t\t\t<div class=\"elementor-post__card\">\n\t\t\t\t<div class=\"elementor-post__text\">\n\t\t\t\t<h3 class=\"elementor-post__title\">\n\t\t\t<a href=\"https:\/\/propei.uerr.edu.br\/ppge\/2025\/05\/17\/seletivo-para-bolsista-ds-capes-ppge-2025-resultado-final\/\" >\n\t\t\t\tSeletivo para bolsista DS\/CAPES-PPGE 2025 &#8211; Resultado Final\t\t\t<\/a>\n\t\t<\/h3>\n\t\t\t\t<div class=\"elementor-post__excerpt\">\n\t\t\t<p>A Comiss\u00e3o respons\u00e1vel pela Sele\u00e7\u00e3o de Bolsas Demanda Social\/CAPES do\u00a0Mestrado Acad\u00eamico em Educa\u00e7\u00e3o, da Universidade Estadual de Roraima em associa\u00e7\u00e3o<\/p>\n\t\t<\/div>\n\t\t\n\t\t<a class=\"elementor-post__read-more\" href=\"https:\/\/propei.uerr.edu.br\/ppge\/2025\/05\/17\/seletivo-para-bolsista-ds-capes-ppge-2025-resultado-final\/\" aria-label=\"Read more about Seletivo para bolsista DS\/CAPES-PPGE 2025 &#8211; Resultado Final\" tabindex=\"-1\" >\n\t\t\tContinue Lendo &gt;&gt;\t\t<\/a>\n\n\t\t\t\t<\/div>\n\t\t\t\t<div class=\"elementor-post__meta-data\">\n\t\t\t\t\t<span class=\"elementor-post-date\">\n\t\t\t17 de maio de 2025\t\t<\/span>\n\t\t\t\t<\/div>\n\t\t\t\t\t<\/div>\n\t\t<\/article>\n\t\t\t\t<article class=\"elementor-post elementor-grid-item post-1756 post type-post status-publish format-standard hentry category-noticias\" role=\"listitem\">\n\t\t\t<div class=\"elementor-post__card\">\n\t\t\t\t<div class=\"elementor-post__text\">\n\t\t\t\t<h3 class=\"elementor-post__title\">\n\t\t\t<a href=\"https:\/\/propei.uerr.edu.br\/ppge\/2025\/05\/15\/seletivo-para-bolsista-ds-capes-ppge-2025-resultado-preliminar\/\" >\n\t\t\t\tSeletivo para bolsista DS\/CAPES-PPGE 2025 &#8211; Resultado Preliminar\t\t\t<\/a>\n\t\t<\/h3>\n\t\t\t\t<div class=\"elementor-post__excerpt\">\n\t\t\t<p>A Comiss\u00e3o respons\u00e1vel pela Sele\u00e7\u00e3o de Bolsas Demanda Social\/CAPES do\u00a0Mestrado Acad\u00eamico em Educa\u00e7\u00e3o, da Universidade Estadual de Roraima em associa\u00e7\u00e3o<\/p>\n\t\t<\/div>\n\t\t\n\t\t<a class=\"elementor-post__read-more\" href=\"https:\/\/propei.uerr.edu.br\/ppge\/2025\/05\/15\/seletivo-para-bolsista-ds-capes-ppge-2025-resultado-preliminar\/\" aria-label=\"Read more about Seletivo para bolsista DS\/CAPES-PPGE 2025 &#8211; Resultado Preliminar\" tabindex=\"-1\" >\n\t\t\tContinue Lendo &gt;&gt;\t\t<\/a>\n\n\t\t\t\t<\/div>\n\t\t\t\t<div class=\"elementor-post__meta-data\">\n\t\t\t\t\t<span class=\"elementor-post-date\">\n\t\t\t15 de maio de 2025\t\t<\/span>\n\t\t\t\t<\/div>\n\t\t\t\t\t<\/div>\n\t\t<\/article>\n\t\t\t\t<\/div>\n\t\t\n\t\t\t\t<div class=\"e-load-more-anchor\" data-page=\"1\" data-max-page=\"10\" data-next-page=\"https:\/\/propei.uerr.edu.br\/ppge\/wp-json\/wp\/v2\/pages\/1811\/page\/2\/\"><\/div>\n\t\t\t\t<nav class=\"elementor-pagination\" aria-label=\"Pagination\">\n\t\t\t<span class=\"page-numbers prev\">&laquo; Previous<\/span>\n<span aria-current=\"page\" class=\"page-numbers current\"><span class=\"elementor-screen-only\">Page<\/span>1<\/span>\n<a class=\"page-numbers\" href=\"https:\/\/propei.uerr.edu.br\/ppge\/wp-json\/wp\/v2\/pages\/1811\/page\/2\/\"><span class=\"elementor-screen-only\">Page<\/span>2<\/a>\n<a class=\"page-numbers\" href=\"https:\/\/propei.uerr.edu.br\/ppge\/wp-json\/wp\/v2\/pages\/1811\/page\/3\/\"><span class=\"elementor-screen-only\">Page<\/span>3<\/a>\n<span class=\"page-numbers dots\">&hellip;<\/span>\n<a class=\"page-numbers\" href=\"https:\/\/propei.uerr.edu.br\/ppge\/wp-json\/wp\/v2\/pages\/1811\/page\/10\/\"><span class=\"elementor-screen-only\">Page<\/span>10<\/a>\n<a class=\"page-numbers next\" href=\"https:\/\/propei.uerr.edu.br\/ppge\/wp-json\/wp\/v2\/pages\/1811\/page\/2\/\">Next &raquo;<\/a>\t\t<\/nav>\n\t\t\t\t\t\t<\/div>\n\t\t\t\t<\/div>\n\t\t\t\t<\/div>\n\t\t<div class=\"elementor-element elementor-element-7c6690b e-con-full elementor-hidden-tablet elementor-hidden-mobile e-flex e-con e-child\" data-id=\"7c6690b\" data-element_type=\"container\" data-e-type=\"container\">\n\t\t\t\t<div class=\"elementor-element elementor-element-0eac560 elementor-widget elementor-widget-heading\" data-id=\"0eac560\" data-element_type=\"widget\" data-e-type=\"widget\" data-widget_type=\"heading.default\">\n\t\t\t\t\t<h4 class=\"elementor-heading-title elementor-size-default\">Links Institucionais<\/h4>\t\t\t\t<\/div>\n\t\t\t\t<div class=\"elementor-element elementor-element-7ded081 elementor-widget elementor-widget-text-editor\" data-id=\"7ded081\" data-element_type=\"widget\" data-e-type=\"widget\" data-widget_type=\"text-editor.default\">\n\t\t\t\t\t\t\t\t\t<p><a href=\"https:\/\/www.rr.gov.br\/site\"><span style=\"color: #000000;\">GOVERNO DE RORAIMA<\/span><\/a><\/p><p><a href=\"https:\/\/www.gov.br\/capes\/pt-br\"><span style=\"color: #000000;\">CAPES<\/span><\/a><\/p><p><a href=\"https:\/\/www.ifrr.edu.br\/\"><span style=\"color: #000000;\">IFRR<\/span><\/a><\/p><p><a href=\"https:\/\/anped.org.br\/\"><span style=\"color: #000000;\">ANPED<\/span><\/a><\/p>\t\t\t\t\t\t\t\t<\/div>\n\t\t\t\t<\/div>\n\t\t\t\t\t<\/div>\n\t\t\t\t<\/div>\n\t\t\t\t<\/div>\n\t\t","protected":false},"excerpt":{"rendered":"<p>\u00daltimas not\u00edcias Links Institucionais GOVERNO DE RORAIMA CAPES IFRR ANPED<\/p>\n","protected":false},"author":1,"featured_media":0,"parent":0,"menu_order":0,"comment_status":"closed","ping_status":"closed","template":"","meta":{"footnotes":""},"class_list":["post-1811","page","type-page","status-publish","hentry"],"_links":{"self":[{"href":"https:\/\/propei.uerr.edu.br\/ppge\/wp-json\/wp\/v2\/pages\/1811","targetHints":{"allow":["GET"]}}],"collection":[{"href":"https:\/\/propei.uerr.edu.br\/ppge\/wp-json\/wp\/v2\/pages"}],"about":[{"href":"https:\/\/propei.uerr.edu.br\/ppge\/wp-json\/wp\/v2\/types\/page"}],"author":[{"embeddable":true,"href":"https:\/\/propei.uerr.edu.br\/ppge\/wp-json\/wp\/v2\/users\/1"}],"replies":[{"embeddable":true,"href":"https:\/\/propei.uerr.edu.br\/ppge\/wp-json\/wp\/v2\/comments?post=1811"}],"version-history":[{"count":10,"href":"https:\/\/propei.uerr.edu.br\/ppge\/wp-json\/wp\/v2\/pages\/1811\/revisions"}],"predecessor-version":[{"id":1884,"href":"https:\/\/propei.uerr.edu.br\/ppge\/wp-json\/wp\/v2\/pages\/1811\/revisions\/1884"}],"wp:attachment":[{"href":"https:\/\/propei.uerr.edu.br\/ppge\/wp-json\/wp\/v2\/media?parent=1811"}],"curies":[{"name":"wp","href":"https:\/\/api.w.org\/{rel}","templated":true}]}}