{"id":818,"date":"2025-03-27T11:42:10","date_gmt":"2025-03-27T14:42:10","guid":{"rendered":"https:\/\/propei.uerr.edu.br\/mpspdhc\/?page_id=818"},"modified":"2025-03-27T11:51:13","modified_gmt":"2025-03-27T14:51:13","slug":"dissertacoes-ppgshpdhc-2024","status":"publish","type":"page","link":"https:\/\/propei.uerr.edu.br\/ppgdhc\/dissertacoes-ppgshpdhc-2024\/","title":{"rendered":"Disserta\u00e7\u00f5es PPGDHC 2024"},"content":{"rendered":"<ul>\n<li><strong>ANDREIA FREITAS VALLANDRO<\/strong><\/li>\n<\/ul>\n<p><strong>T\u00edtulo: <\/strong><a href=\"https:\/\/drive.google.com\/file\/d\/1HVKD7lZQYvDqdoGbeJgT9pmTkPRplaaq\/view?usp=sharing\">VIOL\u00caNCIA DE G\u00caNERO: A APLICABILIDADE E EFETIVIDADE DA LEI MARIA DA PENHA A MULHER VENEZUELANA EM BOA VISTA- RR (2020 \u2013 2024)<\/a><\/p>\n<ul>\n<li><strong>EDUARDO ALVARES DE CARVALHO<\/strong><\/li>\n<\/ul>\n<p><strong>T\u00edtulo: <\/strong><a href=\"https:\/\/drive.google.com\/file\/d\/1Do3stbQh0vPwqOdUDp3AuyCDUJVcbOAG\/view?usp=sharing\">IMPACTO DA MIGRA\u00c7\u00c3O VENEZUELANA NOS \u00cdNDICES DE CRIMINALIDADE NA CIDADE DE BOA VISTA-RR (2019 \u2013 2021)<\/a><\/p>\n<ul>\n<li><strong>EMILIANO ARTUR DE FREITAS LIMA FILHO<\/strong><\/li>\n<\/ul>\n<p><strong>T\u00edtulo: <\/strong><a href=\"https:\/\/drive.google.com\/file\/d\/1oxv2mncpj4e_EHVIiC9km3YCtqOIUSU4\/view?usp=sharing\">O PROCESSO PENAL DA PESSOA AUTODECLARADA IND\u00cdGENA NOS CRIMES CONTRA A DIGNIDADE SEXUAL E A RESOLU\u00c7\u00c3O CNJ N.o 287\/2019<\/a><\/p>\n<ul>\n<li><strong>JORGE HENRIQUE TEIXIERA VERDE<\/strong><\/li>\n<\/ul>\n<p><strong>T\u00edtulo: <\/strong><a href=\"https:\/\/drive.google.com\/file\/d\/1YhcuM0IydfpZPvuokzxj-5FCowtAjzCN\/view?usp=sharing\">NOTA FISCAL RORAIMENSE: INSTRUMENTO DE CIDADANIA FISCAL<\/a><\/p>\n<ul>\n<li><strong>MARIANA DJENANE PESSOA DE ALBUQUERQUE<\/strong><\/li>\n<\/ul>\n<p><strong>T\u00edtulo: <\/strong><a href=\"https:\/\/drive.google.com\/file\/d\/1GYAA4THYNQvxoLxZ-jVjrB_aOlRPm3hI\/view?usp=sharing\">O USO DAS TERAPIAS INTEGRATIVAS NO SISTEMA PRISIONAL<\/a><\/p>\n<ul>\n<li><strong>MAYCON KENNEDY BARBOSA MOLETA <\/strong><\/li>\n<\/ul>\n<p><strong>T\u00edtulo:<\/strong> <a href=\"https:\/\/drive.google.com\/file\/d\/1bfpWqRCpEjv4S8B2JM_zbA5-eHalhYAD\/view?usp=sharing\">UMA PROPOSTA DE MANUAL PARA ADO\u00c7\u00c3O DE PROCEDIMENTOS OPERACIONAIS EM CONTEXTO JUR\u00cdDICO PARA TRADUTORES E INT\u00c9RPRETES DE LIBRAS\u00a0<\/a><\/p>\n<ul>\n<li><strong>PAULA RAYSA CARDOSO BEZERRA<\/strong><\/li>\n<\/ul>\n<p><strong>T\u00edtulo: <\/strong><a href=\"https:\/\/drive.google.com\/file\/d\/1AHJsSvPqbqWTEikl_Yg5aRLR1JNszvRz\/view?usp=sharing\">MENDIC\u00c2NCIA DE CRIAN\u00c7AS MIGRANTES EM RORAIMA: ENTREVISTAS COM OS JU\u00cdZES DAS VARAS DA INF\u00c2NCIA E JUVENTUDE DA COMARCA DE BOA VISTA<\/a><\/p>\n<ul>\n<li><strong>PHILLIP BARBIEUX SAMPAIO BRAGA DE MACEDO\u00a0<\/strong><\/li>\n<\/ul>\n<p><strong>T\u00edtulo: <\/strong><a href=\"https:\/\/drive.google.com\/file\/d\/1LduWQEYIbUyUYV4N6kAvLXwPLiJB_WoB\/view?usp=sharing\">O TERMO DE AJUSTAMENTO DE CONDUTA NO DIREITO ADMINISTRATIVO DISCIPLINAR: A COEXIST\u00caNCIA DA CONSENSUALIDADE COM A INDISPONIBILIDADE DO INTERESSE P\u00daBLICO NAS ATIVIDADES DESENVOLVIDAS PELA CORREGEDORIA-GERAL DO TRIBUNAL DE JUSTI\u00c7A DO ESTADO DE RORAIMA<\/a><\/p>\n<p>&nbsp;<\/p>\n","protected":false},"excerpt":{"rendered":"<p>ANDREIA FREITAS VALLANDRO T\u00edtulo: VIOL\u00caNCIA DE G\u00caNERO: A APLICABILIDADE E EFETIVIDADE DA LEI MARIA DA PENHA A MULHER VENEZUELANA EM BOA VISTA- RR (2020 \u2013 2024) EDUARDO ALVARES DE CARVALHO T\u00edtulo: IMPACTO DA MIGRA\u00c7\u00c3O VENEZUELANA NOS \u00cdNDICES DE CRIMINALIDADE NA CIDADE DE BOA VISTA-RR (2019 \u2013 2021) EMILIANO ARTUR DE FREITAS LIMA FILHO T\u00edtulo: O [&hellip;]<\/p>\n","protected":false},"author":3,"featured_media":0,"parent":0,"menu_order":0,"comment_status":"closed","ping_status":"closed","template":"","meta":{"footnotes":""},"class_list":["post-818","page","type-page","status-publish","hentry"],"_links":{"self":[{"href":"https:\/\/propei.uerr.edu.br\/ppgdhc\/wp-json\/wp\/v2\/pages\/818","targetHints":{"allow":["GET"]}}],"collection":[{"href":"https:\/\/propei.uerr.edu.br\/ppgdhc\/wp-json\/wp\/v2\/pages"}],"about":[{"href":"https:\/\/propei.uerr.edu.br\/ppgdhc\/wp-json\/wp\/v2\/types\/page"}],"author":[{"embeddable":true,"href":"https:\/\/propei.uerr.edu.br\/ppgdhc\/wp-json\/wp\/v2\/users\/3"}],"replies":[{"embeddable":true,"href":"https:\/\/propei.uerr.edu.br\/ppgdhc\/wp-json\/wp\/v2\/comments?post=818"}],"version-history":[{"count":3,"href":"https:\/\/propei.uerr.edu.br\/ppgdhc\/wp-json\/wp\/v2\/pages\/818\/revisions"}],"predecessor-version":[{"id":823,"href":"https:\/\/propei.uerr.edu.br\/ppgdhc\/wp-json\/wp\/v2\/pages\/818\/revisions\/823"}],"wp:attachment":[{"href":"https:\/\/propei.uerr.edu.br\/ppgdhc\/wp-json\/wp\/v2\/media?parent=818"}],"curies":[{"name":"wp","href":"https:\/\/api.w.org\/{rel}","templated":true}]}}