{"id":771,"date":"2024-12-06T09:49:26","date_gmt":"2024-12-06T12:49:26","guid":{"rendered":"https:\/\/propei.uerr.edu.br\/mpspdhc\/?page_id=771"},"modified":"2026-04-06T12:19:46","modified_gmt":"2026-04-06T15:19:46","slug":"matriculas","status":"publish","type":"page","link":"https:\/\/propei.uerr.edu.br\/ppgdhc\/matriculas\/","title":{"rendered":"Matr\u00edculas"},"content":{"rendered":"<h2><a href=\"https:\/\/propei.uerr.edu.br\/ppgdhc\/wp-content\/uploads\/2025\/01\/COMUNICADO_DE_MATRICULA_e_RETORNO_AS_AULAS_2025.1.pdf\">Oferta e Cronograma de disciplinas 2025.1<\/a><\/h2>\n<h2><a href=\"https:\/\/propei.uerr.edu.br\/ppgdhc\/wp-content\/uploads\/2024\/12\/RESULTADO_FINAL_PROCESSO_SELETIVO_FLUXO_CONTINUO_2024.2-1.pdf\"><strong>Turma 2025.1 &#8211; Resultado Final e orienta\u00e7\u00f5es para matr\u00edcula<\/strong><\/a><\/h2>\n<h2><a href=\"https:\/\/propei.uerr.edu.br\/ppgdhc\/wp-content\/uploads\/2024\/12\/SEI_GRR-15613391-Edital.pdf\"><strong>Edital de Convoca\u00e7\u00e3o para Matr\u00edcula<\/strong><\/a><\/h2>\n<h2><a href=\"https:\/\/propei.uerr.edu.br\/ppgdhc\/wp-content\/uploads\/2024\/12\/selecao-2025-Anexo-I-ficha-de-inscricao.docx\"><strong>Anexo I &#8211; Ficha de Inscri\u00e7\u00e3o<\/strong><\/a><\/h2>\n<h2><a href=\"https:\/\/propei.uerr.edu.br\/ppgdhc\/wp-content\/uploads\/2024\/12\/selecao-2025-Anexo-II-Termo-de-Compromisso.docx\"><strong>anexo II &#8211; Termo de Compromisso<\/strong><\/a><\/h2>\n<h2><a href=\"https:\/\/propei.uerr.edu.br\/ppgdhc\/wp-content\/uploads\/2024\/12\/selecao-2025-Anexo-III-Lista-de-disciplinas.docx\"><strong>Anexo III &#8211; Lista de Disciplinas<\/strong><\/a><\/h2>\n","protected":false},"excerpt":{"rendered":"<p>Oferta e Cronograma de disciplinas 2025.1 Turma 2025.1 &#8211; Resultado Final e orienta\u00e7\u00f5es para matr\u00edcula Edital de Convoca\u00e7\u00e3o para Matr\u00edcula Anexo I &#8211; Ficha de Inscri\u00e7\u00e3o anexo II &#8211; Termo de Compromisso Anexo III &#8211; Lista de Disciplinas<\/p>\n","protected":false},"author":3,"featured_media":0,"parent":0,"menu_order":0,"comment_status":"closed","ping_status":"closed","template":"","meta":{"footnotes":""},"class_list":["post-771","page","type-page","status-publish","hentry"],"_links":{"self":[{"href":"https:\/\/propei.uerr.edu.br\/ppgdhc\/wp-json\/wp\/v2\/pages\/771","targetHints":{"allow":["GET"]}}],"collection":[{"href":"https:\/\/propei.uerr.edu.br\/ppgdhc\/wp-json\/wp\/v2\/pages"}],"about":[{"href":"https:\/\/propei.uerr.edu.br\/ppgdhc\/wp-json\/wp\/v2\/types\/page"}],"author":[{"embeddable":true,"href":"https:\/\/propei.uerr.edu.br\/ppgdhc\/wp-json\/wp\/v2\/users\/3"}],"replies":[{"embeddable":true,"href":"https:\/\/propei.uerr.edu.br\/ppgdhc\/wp-json\/wp\/v2\/comments?post=771"}],"version-history":[{"count":7,"href":"https:\/\/propei.uerr.edu.br\/ppgdhc\/wp-json\/wp\/v2\/pages\/771\/revisions"}],"predecessor-version":[{"id":997,"href":"https:\/\/propei.uerr.edu.br\/ppgdhc\/wp-json\/wp\/v2\/pages\/771\/revisions\/997"}],"wp:attachment":[{"href":"https:\/\/propei.uerr.edu.br\/ppgdhc\/wp-json\/wp\/v2\/media?parent=771"}],"curies":[{"name":"wp","href":"https:\/\/api.w.org\/{rel}","templated":true}]}}