{"id":76,"date":"2015-08-07T14:21:10","date_gmt":"2015-08-07T14:21:10","guid":{"rendered":"http:\/\/uerr.edu.br\/ppgec\/?page_id=76"},"modified":"2024-04-18T14:34:47","modified_gmt":"2024-04-18T17:34:47","slug":"corpo-docente","status":"publish","type":"page","link":"https:\/\/propei.uerr.edu.br\/ppgdhc\/corpo-docente\/","title":{"rendered":"Corpo Docente"},"content":{"rendered":"<p style=\"text-align: center;\"><strong>N\u00daCLEO DE DOCENTES DO PPG MESTRADO EM SEGURAN\u00c7A P\u00daBLICA, DIREITOS HUMANOS E CIDADANIA<\/strong><\/p>\n<p style=\"text-align: center;\"><strong>\u00a0<\/strong><\/p>\n<table class=\" aligncenter\">\n<tbody>\n<tr>\n<td width=\"45\"><strong>Ord.<\/strong><\/td>\n<td width=\"325\"><strong>Professores<\/strong><\/td>\n<td width=\"276\"><strong>Id Lattes<\/strong><\/td>\n<\/tr>\n<tr>\n<td width=\"45\">1.<\/td>\n<td width=\"325\">Carlos Alberto Borges da Silva<\/td>\n<td width=\"276\"><a href=\"http:\/\/lattes.cnpq.br\/0325588715769185\">http:\/\/lattes.cnpq.br\/0325588715769185<\/a><\/td>\n<\/tr>\n<tr>\n<td width=\"45\">2.<\/td>\n<td width=\"325\">Cl\u00e1udio Travassos Delicato<\/td>\n<td width=\"276\"><a href=\"http:\/\/lattes.cnpq.br\/6491741235470830\">http:\/\/lattes.cnpq.br\/6491741235470830<\/a><\/td>\n<\/tr>\n<tr>\n<td width=\"45\">3.<\/td>\n<td width=\"325\">Edgard Vin\u00edcius Cacho Zanette<\/td>\n<td width=\"276\"><a href=\"http:\/\/lattes.cnpq.br\/2166678241355907\">http:\/\/lattes.cnpq.br\/2166678241355907<\/a><\/td>\n<\/tr>\n<tr>\n<td width=\"45\">4.<\/td>\n<td width=\"325\">Edson Damas da Silveira<\/td>\n<td width=\"276\"><a href=\"http:\/\/lattes.cnpq.br\/7594316798005183\">http:\/\/lattes.cnpq.br\/7594316798005183<\/a><\/td>\n<\/tr>\n<tr>\n<td width=\"45\">5.<\/td>\n<td width=\"325\">Emanoel Maciel da Silva Ramiro<\/td>\n<td width=\"276\"><a href=\"http:\/\/lattes.cnpq.br\/1772116130794874\">http:\/\/lattes.cnpq.br\/1772116130794874<\/a><\/td>\n<\/tr>\n<tr>\n<td width=\"45\">6.<\/td>\n<td width=\"325\">Erick Cavalcanti Linhares Lima<\/td>\n<td width=\"276\"><a href=\"http:\/\/lattes.cnpq.br\/3184371152365814\">http:\/\/lattes.cnpq.br\/3184371152365814<\/a><\/td>\n<\/tr>\n<tr>\n<td width=\"45\">7.<\/td>\n<td width=\"325\">Fernando C\u00e9sar Costa Xavier<\/td>\n<td width=\"276\"><a href=\"http:\/\/lattes.cnpq.br\/9838214378778173\">http:\/\/lattes.cnpq.br\/9838214378778173<\/a><\/td>\n<\/tr>\n<tr>\n<td width=\"45\">8.<\/td>\n<td width=\"325\">Isabella Coutinho Costa<\/td>\n<td width=\"276\"><a href=\"http:\/\/lattes.cnpq.br\/2339330116944671\">http:\/\/lattes.cnpq.br\/2339330116944671<\/a><\/td>\n<\/tr>\n<tr>\n<td width=\"45\">9.<\/td>\n<td width=\"325\">Josias Ferreira da Silva<\/td>\n<td width=\"276\"><a href=\"http:\/\/lattes.cnpq.br\/8790975990989937\">http:\/\/lattes.cnpq.br\/8790975990989937<\/a><\/td>\n<\/tr>\n<tr>\n<td width=\"45\">10.<\/td>\n<td width=\"325\">Leila Chagas de Souza Costa<\/td>\n<td width=\"276\"><a href=\"http:\/\/lattes.cnpq.br\/8351972995088684\">http:\/\/lattes.cnpq.br\/8351972995088684<\/a><\/td>\n<\/tr>\n<tr>\n<td width=\"45\">11.<\/td>\n<td width=\"325\">Paulo Eduardo Barni<\/td>\n<td width=\"276\"><a href=\"http:\/\/lattes.cnpq.br\/5113292838828897\">http:\/\/lattes.cnpq.br\/5113292838828897<\/a><\/td>\n<\/tr>\n<tr>\n<td width=\"45\">12.<\/td>\n<td width=\"325\">Regys Odlare Lima de Freitas<\/td>\n<td width=\"276\"><a href=\"http:\/\/lattes.cnpq.br\/6424921143547338\">http:\/\/lattes.cnpq.br\/6424921143547338<\/a><\/td>\n<\/tr>\n<tr>\n<td width=\"45\">13.<\/td>\n<td width=\"325\">Rildo Dias da Silva<\/td>\n<td width=\"276\"><a href=\"http:\/\/lattes.cnpq.br\/6357909394414585\">http:\/\/lattes.cnpq.br\/6357909394414585<\/a><\/td>\n<\/tr>\n<tr>\n<td width=\"45\">14.<\/td>\n<td width=\"325\">Serguei Aily Franco de Camargo<\/td>\n<td width=\"276\"><a href=\"http:\/\/lattes.cnpq.br\/7304297274273182\">http:\/\/lattes.cnpq.br\/7304297274273182<\/a><\/td>\n<\/tr>\n<tr>\n<td width=\"45\">15.<\/td>\n<td width=\"325\">Vin\u00edcius Denardin Cardoso<\/td>\n<td width=\"276\"><a href=\"http:\/\/lattes.cnpq.br\/8859800713636916\">http:\/\/lattes.cnpq.br\/8859800713636916<\/a><\/td>\n<\/tr>\n<\/tbody>\n<\/table>\n<p style=\"text-align: center;\"><strong>Coordena\u00e7\u00e3o do MPSPDHC: <\/strong>Prof. Josias Ferreira da Silva<\/p>\n","protected":false},"excerpt":{"rendered":"<p>N\u00daCLEO DE DOCENTES DO PPG MESTRADO EM SEGURAN\u00c7A P\u00daBLICA, DIREITOS HUMANOS E CIDADANIA \u00a0 Ord. Professores Id Lattes 1. Carlos Alberto Borges da Silva http:\/\/lattes.cnpq.br\/0325588715769185 2. Cl\u00e1udio Travassos Delicato http:\/\/lattes.cnpq.br\/6491741235470830 3. Edgard Vin\u00edcius Cacho Zanette http:\/\/lattes.cnpq.br\/2166678241355907 4. Edson Damas da Silveira http:\/\/lattes.cnpq.br\/7594316798005183 5. Emanoel Maciel da Silva Ramiro http:\/\/lattes.cnpq.br\/1772116130794874 6. Erick Cavalcanti Linhares Lima http:\/\/lattes.cnpq.br\/3184371152365814 [&hellip;]<\/p>\n","protected":false},"author":1,"featured_media":0,"parent":0,"menu_order":0,"comment_status":"open","ping_status":"open","template":"","meta":{"footnotes":""},"class_list":["post-76","page","type-page","status-publish","hentry"],"_links":{"self":[{"href":"https:\/\/propei.uerr.edu.br\/ppgdhc\/wp-json\/wp\/v2\/pages\/76","targetHints":{"allow":["GET"]}}],"collection":[{"href":"https:\/\/propei.uerr.edu.br\/ppgdhc\/wp-json\/wp\/v2\/pages"}],"about":[{"href":"https:\/\/propei.uerr.edu.br\/ppgdhc\/wp-json\/wp\/v2\/types\/page"}],"author":[{"embeddable":true,"href":"https:\/\/propei.uerr.edu.br\/ppgdhc\/wp-json\/wp\/v2\/users\/1"}],"replies":[{"embeddable":true,"href":"https:\/\/propei.uerr.edu.br\/ppgdhc\/wp-json\/wp\/v2\/comments?post=76"}],"version-history":[{"count":3,"href":"https:\/\/propei.uerr.edu.br\/ppgdhc\/wp-json\/wp\/v2\/pages\/76\/revisions"}],"predecessor-version":[{"id":667,"href":"https:\/\/propei.uerr.edu.br\/ppgdhc\/wp-json\/wp\/v2\/pages\/76\/revisions\/667"}],"wp:attachment":[{"href":"https:\/\/propei.uerr.edu.br\/ppgdhc\/wp-json\/wp\/v2\/media?parent=76"}],"curies":[{"name":"wp","href":"https:\/\/api.w.org\/{rel}","templated":true}]}}