{"id":725,"date":"2024-10-24T12:22:20","date_gmt":"2024-10-24T15:22:20","guid":{"rendered":"https:\/\/propei.uerr.edu.br\/mpspdhc\/?page_id=725"},"modified":"2026-04-07T10:49:17","modified_gmt":"2026-04-07T13:49:17","slug":"selecao-para-aluno-regular","status":"publish","type":"page","link":"https:\/\/propei.uerr.edu.br\/ppgdhc\/selecao-para-aluno-regular\/","title":{"rendered":"Sele\u00e7\u00e3o para Aluno Regular"},"content":{"rendered":"<h2><a href=\"https:\/\/propei.uerr.edu.br\/ppgdhc\/wp-content\/uploads\/2024\/11\/CANDIDATOS-INSCRITOS-2024.2-FLUXO-CONTINUO.pdf\">**RELA\u00c7\u00c3O DE CANDIDATOS INSCRITOS**<\/a><\/h2>\n<h2><a href=\"https:\/\/propei.uerr.edu.br\/ppgdhc\/wp-content\/uploads\/2024\/11\/2.-BANCAS-DE-SELECAO-FLUXO-CONTINUO-2024.2.pdf\">**CRONOGRAMA DAS BANCAS**<\/a><\/h2>\n<h2><a href=\"https:\/\/propei.uerr.edu.br\/ppgdhc\/wp-content\/uploads\/2024\/11\/SUGESTAO-Checklist-de-preparacao-para-a-etapa-de-entrevista.pdf\">**CHECKLIST COM ORIENTA\u00c7\u00d5ES AOS CANDIDATOS**<\/a><\/h2>\n<p>&nbsp;<\/p>\n<hr \/>\n<h2><\/h2>\n<h2><a href=\"https:\/\/propei.uerr.edu.br\/ppgdhc\/wp-content\/uploads\/2024\/11\/1.-ESCLARECIMENTO-SOBRE-AS-ALTERACOES-NO-PPGSPDHC.pdf.pdf\">1. ESCLARECIMENTO SOBRE AS ALTERA\u00c7\u00d5ES NO PPGSPDHC<\/a><\/h2>\n<h2><a href=\"https:\/\/propei.uerr.edu.br\/ppgdhc\/wp-content\/uploads\/2024\/10\/2.-RESOLUCAO-N.o-50-DE-24-DE-JUNHO-DE-2024.pdf\">2. RESOLU\u00c7\u00c3O N.\u00ba 50, DE 24 DE JUNHO DE 2024<\/a><\/h2>\n<h2><a href=\"https:\/\/propei.uerr.edu.br\/ppgdhc\/wp-content\/uploads\/2024\/10\/3.-AD-REFERENDUM-resolucao-CONUNI-80-2024-Altera-Linhas-Pesquisa-PPGSPDHC.pdf\">3. AD REFERENDUM &#8211; resolucao CONUNI 80-2024 Altera Linhas Pesquisa PPGSPDHC<\/a><\/h2>\n<h2><a href=\"https:\/\/propei.uerr.edu.br\/ppgdhc\/wp-content\/uploads\/2024\/10\/4.-INSTRUCOES-PARA-INGRESSO-NO-PPGDHC.pdf\">4. INSTRU\u00c7\u00d5ES PARA INGRESSO NO PPGDHC<\/a><\/h2>\n<h2><a href=\"https:\/\/propei.uerr.edu.br\/ppgdhc\/wp-content\/uploads\/2024\/10\/5.-CRONOGRAMA-PARA-INGRESSO-2025.1.pdf\">5. CRONOGRAMA PARA INGRESSO 2025.1<\/a><\/h2>\n<h2><a href=\"https:\/\/propei.uerr.edu.br\/ppgdhc\/wp-content\/uploads\/2024\/11\/6.-VAGAS-POR-ORIENTADOR-PARA-2025.1.docx.pdf\">6. VAGAS POR ORIENTADOR PARA 2025.1<\/a><\/h2>\n<h2><a href=\"https:\/\/propei.uerr.edu.br\/ppgdhc\/wp-content\/uploads\/2024\/10\/7.-FICHA-DE-INSCRICAO-PARA-O-PROCESSO-DE-SELECAO-FLUXO-CONTINUO.pdf\">7. FICHA DE INSCRI\u00c7\u00c3O PARA O PROCESSO DE SELE\u00c7\u00c3O FLUXO CONT\u00cdNUO<\/a><\/h2>\n<h2><a href=\"https:\/\/propei.uerr.edu.br\/ppgdhc\/wp-content\/uploads\/2024\/10\/8.-FICHA-DE-AVALIACAO-FLUXO-CONTINUO.pdf\">8. FICHA DE AVALIA\u00c7\u00c3O FLUXO CONT\u00cdNUO<\/a><\/h2>\n<h2><a href=\"https:\/\/propei.uerr.edu.br\/ppgdhc\/wp-content\/uploads\/2024\/10\/9.-TABELA-DE-CONVERSAO-DE-CONCEITOS.pdf\">9. TABELA DE CONVERS\u00c3O DE CONCEITOS<\/a><\/h2>\n<h2><a href=\"https:\/\/propei.uerr.edu.br\/ppgdhc\/wp-content\/uploads\/2024\/10\/10.-MODELO-DE-PROJETO-DE-PESQUISA.pdf\">10. MODELO DE PROJETO DE PESQUISA<\/a><\/h2>\n<h2><a href=\"https:\/\/propei.uerr.edu.br\/ppgdhc\/wp-content\/uploads\/2024\/10\/11.-CARTA-DE-ACEITE-ORIENTACAO.pdf\">11. CARTA DE ACEITE ORIENTA\u00c7\u00c3O<\/a><\/h2>\n<h2><a href=\"https:\/\/propei.uerr.edu.br\/ppgdhc\/wp-content\/uploads\/2024\/10\/12.-TERMO-DE-CONFIDENCIALIDADE-E-RESPONSABILIDADE.pdf\">12. TERMO DE CONFIDENCIALIDADE E RESPONSABILIDADE<\/a><\/h2>\n","protected":false},"excerpt":{"rendered":"<p>**RELA\u00c7\u00c3O DE CANDIDATOS INSCRITOS** **CRONOGRAMA DAS BANCAS** **CHECKLIST COM ORIENTA\u00c7\u00d5ES AOS CANDIDATOS** &nbsp; 1. ESCLARECIMENTO SOBRE AS ALTERA\u00c7\u00d5ES NO PPGSPDHC 2. RESOLU\u00c7\u00c3O N.\u00ba 50, DE 24 DE JUNHO DE 2024 3. AD REFERENDUM &#8211; resolucao CONUNI 80-2024 Altera Linhas Pesquisa PPGSPDHC 4. INSTRU\u00c7\u00d5ES PARA INGRESSO NO PPGDHC 5. CRONOGRAMA PARA INGRESSO 2025.1 6. VAGAS POR [&hellip;]<\/p>\n","protected":false},"author":3,"featured_media":0,"parent":0,"menu_order":0,"comment_status":"closed","ping_status":"closed","template":"","meta":{"footnotes":""},"class_list":["post-725","page","type-page","status-publish","hentry"],"_links":{"self":[{"href":"https:\/\/propei.uerr.edu.br\/ppgdhc\/wp-json\/wp\/v2\/pages\/725","targetHints":{"allow":["GET"]}}],"collection":[{"href":"https:\/\/propei.uerr.edu.br\/ppgdhc\/wp-json\/wp\/v2\/pages"}],"about":[{"href":"https:\/\/propei.uerr.edu.br\/ppgdhc\/wp-json\/wp\/v2\/types\/page"}],"author":[{"embeddable":true,"href":"https:\/\/propei.uerr.edu.br\/ppgdhc\/wp-json\/wp\/v2\/users\/3"}],"replies":[{"embeddable":true,"href":"https:\/\/propei.uerr.edu.br\/ppgdhc\/wp-json\/wp\/v2\/comments?post=725"}],"version-history":[{"count":12,"href":"https:\/\/propei.uerr.edu.br\/ppgdhc\/wp-json\/wp\/v2\/pages\/725\/revisions"}],"predecessor-version":[{"id":1005,"href":"https:\/\/propei.uerr.edu.br\/ppgdhc\/wp-json\/wp\/v2\/pages\/725\/revisions\/1005"}],"wp:attachment":[{"href":"https:\/\/propei.uerr.edu.br\/ppgdhc\/wp-json\/wp\/v2\/media?parent=725"}],"curies":[{"name":"wp","href":"https:\/\/api.w.org\/{rel}","templated":true}]}}