{"id":409,"date":"2019-06-17T22:10:13","date_gmt":"2019-06-18T01:10:13","guid":{"rendered":"http:\/\/https:\/\/propei.uerr.edu.br\/mpspdhc\/?page_id=409"},"modified":"2026-04-06T12:18:18","modified_gmt":"2026-04-06T15:18:18","slug":"dissertacoes","status":"publish","type":"page","link":"https:\/\/propei.uerr.edu.br\/ppgdhc\/dissertacoes\/","title":{"rendered":"Disserta\u00e7\u00f5es"},"content":{"rendered":"<p>As disserta\u00e7\u00f5es do MPSPDHC podem ser acessadas por duas plataformas:<\/p>\n<ul>\n<li><strong><a href=\"https:\/\/propei.uerr.edu.br\/ppgdhc\/?page_id=818\">Reposit\u00f3rio de Disserta\u00e7\u00f5es do PPG\u00a0(Ano Base 2024)<\/a><\/strong><\/li>\n<li><strong><a href=\"https:\/\/producoes.uerr.edu.br\/category\/dissertacoes\/mestrado-profissional-em-seguranca-publica-direitos-humanos-e-cidadania\/\">Reposit\u00f3rio de Disserta\u00e7\u00f5es da MULTITECA\/UERR (Disserta\u00e7\u00f5es at\u00e9 2023)<\/a><\/strong><\/li>\n<li><strong><a href=\"https:\/\/catalogodeteses.capes.gov.br\/catalogo-teses\/#!\/\">Reposit\u00f3rio de Disserta\u00e7\u00f5es da Coordena\u00e7\u00e3o de Aperfei\u00e7oamento de Pessoal de N\u00edvel Superior (CAPES):<\/a>\u00a0<\/strong> a pesquisa pode ser realizada atrav\u00e9s do nome do aluno ou t\u00edtulo da disserta\u00e7\u00e3o, al\u00e9m de diversos outros filtros de busca que podem ser aplicados na consulta.<\/li>\n<\/ul>\n","protected":false},"excerpt":{"rendered":"<p>As disserta\u00e7\u00f5es do MPSPDHC podem ser acessadas por duas plataformas: Reposit\u00f3rio de Disserta\u00e7\u00f5es do PPG\u00a0(Ano Base 2024) Reposit\u00f3rio de Disserta\u00e7\u00f5es da MULTITECA\/UERR (Disserta\u00e7\u00f5es at\u00e9 2023) Reposit\u00f3rio de Disserta\u00e7\u00f5es da Coordena\u00e7\u00e3o de Aperfei\u00e7oamento de Pessoal de N\u00edvel Superior (CAPES):\u00a0 a pesquisa pode ser realizada atrav\u00e9s do nome do aluno ou t\u00edtulo da disserta\u00e7\u00e3o, al\u00e9m de diversos [&hellip;]<\/p>\n","protected":false},"author":1,"featured_media":0,"parent":0,"menu_order":0,"comment_status":"closed","ping_status":"closed","template":"","meta":{"footnotes":""},"class_list":["post-409","page","type-page","status-publish","hentry"],"_links":{"self":[{"href":"https:\/\/propei.uerr.edu.br\/ppgdhc\/wp-json\/wp\/v2\/pages\/409","targetHints":{"allow":["GET"]}}],"collection":[{"href":"https:\/\/propei.uerr.edu.br\/ppgdhc\/wp-json\/wp\/v2\/pages"}],"about":[{"href":"https:\/\/propei.uerr.edu.br\/ppgdhc\/wp-json\/wp\/v2\/types\/page"}],"author":[{"embeddable":true,"href":"https:\/\/propei.uerr.edu.br\/ppgdhc\/wp-json\/wp\/v2\/users\/1"}],"replies":[{"embeddable":true,"href":"https:\/\/propei.uerr.edu.br\/ppgdhc\/wp-json\/wp\/v2\/comments?post=409"}],"version-history":[{"count":9,"href":"https:\/\/propei.uerr.edu.br\/ppgdhc\/wp-json\/wp\/v2\/pages\/409\/revisions"}],"predecessor-version":[{"id":994,"href":"https:\/\/propei.uerr.edu.br\/ppgdhc\/wp-json\/wp\/v2\/pages\/409\/revisions\/994"}],"wp:attachment":[{"href":"https:\/\/propei.uerr.edu.br\/ppgdhc\/wp-json\/wp\/v2\/media?parent=409"}],"curies":[{"name":"wp","href":"https:\/\/api.w.org\/{rel}","templated":true}]}}