{"id":347,"date":"2018-06-18T10:42:38","date_gmt":"2018-06-18T13:42:38","guid":{"rendered":"http:\/\/https:\/\/propei.uerr.edu.br\/mpspdhc\/?page_id=347"},"modified":"2026-04-06T12:28:57","modified_gmt":"2026-04-06T15:28:57","slug":"modelos-de-documentos","status":"publish","type":"page","link":"https:\/\/propei.uerr.edu.br\/ppgdhc\/modelos-de-documentos\/","title":{"rendered":"Documentos"},"content":{"rendered":"<p><strong><a href=\"https:\/\/propei.uerr.edu.br\/ppgdhc\/wp-content\/uploads\/2022\/02\/Modelo-de-Memo-solicitando-Banca-de-Defesa-MPSPDHC-2021.pdf\">Modelo de Memo solicitando Banca de Defesa &#8211; MPSPDHC<\/a><\/strong><\/p>\n<p><strong><a href=\"https:\/\/propei.uerr.edu.br\/ppgdhc\/wp-content\/uploads\/2022\/02\/Modelo-de-Memo-solicitando-Banca-de-Qualificacao-MPSPDHC-2021.pdf\">Modelo de Memo solicitando Banca de Qualifica\u00e7\u00e3o &#8211; MPSPDHC<\/a><\/strong><\/p>\n<p><strong><a href=\"https:\/\/propei.uerr.edu.br\/ppgdhc\/wp-content\/uploads\/2018\/06\/projeto-qualificacao.docx\">Modelo de Projeto de Qualifica\u00e7\u00e3o (colorido)<\/a><\/strong><\/p>\n<p><strong><a href=\"https:\/\/propei.uerr.edu.br\/ppgdhc\/wp-content\/uploads\/2022\/02\/REQUERIMENTO-\u2013-ASSUNTOS-DIVERSOS.doc\">Requerimento &#8211; Assuntos diversos<\/a><\/strong><\/p>\n<p><a href=\"https:\/\/propei.uerr.edu.br\/ppgdhc\/wp-content\/uploads\/2025\/04\/Capa-e-itens-obrigatorios-da-dissertacao-no-PPGDHC-conforme-Resolucao-7.2022-1.docx\"><strong>Modelo de Disserta\u00e7\u00e3o<\/strong><\/a><\/p>\n<p><strong><a href=\"https:\/\/propei.uerr.edu.br\/ppgdhc\/wp-content\/uploads\/2023\/01\/ROTEIRO-PARA-SUBMISSAO-DE-NOTICIA-JUNTO-AO-MPSPDHC.docx\">Roteiro para submiss\u00e3o de not\u00edcias do MPSPDHC<\/a><\/strong><\/p>\n<p><strong><a href=\"https:\/\/propei.uerr.edu.br\/ppgdhc\/wp-content\/uploads\/2023\/04\/Carta-de-aceite-de-orientacao-MPSPDHC.docx\" target=\"_blank\" rel=\"noopener\">Carta de Aceite de Orienta\u00e7\u00e3o do MPSPDHC<\/a><\/strong><\/p>\n<p><a href=\"https:\/\/propei.uerr.edu.br\/ppgdhc\/wp-content\/uploads\/2024\/08\/TABELA-DE-CONVERSAO-DE-CONCEITOS.pdf\"><strong>Tabela de Convers\u00e3o de Conceitos<\/strong><\/a><\/p>\n","protected":false},"excerpt":{"rendered":"<p>Modelo de Memo solicitando Banca de Defesa &#8211; MPSPDHC Modelo de Memo solicitando Banca de Qualifica\u00e7\u00e3o &#8211; MPSPDHC Modelo de Projeto de Qualifica\u00e7\u00e3o (colorido) Requerimento &#8211; Assuntos diversos Modelo de Disserta\u00e7\u00e3o Roteiro para submiss\u00e3o de not\u00edcias do MPSPDHC Carta de Aceite de Orienta\u00e7\u00e3o do MPSPDHC Tabela de Convers\u00e3o de Conceitos<\/p>\n","protected":false},"author":1,"featured_media":0,"parent":0,"menu_order":0,"comment_status":"closed","ping_status":"closed","template":"","meta":{"footnotes":""},"class_list":["post-347","page","type-page","status-publish","hentry"],"_links":{"self":[{"href":"https:\/\/propei.uerr.edu.br\/ppgdhc\/wp-json\/wp\/v2\/pages\/347","targetHints":{"allow":["GET"]}}],"collection":[{"href":"https:\/\/propei.uerr.edu.br\/ppgdhc\/wp-json\/wp\/v2\/pages"}],"about":[{"href":"https:\/\/propei.uerr.edu.br\/ppgdhc\/wp-json\/wp\/v2\/types\/page"}],"author":[{"embeddable":true,"href":"https:\/\/propei.uerr.edu.br\/ppgdhc\/wp-json\/wp\/v2\/users\/1"}],"replies":[{"embeddable":true,"href":"https:\/\/propei.uerr.edu.br\/ppgdhc\/wp-json\/wp\/v2\/comments?post=347"}],"version-history":[{"count":17,"href":"https:\/\/propei.uerr.edu.br\/ppgdhc\/wp-json\/wp\/v2\/pages\/347\/revisions"}],"predecessor-version":[{"id":1001,"href":"https:\/\/propei.uerr.edu.br\/ppgdhc\/wp-json\/wp\/v2\/pages\/347\/revisions\/1001"}],"wp:attachment":[{"href":"https:\/\/propei.uerr.edu.br\/ppgdhc\/wp-json\/wp\/v2\/media?parent=347"}],"curies":[{"name":"wp","href":"https:\/\/api.w.org\/{rel}","templated":true}]}}