{"id":335,"date":"2018-06-11T13:00:07","date_gmt":"2018-06-11T16:00:07","guid":{"rendered":"http:\/\/https:\/\/propei.uerr.edu.br\/mpspdhc\/?page_id=335"},"modified":"2024-04-18T14:11:46","modified_gmt":"2024-04-18T17:11:46","slug":"perfil-do-egresso","status":"publish","type":"page","link":"https:\/\/propei.uerr.edu.br\/ppgdhc\/perfil-do-egresso\/","title":{"rendered":"Perfil do Egresso"},"content":{"rendered":"<p style=\"text-align: justify;\">O egresso dever\u00e1 ser capaz de atuar com lideran\u00e7a, rigor cient\u00edfico e profissionalismo. O egresso do curso de Mestrado Profissional em Seguran\u00e7a P\u00fablica, Direitos Humanos e Cidadania deve ser um disseminador de conhecimentos e valores em sua \u00e1rea de atua\u00e7\u00e3o. A Seguran\u00e7a P\u00fablica como meio de propiciar justi\u00e7a social e defesa dos princ\u00edpios constitucionais e democr\u00e1ticos, s\u00e3o um norte que deve ser alicer\u00e7ado pelo entendimento da fun\u00e7\u00e3o capital dos Direitos Humanos e a import\u00e2ncia da educa\u00e7\u00e3o cidad\u00e3. O egresso deve ter essa vis\u00e3o sist\u00eamica de sua forma\u00e7\u00e3o e atua\u00e7\u00e3o profissional, dominando os princ\u00edpios fundamentais que norteiam o entendimento do que seja o eixo relacional entre Seguran\u00e7a P\u00fablica, Direitos Humanos e Cidadania. Espera-se que os egressos sejam profissionais cr\u00edticos, reflexivos e capazes de contribuir em pesquisas e na melhoria da sociedade civil organizada.<\/p>\n","protected":false},"excerpt":{"rendered":"<p>O egresso dever\u00e1 ser capaz de atuar com lideran\u00e7a, rigor cient\u00edfico e profissionalismo. O egresso do curso de Mestrado Profissional em Seguran\u00e7a P\u00fablica, Direitos Humanos e Cidadania deve ser um disseminador de conhecimentos e valores em sua \u00e1rea de atua\u00e7\u00e3o. A Seguran\u00e7a P\u00fablica como meio de propiciar justi\u00e7a social e defesa dos princ\u00edpios constitucionais e [&hellip;]<\/p>\n","protected":false},"author":1,"featured_media":0,"parent":0,"menu_order":0,"comment_status":"closed","ping_status":"closed","template":"","meta":{"footnotes":""},"class_list":["post-335","page","type-page","status-publish","hentry"],"_links":{"self":[{"href":"https:\/\/propei.uerr.edu.br\/ppgdhc\/wp-json\/wp\/v2\/pages\/335","targetHints":{"allow":["GET"]}}],"collection":[{"href":"https:\/\/propei.uerr.edu.br\/ppgdhc\/wp-json\/wp\/v2\/pages"}],"about":[{"href":"https:\/\/propei.uerr.edu.br\/ppgdhc\/wp-json\/wp\/v2\/types\/page"}],"author":[{"embeddable":true,"href":"https:\/\/propei.uerr.edu.br\/ppgdhc\/wp-json\/wp\/v2\/users\/1"}],"replies":[{"embeddable":true,"href":"https:\/\/propei.uerr.edu.br\/ppgdhc\/wp-json\/wp\/v2\/comments?post=335"}],"version-history":[{"count":2,"href":"https:\/\/propei.uerr.edu.br\/ppgdhc\/wp-json\/wp\/v2\/pages\/335\/revisions"}],"predecessor-version":[{"id":658,"href":"https:\/\/propei.uerr.edu.br\/ppgdhc\/wp-json\/wp\/v2\/pages\/335\/revisions\/658"}],"wp:attachment":[{"href":"https:\/\/propei.uerr.edu.br\/ppgdhc\/wp-json\/wp\/v2\/media?parent=335"}],"curies":[{"name":"wp","href":"https:\/\/api.w.org\/{rel}","templated":true}]}}