{"id":295,"date":"2018-04-20T11:30:20","date_gmt":"2018-04-20T14:30:20","guid":{"rendered":"http:\/\/https:\/\/propei.uerr.edu.br\/mpspdhc\/?page_id=295"},"modified":"2024-04-18T14:33:25","modified_gmt":"2024-04-18T17:33:25","slug":"grupos-de-pesquisa","status":"publish","type":"page","link":"https:\/\/propei.uerr.edu.br\/ppgdhc\/grupos-de-pesquisa\/","title":{"rendered":"Grupos de Pesquisa"},"content":{"rendered":"<p style=\"text-align: justify;\"><strong>N\u00daCLEO DE ESTUDOS DA VIOL\u00caNCIA \u2013 NEV UERR<\/strong><\/p>\n<p style=\"text-align: justify;\">O N\u00facleo de Estudos da Viol\u00eancia da UERr (NEV-UERR) \u00e9 um dos N\u00facleos de Apoio \u00e0\u00a0Pesquisa da Pr\u00f3-Reitoria de Pesquisa da Universidade Estadual de Roraima.\u00a0Propomos desenvolver pesquisas e formar pesquisadores por meio\u00a0de uma abordagem interdisciplinar na discuss\u00e3o de temas relacionados \u00e0 viol\u00eancia,\u00a0democracia, diretos humanos e seguran\u00e7a p\u00fablica. Desde a sua cria\u00e7\u00e3o, o Mestrado Profissional em Seguran\u00e7a P\u00fablica, Direitos Humanos e Cidadania \u2013 MPSPDHC \u2013 da UERR, em conjunto com os cursos parceiros (Direito, Filosofia e Seguran\u00e7a P\u00fablica), realizam diversos estudos, pesquisas e eventos acerca da tem\u00e1tica da viol\u00eancia. Considerando essa situa\u00e7\u00e3o, surgiu a necessidade de promover um grupo de pesquisa, um n\u00facleo, que abarcasse tais produ\u00e7\u00f5es e permita uma maior articula\u00e7\u00e3o entre os pesquisadores. Neste sentido, o (NEV-UERR) tem por meta promover um espa\u00e7o p\u00fablico de cria\u00e7\u00e3o e de discuss\u00e3o sobre a tem\u00e1tica da viol\u00eancia. Esta meta se justifica pela necessidade de permitir que hajam investiga\u00e7\u00f5es relacionadas a temas e problemas cl\u00e1ssicos, bem como interven\u00e7\u00f5es e pesquisas sobre o real e a cotidianidade. Al\u00e9m disso, as a\u00e7\u00f5es desenvolvidas pelo (NEV-UERR) dar\u00e1 suporte \u00e0 produ\u00e7\u00e3o cient\u00edfica da Universidade Estadual de Roraima, atrav\u00e9s da publica\u00e7\u00e3o de artigos, livros, etc.<\/p>\n<p style=\"text-align: justify;\">\n<p style=\"text-align: justify;\"><strong>Linhas de Pesquisa do Mestrado <\/strong><\/p>\n<p style=\"text-align: justify;\"><strong>Nome:<\/strong><\/p>\n<p style=\"text-align: justify;\">Conflitos, crime, viol\u00eancia e Direitos Humanos.<\/p>\n<p style=\"text-align: justify;\"><strong>Descri\u00e7\u00e3o:<\/strong><\/p>\n<p style=\"text-align: justify;\">Esta linha de pesquisa objetiva investigar os fundamentos \u00e9ticos, hist\u00f3ricos, jur\u00eddicos e sociais dos Direitos Humanos, assim como propor novas formas de mediar conflitos que envolvam direitos fundamentais. Os entendimentos dos mecanismos do crime e da viol\u00eancia fazem parte das preocupa\u00e7\u00f5es da linha, de uma perspectiva interdisciplinar, envolvendo aportes de diversas \u00e1reas.<\/p>\n<p style=\"text-align: justify;\"><strong>\u00c1reas de concentra\u00e7\u00e3o vinculadas:<\/strong><\/p>\n<p style=\"text-align: justify;\">Seguran\u00e7a P\u00fablica, Direitos Humanos e Cidadania.<\/p>\n<p style=\"text-align: justify;\">\n<p style=\"text-align: justify;\"><strong>Nome:<\/strong><\/p>\n<p style=\"text-align: justify;\">Defesa social, gest\u00e3o p\u00fablica e sustentabilidade.<\/p>\n<p style=\"text-align: justify;\"><strong>Descri\u00e7\u00e3o:<\/strong><\/p>\n<p style=\"text-align: justify;\">Esta linha de pesquisa objetiva pesquisar mecanismos preventivos e reativos de defesa social e ambiental, assim como permitir inova\u00e7\u00f5es em gest\u00e3o p\u00fablica sustent\u00e1vel. Para tanto, a linha investiga quest\u00f5es relativas ao meio ambiente e territ\u00f3rio de uma perspectiva interdisciplinar.<\/p>\n<p style=\"text-align: justify;\"><strong>\u00c1reas de concentra\u00e7\u00e3o vinculadas:<\/strong><\/p>\n<p style=\"text-align: justify;\">Seguran\u00e7a P\u00fablica, Direitos Humanos e Cidadania.<\/p>\n","protected":false},"excerpt":{"rendered":"<p>N\u00daCLEO DE ESTUDOS DA VIOL\u00caNCIA \u2013 NEV UERR O N\u00facleo de Estudos da Viol\u00eancia da UERr (NEV-UERR) \u00e9 um dos N\u00facleos de Apoio \u00e0\u00a0Pesquisa da Pr\u00f3-Reitoria de Pesquisa da Universidade Estadual de Roraima.\u00a0Propomos desenvolver pesquisas e formar pesquisadores por meio\u00a0de uma abordagem interdisciplinar na discuss\u00e3o de temas relacionados \u00e0 viol\u00eancia,\u00a0democracia, diretos humanos e seguran\u00e7a p\u00fablica. [&hellip;]<\/p>\n","protected":false},"author":1,"featured_media":0,"parent":0,"menu_order":0,"comment_status":"closed","ping_status":"closed","template":"","meta":{"footnotes":""},"class_list":["post-295","page","type-page","status-publish","hentry"],"_links":{"self":[{"href":"https:\/\/propei.uerr.edu.br\/ppgdhc\/wp-json\/wp\/v2\/pages\/295","targetHints":{"allow":["GET"]}}],"collection":[{"href":"https:\/\/propei.uerr.edu.br\/ppgdhc\/wp-json\/wp\/v2\/pages"}],"about":[{"href":"https:\/\/propei.uerr.edu.br\/ppgdhc\/wp-json\/wp\/v2\/types\/page"}],"author":[{"embeddable":true,"href":"https:\/\/propei.uerr.edu.br\/ppgdhc\/wp-json\/wp\/v2\/users\/1"}],"replies":[{"embeddable":true,"href":"https:\/\/propei.uerr.edu.br\/ppgdhc\/wp-json\/wp\/v2\/comments?post=295"}],"version-history":[{"count":5,"href":"https:\/\/propei.uerr.edu.br\/ppgdhc\/wp-json\/wp\/v2\/pages\/295\/revisions"}],"predecessor-version":[{"id":666,"href":"https:\/\/propei.uerr.edu.br\/ppgdhc\/wp-json\/wp\/v2\/pages\/295\/revisions\/666"}],"wp:attachment":[{"href":"https:\/\/propei.uerr.edu.br\/ppgdhc\/wp-json\/wp\/v2\/media?parent=295"}],"curies":[{"name":"wp","href":"https:\/\/api.w.org\/{rel}","templated":true}]}}