{"id":63,"date":"2015-08-04T12:12:47","date_gmt":"2015-08-04T12:12:47","guid":{"rendered":"http:\/\/uerr.edu.br\/ppgec\/?page_id=51"},"modified":"2024-04-11T15:50:48","modified_gmt":"2024-04-11T19:50:48","slug":"contato","status":"publish","type":"page","link":"https:\/\/propei.uerr.edu.br\/ppgaasa\/contato\/","title":{"rendered":"Contato"},"content":{"rendered":"<h2>Coordenadora: Prof.\u00aa Dr.\u00aa M\u00e1rcia Teixeira Falc\u00e3o &#8211; UERR<\/h2>\n<h2>Coordenadores-Adjuntos: Prof. Dr. Sandro Loris Aquino Pereira &#8211; EMBRAPA RR \/ Prof. Dr. Bernard Jos\u00e9 Pereira Alves &#8211; IFRR<\/h2>\n<h2>Secretaria de P\u00f3s-gradua\u00e7\u00e3o<\/h2>\n<h2>Fone: 2121-0944<\/h2>\n<h2>E-mail: <a href=\"mailto:ppgec@uerr.edu.br\">agroecologia.ppg@uerr.edu.br<\/a><\/h2>\n","protected":false},"excerpt":{"rendered":"<p>Coordenadora: Prof.\u00aa Dr.\u00aa M\u00e1rcia Teixeira Falc\u00e3o &#8211; UERR Coordenadores-Adjuntos: Prof. Dr. Sandro Loris Aquino Pereira &#8211; EMBRAPA RR \/ Prof. Dr. Bernard Jos\u00e9 Pereira Alves &#8211; IFRR Secretaria de P\u00f3s-gradua\u00e7\u00e3o Fone: 2121-0944 E-mail: agroecologia.ppg@uerr.edu.br<\/p>\n","protected":false},"author":1,"featured_media":0,"parent":0,"menu_order":0,"comment_status":"open","ping_status":"open","template":"","meta":{"footnotes":""},"class_list":["post-63","page","type-page","status-publish","hentry"],"_links":{"self":[{"href":"https:\/\/propei.uerr.edu.br\/ppgaasa\/wp-json\/wp\/v2\/pages\/63","targetHints":{"allow":["GET"]}}],"collection":[{"href":"https:\/\/propei.uerr.edu.br\/ppgaasa\/wp-json\/wp\/v2\/pages"}],"about":[{"href":"https:\/\/propei.uerr.edu.br\/ppgaasa\/wp-json\/wp\/v2\/types\/page"}],"author":[{"embeddable":true,"href":"https:\/\/propei.uerr.edu.br\/ppgaasa\/wp-json\/wp\/v2\/users\/1"}],"replies":[{"embeddable":true,"href":"https:\/\/propei.uerr.edu.br\/ppgaasa\/wp-json\/wp\/v2\/comments?post=63"}],"version-history":[{"count":8,"href":"https:\/\/propei.uerr.edu.br\/ppgaasa\/wp-json\/wp\/v2\/pages\/63\/revisions"}],"predecessor-version":[{"id":1125,"href":"https:\/\/propei.uerr.edu.br\/ppgaasa\/wp-json\/wp\/v2\/pages\/63\/revisions\/1125"}],"wp:attachment":[{"href":"https:\/\/propei.uerr.edu.br\/ppgaasa\/wp-json\/wp\/v2\/media?parent=63"}],"curies":[{"name":"wp","href":"https:\/\/api.w.org\/{rel}","templated":true}]}}