{"id":61,"date":"2015-07-17T15:52:19","date_gmt":"2015-07-17T15:52:19","guid":{"rendered":"http:\/\/uerr.edu.br\/ppgec\/?page_id=34"},"modified":"2026-04-06T11:00:35","modified_gmt":"2026-04-06T15:00:35","slug":"downloads","status":"publish","type":"page","link":"https:\/\/propei.uerr.edu.br\/ppgaasa\/downloads\/","title":{"rendered":"Downloads"},"content":{"rendered":"<p><a href=\"https:\/\/propei.uerr.edu.br\/ppgaasa\/wp-content\/uploads\/2025\/03\/Carta-de-Aceite-de-Orientacao-Modelo.doc\">Carta de aceite de Orienta\u00e7\u00e3o<\/a><\/p>\n<p><a href=\"https:\/\/propei.uerr.edu.br\/ppgaasa\/wp-content\/uploads\/2025\/03\/CHECKLIST-PPGAASA.doc\" target=\"_blank\" rel=\"noopener\">Check List PPGA<\/a><\/p>\n<p><a href=\"https:\/\/propei.uerr.edu.br\/ppgaasa\/wp-content\/uploads\/2025\/03\/Carta-CONVITE-Modelo.doc\" target=\"_blank\" rel=\"noopener\">Modelo de carta convite<\/a><\/p>\n<p><a href=\"https:\/\/propei.uerr.edu.br\/ppgaasa\/wp-content\/uploads\/2024\/06\/Modelo-DISSERTACAO-artigos.docx\">Modelo de Disserta\u00e7\u00e3o PPGA &#8211; CAP\u00cdTULOS<\/a><\/p>\n<p><a href=\"https:\/\/propei.uerr.edu.br\/ppgaasa\/wp-content\/uploads\/2024\/06\/Modelo-DISSERTACAO.docx\">Modelo de Disserta\u00e7\u00e3o PPGA &#8211; TEXTO CORRIDO<\/a><\/p>\n<p><a href=\"https:\/\/propei.uerr.edu.br\/ppgaasa\/wp-content\/uploads\/2025\/03\/Modelo-de-Memo-solicitando-Banca-de-Qualificacao-PPGAASA.docx\" target=\"_blank\" rel=\"noopener\">Modelo de memorando para Banca de Qualifica\u00e7\u00e3o<\/a><\/p>\n<p><a href=\"https:\/\/propei.uerr.edu.br\/ppgaasa\/wp-content\/uploads\/2025\/03\/Modelo-de-Memo-solicitando-Banca-de-Defesa-PPGA.docx\" target=\"_blank\" rel=\"noopener\">Modelo de memorando para Banca de Defesa<\/a><\/p>\n<p><a href=\"https:\/\/propei.uerr.edu.br\/ppgaasa\/wp-content\/uploads\/2022\/10\/45_sei_17201_003520_2020_62_2.pdf\" target=\"_blank\" rel=\"noopener\">Regimento Interno do PPGA<\/a><\/p>\n<p><a href=\"https:\/\/propei.uerr.edu.br\/ppgaasa\/wp-content\/uploads\/2025\/03\/REQUERIMENTO-\u2013-ASSUNTOS-DIVERSOS-3.doc\">Requerimento para assuntos diversos<\/a><\/p>\n","protected":false},"excerpt":{"rendered":"<p>Carta de aceite de Orienta\u00e7\u00e3o Check List PPGA Modelo de carta convite Modelo de Disserta\u00e7\u00e3o PPGA &#8211; CAP\u00cdTULOS Modelo de Disserta\u00e7\u00e3o PPGA &#8211; TEXTO CORRIDO Modelo de memorando para Banca de Qualifica\u00e7\u00e3o Modelo de memorando para Banca de Defesa Regimento Interno do PPGA Requerimento para assuntos diversos<\/p>\n","protected":false},"author":1,"featured_media":0,"parent":0,"menu_order":0,"comment_status":"open","ping_status":"open","template":"","meta":{"footnotes":""},"class_list":["post-61","page","type-page","status-publish","hentry"],"_links":{"self":[{"href":"https:\/\/propei.uerr.edu.br\/ppgaasa\/wp-json\/wp\/v2\/pages\/61","targetHints":{"allow":["GET"]}}],"collection":[{"href":"https:\/\/propei.uerr.edu.br\/ppgaasa\/wp-json\/wp\/v2\/pages"}],"about":[{"href":"https:\/\/propei.uerr.edu.br\/ppgaasa\/wp-json\/wp\/v2\/types\/page"}],"author":[{"embeddable":true,"href":"https:\/\/propei.uerr.edu.br\/ppgaasa\/wp-json\/wp\/v2\/users\/1"}],"replies":[{"embeddable":true,"href":"https:\/\/propei.uerr.edu.br\/ppgaasa\/wp-json\/wp\/v2\/comments?post=61"}],"version-history":[{"count":37,"href":"https:\/\/propei.uerr.edu.br\/ppgaasa\/wp-json\/wp\/v2\/pages\/61\/revisions"}],"predecessor-version":[{"id":1462,"href":"https:\/\/propei.uerr.edu.br\/ppgaasa\/wp-json\/wp\/v2\/pages\/61\/revisions\/1462"}],"wp:attachment":[{"href":"https:\/\/propei.uerr.edu.br\/ppgaasa\/wp-json\/wp\/v2\/media?parent=61"}],"curies":[{"name":"wp","href":"https:\/\/api.w.org\/{rel}","templated":true}]}}