{"id":540,"date":"2020-03-30T11:39:10","date_gmt":"2020-03-30T15:39:10","guid":{"rendered":"http:\/\/https:\/\/propei.uerr.edu.br\/ppga\/?page_id=540"},"modified":"2026-04-06T11:05:19","modified_gmt":"2026-04-06T15:05:19","slug":"parcerias-2","status":"publish","type":"page","link":"https:\/\/propei.uerr.edu.br\/ppgaasa\/parcerias-2\/","title":{"rendered":"Parcerias"},"content":{"rendered":"<p><strong>PROCAD \u2013\u00a0Programa Nacional de Coopera\u00e7\u00e3o Acad\u00eamica na Amaz\u00f4nia<\/strong><\/p>\r\n<p><img fetchpriority=\"high\" decoding=\"async\" class=\"wp-image-523 aligncenter\" src=\"https:\/\/https:\/\/propei.uerr.edu.br\/ppga\/wp-content\/uploads\/2020\/03\/Ufam-2.jpg\" alt=\"\" width=\"503\" height=\"259\" \/><\/p>\r\n<p>&nbsp;<\/p>\r\n<p>Os professores do Mestrado Acad\u00eamico em Agroecologia (PPGA) Dr. Pl\u00ednio Gomide e Dr.\u00aa M\u00e1rcia Falc\u00e3o participaram de reuni\u00e3o na UFAM campus de Humait\u00e1, com o objetivo de discutirem as a\u00e7\u00f5es que ser\u00e3o executadas nos pr\u00f3ximos quatro anos do projeto intitulado \u201cExpans\u00e3o de fronteiras na Amaz\u00f4nia Ocidental \u2013 mudan\u00e7as de ocupa\u00e7\u00e3o e uso da terra e impactos socioecon\u00f4mico e ambiental\u201d. O projeto ser\u00e1 financiado pela CAPES por meio do Programa Nacional de Coopera\u00e7\u00e3o Acad\u00eamica na Amaz\u00f4nia \u2013 PROCAD,\u00a0<a href=\"https:\/\/propei.uerr.edu.br\/ppgaasa\/wp-content\/uploads\/2020\/03\/15102018_Edittal_21_PROCAD_resultado_final.pdf\" data-slimstat=\"3\"><strong>Edital n\u00b0 21\/2018<\/strong><\/a>, no qual\u00a0<strong>UFAM<\/strong>,\u00a0<strong>UERR<\/strong>\u00a0e\u00a0<strong>UFG<\/strong>\u00a0foram contempladas. O objetivo do PROCAD \u00e9 promover a consolida\u00e7\u00e3o dos Programas de P\u00f3s-Gradua\u00e7\u00e3o em Ci\u00eancias Ambientais da Universidade Federal do Amazonas e Agroecologia da Universidade Estadual de Roraima atrav\u00e9s da intera\u00e7\u00e3o cient\u00edfico acad\u00eamica entre estes programas e o Programa de P\u00f3s-Gradua\u00e7\u00e3o em Ci\u00eancias Ambientais da Universidade Federal de Goi\u00e1s, de modo a constituir redes de coopera\u00e7\u00e3o entre as institui\u00e7\u00f5es, permitindo a mobilidade de docentes e discentes de p\u00f3s-gradua\u00e7\u00e3o, bem como de discentes de gradua\u00e7\u00e3o (Inicia\u00e7\u00e3o Cient\u00edfica) com as equipes de pesquisa envolvidas nos projetos que ser\u00e3o desenvolvidos.<\/p>\r\n<p><strong><img decoding=\"async\" class=\"wp-image-524 aligncenter\" src=\"https:\/\/https:\/\/propei.uerr.edu.br\/ppga\/wp-content\/uploads\/2020\/03\/Ufam-1.jpg\" alt=\"\" width=\"330\" height=\"248\" \/><\/strong><\/p>\r\n<p>Reuni\u00e3o do PROCAD no\u00a0<em>Campus<\/em>\u00a0Humait\u00e1<\/p>\r\n\r\n<h2 class=\"wp-block-heading\">Escola Superior de Agricultura \u201cLuiz de Queiroz\u201d- ESALQ, Universidade de S\u00e3o Paulo- USP<\/h2>\r\n\r\n\r\n\r\n<p>A Prof.\u00aa Dr.\u00aa Tatiane Marie Martins Gomes de Castro, membro permanente do PPGA, \u00e9 colaboradora do projeto intitulado <em>\u201c\u00c1caros ed\u00e1ficos: diversidade, rela\u00e7\u00e3o com a microbiota e ecologia em \u00e1reas naturais e cultivadas no Brasil, com a elabora\u00e7\u00e3o de base de dados e chaves de identifica\u00e7\u00e3o de grupos selecionados\u201d, <\/em>o qual tem como pesquisador respons\u00e1vel o Prof. Dr. Gilberto Jos\u00e9 de Moraes, Departamento de Entomologia e Acarologia, da ESALQ-USP.<\/p>\r\n\r\n\r\n\r\n<p>Nesse projeto, a Prof.\u00aa Tatiane tem colaborado com atividades de campo e de taxonomia de \u00e1caros predadores da fam\u00edlia Cunaxidae. As atividades de campo iniciaram em janeiro de 2019 com coletas realizadas em Rorain\u00f3polis, as quais ser\u00e3o continuadas at\u00e9 2022. Esse levantamento contribui para o conhecimento de \u00e1caros ed\u00e1ficos do Bioma Amaz\u00f4nia. Os estudantes do curso de ci\u00eancias agr\u00e1rias t\u00eam possibilidade de participar dessa atividade e serem capacitados no levantamento desses pequenos artr\u00f3podes (<strong>Foto 1<\/strong>).<\/p>\r\n\r\n\r\n\r\n<div class=\"wp-block-image\">\r\n<figure class=\"aligncenter size-large\"><img decoding=\"async\" width=\"627\" height=\"258\" class=\"wp-image-632\" src=\"https:\/\/https:\/\/propei.uerr.edu.br\/ppga\/wp-content\/uploads\/2020\/05\/ESALQ1.jpg\" alt=\"\" srcset=\"https:\/\/propei.uerr.edu.br\/ppgaasa\/wp-content\/uploads\/2020\/05\/ESALQ1.jpg 627w, https:\/\/propei.uerr.edu.br\/ppgaasa\/wp-content\/uploads\/2020\/05\/ESALQ1-300x123.jpg 300w\" sizes=\"(max-width: 627px) 100vw, 627px\" \/>\r\n<figcaption><strong>Foto 1.<\/strong> Levantamento de \u00e1caros ed\u00e1ficos no campo e treinamento de estudantes de agronomia e engenharia florestal para a participa\u00e7\u00e3o no projeto, em janeiro de 2020.<\/figcaption>\r\n<\/figure>\r\n<\/div>\r\n\r\n\r\n\r\n<p>Os \u00e1caros ed\u00e1ficos s\u00e3o muito diversos e respons\u00e1veis por servi\u00e7os ecossist\u00eamicos, como o controle biol\u00f3gico e a ciclagem de nutrientes em sistemas agr\u00edcolas e florestais cultivados, e em \u00e1reas naturais sem a a\u00e7\u00e3o direta do Homem. Ap\u00f3s a coleta de campo, as amostras passam por um processo de extra\u00e7\u00e3o no laborat\u00f3rio de Biologia Aplicada (<strong>Foto 2<\/strong>) &#8211; <em>Campus<\/em> de Rorain\u00f3polis, e depois s\u00e3o encaminhadas para estudo e identifica\u00e7\u00e3o dentro do projeto supracitado.<\/p>\r\n\r\n\r\n\r\n<div class=\"wp-block-image\">\r\n<figure class=\"aligncenter size-large is-resized\"><img loading=\"lazy\" decoding=\"async\" class=\"wp-image-633\" src=\"https:\/\/https:\/\/propei.uerr.edu.br\/ppga\/wp-content\/uploads\/2020\/05\/ESALQ2.png\" alt=\"\" width=\"357\" height=\"297\" \/>\r\n<figcaption><strong>Foto 2.<\/strong> Extrator de \u00e1caros ed\u00e1ficos, adaptado com base no funil de Berlese, no laborat\u00f3rio de Biologia Aplicada &#8211; UERR, <em>Campus<\/em> de Rorain\u00f3polis.<\/figcaption>\r\n<\/figure>\r\n<\/div>\r\n\r\n\r\n\r\n<p>Al\u00e9m do trabalho de campo, a Profa. Tamb\u00e9m tem auxiliado, como colaboradora, na taxonomia de \u00e1caros da fam\u00edlia Cunaxidae. No per\u00edodo de 11 de novembro a 26 de dezembro de 2019 esteve na ESALQ- USP para o trabalho taxon\u00f4mico dessa fam\u00edlia (<strong>Foto 3<\/strong>). Uma diversidade de novos registros e esp\u00e9cies tem sido identificados dentro do projeto. Ela teve a oportunidade de conhecer estudantes de p\u00f3s-gradua\u00e7\u00e3o, professores do Brasil e do exterior, capacitar estudantes nessa \u00e1rea de sua especialidade e trocar experi\u00eancias cient\u00edficas. Ela tamb\u00e9m ministrou 8 horas de aula no \u201cTreinamento em reconhecimento de \u00e1caros de import\u00e2ncia agr\u00edcola, com \u00eanfase em Astigmata e Prostigmata\u201d (<strong>Foto 4<\/strong>).<\/p>\r\n\r\n\r\n\r\n<figure class=\"wp-block-image size-large\"><img loading=\"lazy\" decoding=\"async\" width=\"768\" height=\"635\" class=\"wp-image-634\" src=\"https:\/\/https:\/\/propei.uerr.edu.br\/ppga\/wp-content\/uploads\/2020\/05\/ESALQ3.jpg\" alt=\"\" srcset=\"https:\/\/propei.uerr.edu.br\/ppgaasa\/wp-content\/uploads\/2020\/05\/ESALQ3.jpg 768w, https:\/\/propei.uerr.edu.br\/ppgaasa\/wp-content\/uploads\/2020\/05\/ESALQ3-300x248.jpg 300w\" sizes=\"(max-width: 768px) 100vw, 768px\" \/>\r\n<figcaption><strong>Foto 3.<\/strong> Prof.\u00aa Tatiane no laborat\u00f3rio de Acarologia Agr\u00edcola da ESALQ-USP, em novembro de 2019, identificando os \u00e1caros cunax\u00eddeos.<\/figcaption>\r\n<\/figure>\r\n\r\n\r\n\r\n<figure class=\"wp-block-image size-large\"><img loading=\"lazy\" decoding=\"async\" width=\"750\" height=\"563\" class=\"wp-image-635\" src=\"https:\/\/https:\/\/propei.uerr.edu.br\/ppga\/wp-content\/uploads\/2020\/05\/ESALQ4.jpg\" alt=\"\" srcset=\"https:\/\/propei.uerr.edu.br\/ppgaasa\/wp-content\/uploads\/2020\/05\/ESALQ4.jpg 750w, https:\/\/propei.uerr.edu.br\/ppgaasa\/wp-content\/uploads\/2020\/05\/ESALQ4-300x225.jpg 300w\" sizes=\"(max-width: 750px) 100vw, 750px\" \/>\r\n<figcaption><strong>Foto 4.<\/strong> Treinamento em reconhecimento de \u00e1caros de import\u00e2ncia agr\u00edcola, com \u00eanfase em <em>Astigmata<\/em> e <em>Prostigmata<\/em>, em dezembro de 2019, ESALQ, USP.<\/figcaption>\r\n<\/figure>\r\n\r\n\r\n\r\n<p>A Prof.\u00aa Tatiane \u00e9 especialista em taxonomia de \u00e1caros, com \u00eanfase na fam\u00edlia <em>Cunaxidae<\/em>. Iniciou os estudos na gradua\u00e7\u00e3o com a biologia de \u00e1caros de plantas na UNESP, Ilha Solteira. Depois seguiu na p\u00f3s-gradua\u00e7\u00e3o com a taxonomia, UNESP, Jaboticabal, sob a orienta\u00e7\u00e3o do Prof. Gilberto. No doutorado foi co-orientada pelo Prof. Jacob Den Heyer, o qual \u00e9 um especialista e refer\u00eancia mundial na fam\u00edlia de \u00e1caros predadores <em>Cunaxidae<\/em>. Em sua trajet\u00f3ria com as pesquisas em taxonomia, os seus artigos cient\u00edficos tem tido uma boa visibilidade internacional (<strong>Foto 5<\/strong>).<\/p>\r\n\r\n\r\n\r\n<div class=\"wp-block-image\">\r\n<figure class=\"aligncenter size-large\"><img loading=\"lazy\" decoding=\"async\" width=\"407\" height=\"252\" class=\"wp-image-636\" src=\"https:\/\/https:\/\/propei.uerr.edu.br\/ppga\/wp-content\/uploads\/2020\/05\/ESALQ5.png\" alt=\"\" srcset=\"https:\/\/propei.uerr.edu.br\/ppgaasa\/wp-content\/uploads\/2020\/05\/ESALQ5.png 407w, https:\/\/propei.uerr.edu.br\/ppgaasa\/wp-content\/uploads\/2020\/05\/ESALQ5-300x186.png 300w\" sizes=\"(max-width: 407px) 100vw, 407px\" \/>\r\n<figcaption><strong>Foto 5.<\/strong> Congratula\u00e7\u00f5es do Research Gate em 2019 pelas cita\u00e7\u00f5es \u00e0 Prof.\u00aa Tatiane Marie Martins Gomes de Castro.<\/figcaption>\r\n<\/figure>\r\n<\/div>\r\n","protected":false},"excerpt":{"rendered":"<p>PROCAD \u2013\u00a0Programa Nacional de Coopera\u00e7\u00e3o Acad\u00eamica na Amaz\u00f4nia &nbsp; Os professores do Mestrado Acad\u00eamico em Agroecologia (PPGA) Dr. Pl\u00ednio Gomide e Dr.\u00aa M\u00e1rcia Falc\u00e3o participaram de reuni\u00e3o na UFAM campus de Humait\u00e1, com o objetivo de discutirem as a\u00e7\u00f5es que ser\u00e3o executadas nos pr\u00f3ximos quatro anos do projeto intitulado \u201cExpans\u00e3o de fronteiras na Amaz\u00f4nia Ocidental [&hellip;]<\/p>\n","protected":false},"author":1,"featured_media":0,"parent":0,"menu_order":0,"comment_status":"closed","ping_status":"closed","template":"","meta":{"footnotes":""},"class_list":["post-540","page","type-page","status-publish","hentry"],"_links":{"self":[{"href":"https:\/\/propei.uerr.edu.br\/ppgaasa\/wp-json\/wp\/v2\/pages\/540","targetHints":{"allow":["GET"]}}],"collection":[{"href":"https:\/\/propei.uerr.edu.br\/ppgaasa\/wp-json\/wp\/v2\/pages"}],"about":[{"href":"https:\/\/propei.uerr.edu.br\/ppgaasa\/wp-json\/wp\/v2\/types\/page"}],"author":[{"embeddable":true,"href":"https:\/\/propei.uerr.edu.br\/ppgaasa\/wp-json\/wp\/v2\/users\/1"}],"replies":[{"embeddable":true,"href":"https:\/\/propei.uerr.edu.br\/ppgaasa\/wp-json\/wp\/v2\/comments?post=540"}],"version-history":[{"count":4,"href":"https:\/\/propei.uerr.edu.br\/ppgaasa\/wp-json\/wp\/v2\/pages\/540\/revisions"}],"predecessor-version":[{"id":1463,"href":"https:\/\/propei.uerr.edu.br\/ppgaasa\/wp-json\/wp\/v2\/pages\/540\/revisions\/1463"}],"wp:attachment":[{"href":"https:\/\/propei.uerr.edu.br\/ppgaasa\/wp-json\/wp\/v2\/media?parent=540"}],"curies":[{"name":"wp","href":"https:\/\/api.w.org\/{rel}","templated":true}]}}