{"id":536,"date":"2020-03-30T11:38:27","date_gmt":"2020-03-30T15:38:27","guid":{"rendered":"http:\/\/https:\/\/propei.uerr.edu.br\/ppga\/?page_id=536"},"modified":"2024-04-11T15:29:49","modified_gmt":"2024-04-11T19:29:49","slug":"acao-social","status":"publish","type":"page","link":"https:\/\/propei.uerr.edu.br\/ppgaasa\/acao-social\/","title":{"rendered":"A\u00e7\u00f5es Sociais"},"content":{"rendered":"\r\n<div class=\"wp-block-group\">\r\n<div class=\"wp-block-group__inner-container is-layout-flow wp-block-group-is-layout-flow\">\r\n<h2 class=\"wp-block-heading\" style=\"font-size: 27px;\"><span style=\"color: #008000;\"><strong>ATIVIDADES REALIZADAS EM 2020<\/strong><\/span><\/h2>\r\n<\/div>\r\n<\/div>\r\n\r\n\r\n\r\n<ul>\r\n<li style=\"text-align: justify;\"><strong>Visita ao Parque Nacional do Viru\u00e1<\/strong>: O prof. Dr. Pl\u00ednio Henrique Oliveira Gomide, respons\u00e1vel pela disciplina \u201cMicrobiologia e Sustentabilidade Agr\u00edcola\u201d, desenvolveu atividade com os acad\u00eamicos Ina\u00ea da Rocha Pereira Loureiro e Igor Calazans Duarte de Menezes, no Parque Nacional do Viru\u00e1, ao longo do \u00faltimo dia 05\/11\/2020. O objetivo da imers\u00e3o na citada unidade de conserva\u00e7\u00e3o foi coletar solos em duas fitofisionomias presentes naquele bioma amaz\u00f4nico: floresta e campinarana. Tais solos ser\u00e3o analisados buscando-se informa\u00e7\u00f5es acerca da ocorr\u00eancia de fungos micorr\u00edzicos arbusculares (FMA) e bact\u00e9rias fixadoras de nitrog\u00eanio (BFN) que porventura colonizem esses locais e que possam servir como potenciais bioinsumos em esp\u00e9cies vegetais de interesse para os agricultores locais.<\/li>\r\n<\/ul>\r\n\r\n\r\n\r\n<figure class=\"wp-block-image size-large is-resized\"><img fetchpriority=\"high\" decoding=\"async\" class=\"wp-image-696  aligncenter\" src=\"https:\/\/propei.uerr.edu.br\/ppga\/wp-content\/uploads\/2020\/11\/Montagem-de-Fotos-VIRUA_page-0001-1-300x240.jpg\" alt=\"\" width=\"598\" height=\"479\" srcset=\"https:\/\/propei.uerr.edu.br\/ppgaasa\/wp-content\/uploads\/2020\/11\/Montagem-de-Fotos-VIRUA_page-0001-1-300x240.jpg 300w, https:\/\/propei.uerr.edu.br\/ppgaasa\/wp-content\/uploads\/2020\/11\/Montagem-de-Fotos-VIRUA_page-0001-1-1024x819.jpg 1024w, https:\/\/propei.uerr.edu.br\/ppgaasa\/wp-content\/uploads\/2020\/11\/Montagem-de-Fotos-VIRUA_page-0001-1-768x615.jpg 768w, https:\/\/propei.uerr.edu.br\/ppgaasa\/wp-content\/uploads\/2020\/11\/Montagem-de-Fotos-VIRUA_page-0001-1.jpg 1477w\" sizes=\"(max-width: 598px) 100vw, 598px\" \/><\/figure>\r\n\r\n\r\n\r\n<figure class=\"wp-block-image size-large is-resized\"><img decoding=\"async\" class=\"wp-image-699  aligncenter\" src=\"https:\/\/propei.uerr.edu.br\/ppga\/wp-content\/uploads\/2020\/11\/Montagem-de-Fotos-da-Natureza-Viagem-Cartao-Postal_page-0001-2-300x213.jpg\" alt=\"\" width=\"595\" height=\"423\" srcset=\"https:\/\/propei.uerr.edu.br\/ppgaasa\/wp-content\/uploads\/2020\/11\/Montagem-de-Fotos-da-Natureza-Viagem-Cartao-Postal_page-0001-2-300x213.jpg 300w, https:\/\/propei.uerr.edu.br\/ppgaasa\/wp-content\/uploads\/2020\/11\/Montagem-de-Fotos-da-Natureza-Viagem-Cartao-Postal_page-0001-2-768x546.jpg 768w, https:\/\/propei.uerr.edu.br\/ppgaasa\/wp-content\/uploads\/2020\/11\/Montagem-de-Fotos-da-Natureza-Viagem-Cartao-Postal_page-0001-2.jpg 874w\" sizes=\"(max-width: 595px) 100vw, 595px\" \/><\/figure>\r\n\r\n<p>&nbsp;<\/p>\r\n<h2><span style=\"color: #008000;\"><strong>ATIVIDADES<\/strong> REALIZADAS<strong> EM 2019<\/strong><\/span><\/h2>\r\n<ul>\r\n<li style=\"text-align: justify;\"><strong>Plano Agricultura de Baixo Carbono:<\/strong> O professor Dr. Pl\u00ednio Henrique Oliveira Gomide participou de reuni\u00f5es no SEBRAE Roraima para discutir o Plano de Agricultura de Baixo Carbono em Roraima (PLANO ABC\/RR), nos dias 07 e 08 de novembro. Visando reduzir as emiss\u00f5es de gases do efeito estufa, o programa foi criado pelo Governo Federal e prev\u00ea capacita\u00e7\u00e3o e incentivos financeiros aos produtores rurais que adotarem as t\u00e9cnicas de agricultura sustent\u00e1vel de baixo carbono.<\/li>\r\n<\/ul>\r\n<p><img decoding=\"async\" class=\"wp-image-549 size-full aligncenter\" src=\"https:\/\/propei.uerr.edu.br\/ppga\/wp-content\/uploads\/2020\/03\/PABC03.jpeg\" alt=\"\" width=\"1280\" height=\"720\" \/><\/p>\r\n<p><img loading=\"lazy\" decoding=\"async\" class=\"wp-image-547 size-full aligncenter\" src=\"https:\/\/propei.uerr.edu.br\/ppga\/wp-content\/uploads\/2020\/03\/PABC01.jpeg\" alt=\"\" width=\"1280\" height=\"720\" \/><\/p>\r\n<p><img loading=\"lazy\" decoding=\"async\" class=\"wp-image-548 size-full aligncenter\" src=\"https:\/\/propei.uerr.edu.br\/ppga\/wp-content\/uploads\/2020\/03\/PABC02.jpeg\" alt=\"\" width=\"1280\" height=\"720\" \/><\/p>\r\n<p>&nbsp;<\/p>\r\n<ul>\r\n<li style=\"text-align: justify;\"><strong>O N\u00facleo de Estudos em Agroecologia e Produ\u00e7\u00e3o Org\u00e2nica \u2013 NEAPO\/UERR<\/strong> tem constru\u00eddo um di\u00e1logo com o grupo de agricultores org\u00e2nicos Sul Org\u00e2nico e tamb\u00e9m com a comunidade do munic\u00edpio de Rorain\u00f3polis, localizado ao sul do Estado de Roraima. Esse estreitamento das rela\u00e7\u00f5es com o Sul Org\u00e2nico tem se dado atrav\u00e9s de participa\u00e7\u00e3o em mutir\u00f5es, nas reuni\u00f5es e resolu\u00e7\u00e3o participativa dos aspectos t\u00e9cnicos. Pesquisas, tamb\u00e9m, s\u00e3o realizadas juntamente com esses produtores em suas propriedades objetivando m\u00fatuas descobertas e aprendizados. O di\u00e1logo entre a academia e a comunidade tamb\u00e9m percorreu a comunidade escolar, atividades de ensino-aprendizagem de forma l\u00fadica sobre o tema biodiversidade foram realizadas em uma escola campesina pr\u00f3xima a uma das fam\u00edlias do Sul Org\u00e2nico. Essas atividades tamb\u00e9m dialogaram com os pais e parentes das crian\u00e7as. As quais tamb\u00e9m foram complementadas com eventos e oficinas. Assim, consideramos os passos, mesmo que pequenos, envolvendo a educa\u00e7\u00e3o, a comunica\u00e7\u00e3o, a ci\u00eancia e a participa\u00e7\u00e3o, com responsabilidade, essenciais nesse caminhar para a constru\u00e7\u00e3o de uma sociedade cada vez mais justa.<\/li>\r\n<\/ul>\r\n<p><img loading=\"lazy\" decoding=\"async\" class=\"wp-image-551 size-full aligncenter\" src=\"https:\/\/propei.uerr.edu.br\/ppga\/wp-content\/uploads\/2020\/03\/Aula-mestrado-Tati.jpg\" alt=\"\" width=\"1280\" height=\"622\" \/>\u00a0\u00a0<img loading=\"lazy\" decoding=\"async\" class=\"wp-image-554 size-full aligncenter\" src=\"https:\/\/propei.uerr.edu.br\/ppga\/wp-content\/uploads\/2020\/03\/Mutir\u00e3o-f3.jpg\" alt=\"\" width=\"1040\" height=\"780\" \/><\/p>\r\n<p><img loading=\"lazy\" decoding=\"async\" class=\"wp-image-553 size-full aligncenter\" src=\"https:\/\/propei.uerr.edu.br\/ppga\/wp-content\/uploads\/2020\/03\/I-NEAPO-2.jpg\" alt=\"\" width=\"1032\" height=\"774\" \/><\/p>\r\n<p>&nbsp;<\/p>\r\n<ul>\r\n<li style=\"text-align: justify;\"><strong>Programa de fortalecimento dos sistemas produtivos pesqueiros artesanais do Baixo rio Branco: comunidades de Saca\u00ed e Terra Preta, Caracara\u00ed, Roraima, Brasil:<\/strong> O presente programa visa implementar programa a partir da implanta\u00e7\u00e3o de a\u00e7\u00f5es de extens\u00e3o direcionadas, o fortalecimento do sistema produtivo pesqueiro nas comunidades ribeirinhas de Saca\u00ed e Terra Preta (Povos e Comunidades Tradicionais), munic\u00edpio de Caracara\u00ed, Roraima. Por meio de uma estrat\u00e9gia dial\u00f3gica, elabora\u00e7\u00e3o de diagn\u00f3stico ambiental e socioecon\u00f4mico com uso de ferramentas e metodologias participativas, reflex\u00e3o, proposi\u00e7\u00e3o e avalia\u00e7\u00e3o participativas, pretende-se avan\u00e7ar na valoriza\u00e7\u00e3o do pescado proveniente da regi\u00e3o, estimular o di\u00e1logo entre o poder p\u00fablico e as comunidades e mediar o processo de acesso \u00e0 pol\u00edticas sociais e previdenci\u00e1rias. No tocante \u00e0 esfera universit\u00e1ria, a presente proposta prop\u00f5e-se a estimular o fazer profissional contextualizado e consciente das particularidades do estado de Roraima, deixando de legado \u00e0 sociedade roraimense profissionais cr\u00edticos e conhecedores da realidade do Estado.<\/li>\r\n<\/ul>\r\n<p><img loading=\"lazy\" decoding=\"async\" class=\"wp-image-558 size-full aligncenter\" src=\"https:\/\/propei.uerr.edu.br\/ppga\/wp-content\/uploads\/2020\/03\/BRB01.jpeg\" alt=\"\" width=\"1599\" height=\"1200\" \/><\/p>\r\n<p><img loading=\"lazy\" decoding=\"async\" class=\"wp-image-560 size-full aligncenter\" src=\"https:\/\/propei.uerr.edu.br\/ppga\/wp-content\/uploads\/2020\/03\/BRB03.jpeg\" alt=\"\" width=\"1600\" height=\"513\" \/> <img loading=\"lazy\" decoding=\"async\" class=\"wp-image-559 size-full aligncenter\" src=\"https:\/\/propei.uerr.edu.br\/ppga\/wp-content\/uploads\/2020\/03\/BRB02.jpeg\" alt=\"\" width=\"1599\" height=\"1200\" \/><\/p>\r\n<p>&nbsp;<\/p>\r\n<ul>\r\n<li style=\"text-align: justify;\"><strong>Visita \u00e0 Comunidade Nova Esperan\u00e7a:\u00a0<\/strong>Os professores do PPGA, Dr. Pl\u00ednio Henrique Oliveira Gomide, Dr.\u00aa M\u00e1rcia Teixeira Falc\u00e3o e Dr.\u00aa Leila Chagas de Souza Costa, estiveram juntamente com os acad\u00eamicos da Turma 2019 para realizarem uma imers\u00e3o cultural junto \u00e0 Comunidade Ind\u00edgena Nova Esperan\u00e7a (Terra Ind\u00edgena S\u00e3o Marcos). A visita foi uma proposta da disciplina &#8220;Amaz\u00f4nia, Geopol\u00edtica e Desenvolvimento&#8221;, com o objetivo de entender os povos ind\u00edgenas e suas tradi\u00e7\u00f5es culturais na Amaz\u00f4nia Setentrional. Durante a visita tamb\u00e9m foram direcionados planos de pesquisa a serem realizados pelos acad\u00eamicos na comunidade, bem como a realiza\u00e7\u00e3o de trilhas ecol\u00f3gicas para demonstrar a preserva\u00e7\u00e3o e manuten\u00e7\u00e3o da biodiversidade das terras ind\u00edgenas.<\/li>\r\n<\/ul>\r\n<p><img loading=\"lazy\" decoding=\"async\" class=\"wp-image-568 size-full aligncenter\" src=\"https:\/\/propei.uerr.edu.br\/ppga\/wp-content\/uploads\/2020\/03\/Nova-Esperan\u00e7a01.jpg\" alt=\"\" width=\"4032\" height=\"3024\" \/> <img loading=\"lazy\" decoding=\"async\" class=\"wp-image-571 size-full aligncenter\" src=\"https:\/\/propei.uerr.edu.br\/ppga\/wp-content\/uploads\/2020\/03\/Nova-Esperan\u00e7a-02.jpg\" alt=\"\" width=\"4032\" height=\"3024\" \/> <img loading=\"lazy\" decoding=\"async\" class=\"wp-image-570 size-full aligncenter\" src=\"https:\/\/propei.uerr.edu.br\/ppga\/wp-content\/uploads\/2020\/03\/Nova-Esperan\u00e7a-03.jpg\" alt=\"\" width=\"3024\" height=\"4032\" \/> <img loading=\"lazy\" decoding=\"async\" class=\"wp-image-569 size-full aligncenter\" src=\"https:\/\/propei.uerr.edu.br\/ppga\/wp-content\/uploads\/2020\/03\/Nova-Esperan\u00e7a-04.jpg\" alt=\"\" width=\"4032\" height=\"3024\" \/><\/p>\r\n<p>&nbsp;<\/p>\r\n<ul>\r\n<li style=\"text-align: justify;\"><strong>Projeto Quintais Sustent\u00e1veis:<\/strong> A Dra Maria Fernanda Berlingieri Durigan juntamente com seus orientandos Raimeyre Nobre Dias e Pedro Vitor Pereira Guimar\u00e3es no ano de 2019 desenvolveram atividades junto as mulheres dos &#8220;Quintais Sustent\u00e1veis&#8221; no Lar Fabiano de Cristo (Antiga casa de Tim\u00f3teo) em Boa Vista\/RR cujo objetivo foi incentivar e fomentar a conscientiza\u00e7\u00e3o em se produzir hortali\u00e7as, fruteiras e plantas medicinais em vinte (20) fam\u00edlias (resid\u00eancias) dos bairros da periferia (Dr. Airton Rocha, Nova Cidade, Oper\u00e1rio, Bela Vista e Raiar do Sol) no entorno da Unidade Casa de Tim\u00f3teo (Lar Fabiano de Cristo), que alimenta, diariamente, 200 crian\u00e7as de fam\u00edlias de baixa renda, al\u00e9m de promover atividades como refor\u00e7o escolar, educa\u00e7\u00e3o em higiene pessoal e recrea\u00e7\u00e3o, assist\u00eancia m\u00e9dica e odontol\u00f3gica gratuita.<\/li>\r\n<\/ul>\r\n<p><img loading=\"lazy\" decoding=\"async\" class=\"wp-image-587 size-full aligncenter\" src=\"https:\/\/propei.uerr.edu.br\/ppga\/wp-content\/uploads\/2020\/04\/WhatsApp-Image-2020-04-16-at-08.20.58-1.jpeg\" alt=\"\" width=\"1024\" height=\"768\" \/>\u00a0 <img loading=\"lazy\" decoding=\"async\" class=\"wp-image-586 size-full aligncenter\" src=\"https:\/\/propei.uerr.edu.br\/ppga\/wp-content\/uploads\/2020\/04\/WhatsApp-Image-2020-04-16-at-08.20.58.jpeg\" alt=\"\" width=\"1024\" height=\"577\" \/><\/p>\r\n<p><img loading=\"lazy\" decoding=\"async\" class=\"wp-image-588 size-full aligncenter\" src=\"https:\/\/propei.uerr.edu.br\/ppga\/wp-content\/uploads\/2020\/04\/WhatsApp-Image-2020-04-16-at-08.21.02.jpeg\" alt=\"\" width=\"1024\" height=\"768\" \/><\/p>\r\n<p><img loading=\"lazy\" decoding=\"async\" class=\"wp-image-589 size-full aligncenter\" src=\"https:\/\/propei.uerr.edu.br\/ppga\/wp-content\/uploads\/2020\/04\/WhatsApp-Image-2020-04-16-at-08.21.02-1.jpeg\" alt=\"\" width=\"1024\" height=\"768\" \/><\/p>\r\n<p>&nbsp;<\/p>\r\n<ul>\r\n<li style=\"text-align: justify;\"><strong>Atividades do N\u00facleo de Estudos em Agroecologia (NEA):<\/strong> Sob coordena\u00e7\u00e3o do Prof. Dr. Romildo Nicolau Alves, do IFRR <em>Campus<\/em> Novo Para\u00edso, Os docentes e discentes do PPGA atuaram em projetos de pesquisa na \u00e1rea de Agroecologia em parceria com os produtores rurais e a Associa\u00e7\u00f5es de Produtores de Org\u00e2nicos da regi\u00e3o.<\/li>\r\n<\/ul>\r\n<p><img loading=\"lazy\" decoding=\"async\" class=\"wp-image-596 size-full aligncenter\" src=\"https:\/\/propei.uerr.edu.br\/ppga\/wp-content\/uploads\/2020\/04\/Visista-a-Pacaraima-Curso-FIC-NEA-IFRR.jpg\" alt=\"\" width=\"1032\" height=\"774\" \/><\/p>\r\n<p><img loading=\"lazy\" decoding=\"async\" class=\"wp-image-594 size-full aligncenter\" src=\"https:\/\/propei.uerr.edu.br\/ppga\/wp-content\/uploads\/2020\/04\/Animais-do-NEA-IFRR.jpg\" alt=\"\" width=\"4160\" height=\"3120\" \/><\/p>\r\n<p><img loading=\"lazy\" decoding=\"async\" class=\"wp-image-595 size-full aligncenter\" src=\"https:\/\/propei.uerr.edu.br\/ppga\/wp-content\/uploads\/2020\/04\/Sistema-Agroflorestal-do-NEA-IFRR.jpg\" alt=\"\" width=\"4160\" height=\"3120\" \/><\/p>\r\n<p>&nbsp;<\/p>\r\n<ul>\r\n<li style=\"text-align: justify;\"><strong>Agroecologia como tema transversal no ensino-aprendizagem em escola do campo em Rorain\u00f3polis: <\/strong>O NEAPO desenvolveu este projeto de extens\u00e3o sob a supervis\u00e3o da Prof.\u00aa Dr.\u00aa Tatiane Castro na Escola Municipal de Ensino Infantil e Fundamental Jo\u00e3o Rodrigues de Souza, localizada na vicinal 19, km 08, Rorain\u00f3polis &#8211; RR. Com o objetivo de construir pr\u00e1ticas pedag\u00f3gicas em agroecologia com a comunidade escolar da escola do campo, foram desenvolvidas atividades com as crian\u00e7as, multir\u00f5es e oficinas.<\/li>\r\n<\/ul>\r\n<p><img loading=\"lazy\" decoding=\"async\" class=\"wp-image-603 size-full aligncenter\" src=\"https:\/\/propei.uerr.edu.br\/ppga\/wp-content\/uploads\/2020\/04\/NEAPO-ESCOLA.jpg\" alt=\"\" width=\"960\" height=\"720\" \/><\/p>\r\n<p>&nbsp;<\/p>\r\n<ul>\r\n<li style=\"text-align: justify;\"><strong>Manejo de cupua\u00e7ueiro em \u00e1rea de agricultura familiar no Munic\u00edpio de Pacaraima\/RR:<\/strong> A cultura do cupua\u00e7ueiro tem grande import\u00e2ncia econ\u00f4mica e social para a regi\u00e3o norte do pa\u00eds, e tem tido um crescimento espacial r\u00e1pido e constante, tendo desta forma conquistado cada dia mais espa\u00e7o na fruticultura nacional e no mercado internacional. Desta forma tem sido de grande import\u00e2ncia o repasse de conhecimentos aos agricultores interessados em trabalhar com a cultura. O trabalho foi coordenado pela pesquisadora e docente do PPGA, Dr.\u00aa Hyanameyka Evangelista Lima Primo.<\/li>\r\n<\/ul>\r\n<p><img loading=\"lazy\" decoding=\"async\" class=\"wp-image-605 size-full aligncenter\" src=\"https:\/\/propei.uerr.edu.br\/ppga\/wp-content\/uploads\/2020\/04\/hyana01.png\" alt=\"\" width=\"782\" height=\"440\" \/><\/p>\r\n<p><img loading=\"lazy\" decoding=\"async\" class=\"wp-image-606 size-full aligncenter\" src=\"https:\/\/propei.uerr.edu.br\/ppga\/wp-content\/uploads\/2020\/04\/hyana02.png\" alt=\"\" width=\"765\" height=\"430\" \/><\/p>\r\n<p><img loading=\"lazy\" decoding=\"async\" class=\"wp-image-607 size-full aligncenter\" src=\"https:\/\/propei.uerr.edu.br\/ppga\/wp-content\/uploads\/2020\/04\/hyana03.png\" alt=\"\" width=\"614\" height=\"461\" \/><\/p>\r\n<ul>\r\n<li style=\"text-align: justify;\"><strong>Reuni\u00e3o com representante da Associa\u00e7\u00e3o Brasileira de Agroecologia:<\/strong> Em 2019, a\u00a0Dr.\u00aa Tatiana Deane de Abreu S\u00e1 participou de reuni\u00e3o cujo objetivo foi desenvolver a articula\u00e7\u00e3o nacional da Agroecologia na Regi\u00e3o Norte. Estiveram presentes o Coordenador do PPGA, Prof. Dr. Pl\u00ednio Henrique Oliveira Gomide, e o bolsista PNPD, Dr. J\u00e1risson Cavalcnte Nunes.<\/li>\r\n<\/ul>\r\n<p><img loading=\"lazy\" decoding=\"async\" class=\"wp-image-611 size-full aligncenter\" src=\"https:\/\/propei.uerr.edu.br\/ppga\/wp-content\/uploads\/2020\/04\/WhatsApp-Image-2020-04-27-at-14.23.02.jpeg\" alt=\"\" width=\"1280\" height=\"960\" \/><\/p>\r\n<p><img loading=\"lazy\" decoding=\"async\" class=\"wp-image-610 size-full aligncenter\" src=\"https:\/\/propei.uerr.edu.br\/ppga\/wp-content\/uploads\/2020\/04\/WhatsApp-Image-2020-04-27-at-14.23.021.jpeg\" alt=\"\" width=\"1280\" height=\"960\" \/><\/p>\r\n<p><img loading=\"lazy\" decoding=\"async\" class=\"wp-image-612 size-full aligncenter\" src=\"https:\/\/propei.uerr.edu.br\/ppga\/wp-content\/uploads\/2020\/04\/WhatsApp-Image-2020-04-27-at-14.23.01.jpeg\" alt=\"\" width=\"1032\" height=\"774\" \/><\/p>\r\n<ul>\r\n<li style=\"text-align: justify;\"><strong>Articula\u00e7\u00e3o da Agroecologia em Roraima:<\/strong> Em dezembro de 2019, representantes do PPGA reuniram-se com representantes da UFRR, Escola Agrot\u00e9cnica da UFRR, Instituto Rancho de Luz, Movimento dos Sem Terra e Associa\u00e7\u00e3o de Produtores Org\u00e2nicos Hortivida. Um dos objetivos dessa reuni\u00e3o foi trabalhar o Plano Estadual de Agroecologia.<\/li>\r\n<\/ul>\r\n<p><img loading=\"lazy\" decoding=\"async\" class=\"wp-image-609 size-full aligncenter\" src=\"https:\/\/propei.uerr.edu.br\/ppga\/wp-content\/uploads\/2020\/04\/WhatsApp-Image-2020-04-27-at-14.23.022.jpeg\" alt=\"\" width=\"1040\" height=\"780\" \/><\/p>\r\n<p><img loading=\"lazy\" decoding=\"async\" class=\"wp-image-621 size-full aligncenter\" src=\"https:\/\/propei.uerr.edu.br\/ppga\/wp-content\/uploads\/2020\/04\/WhatsApp-Image-2020-04-27-at-15.15.38.jpeg\" alt=\"\" width=\"1040\" height=\"780\" \/><\/p>","protected":false},"excerpt":{"rendered":"<p>ATIVIDADES REALIZADAS EM 2020 Visita ao Parque Nacional do Viru\u00e1: O prof. Dr. Pl\u00ednio Henrique Oliveira Gomide, respons\u00e1vel pela disciplina \u201cMicrobiologia e Sustentabilidade Agr\u00edcola\u201d, desenvolveu atividade com os acad\u00eamicos Ina\u00ea da Rocha Pereira Loureiro e Igor Calazans Duarte de Menezes, no Parque Nacional do Viru\u00e1, ao longo do \u00faltimo dia 05\/11\/2020. O objetivo da imers\u00e3o [&hellip;]<\/p>\n","protected":false},"author":1,"featured_media":0,"parent":0,"menu_order":0,"comment_status":"closed","ping_status":"closed","template":"","meta":{"footnotes":""},"class_list":["post-536","page","type-page","status-publish","hentry"],"_links":{"self":[{"href":"https:\/\/propei.uerr.edu.br\/ppgaasa\/wp-json\/wp\/v2\/pages\/536","targetHints":{"allow":["GET"]}}],"collection":[{"href":"https:\/\/propei.uerr.edu.br\/ppgaasa\/wp-json\/wp\/v2\/pages"}],"about":[{"href":"https:\/\/propei.uerr.edu.br\/ppgaasa\/wp-json\/wp\/v2\/types\/page"}],"author":[{"embeddable":true,"href":"https:\/\/propei.uerr.edu.br\/ppgaasa\/wp-json\/wp\/v2\/users\/1"}],"replies":[{"embeddable":true,"href":"https:\/\/propei.uerr.edu.br\/ppgaasa\/wp-json\/wp\/v2\/comments?post=536"}],"version-history":[{"count":35,"href":"https:\/\/propei.uerr.edu.br\/ppgaasa\/wp-json\/wp\/v2\/pages\/536\/revisions"}],"predecessor-version":[{"id":1120,"href":"https:\/\/propei.uerr.edu.br\/ppgaasa\/wp-json\/wp\/v2\/pages\/536\/revisions\/1120"}],"wp:attachment":[{"href":"https:\/\/propei.uerr.edu.br\/ppgaasa\/wp-json\/wp\/v2\/media?parent=536"}],"curies":[{"name":"wp","href":"https:\/\/api.w.org\/{rel}","templated":true}]}}