{"id":402,"date":"2018-09-12T11:02:46","date_gmt":"2018-09-12T15:02:46","guid":{"rendered":"http:\/\/https:\/\/propei.uerr.edu.br\/ppga\/?page_id=402"},"modified":"2025-03-12T10:53:30","modified_gmt":"2025-03-12T14:53:30","slug":"grupos-de-pesquisa","status":"publish","type":"page","link":"https:\/\/propei.uerr.edu.br\/ppgaasa\/grupos-de-pesquisa\/","title":{"rendered":"Grupos de Pesquisa"},"content":{"rendered":"<ul>\n<li><a href=\"http:\/\/dgp.cnpq.br\/dgp\/espelhogrupo\/5199332650420678\" target=\"_blank\" rel=\"noopener\"><strong>Parasitologia dos Peixes da Amaz\u00f4nia<\/strong><\/a><\/li>\n<li><a href=\"http:\/\/dgp.cnpq.br\/dgp\/espelhogrupo\/7963064286751543\" target=\"_blank\" rel=\"noopener\"><strong>Gen\u00e9tica e Biotecnologia Vegetal<\/strong><\/a><\/li>\n<li><strong><a href=\"http:\/\/dgp.cnpq.br\/dgp\/espelhogrupo\/7585282317453303\">Laborat\u00f3rio de Estudo da Biodiversidade de Roraima &#8211; LaBioRR<\/a><\/strong><\/li>\n<li><a href=\"http:\/\/dgp.cnpq.br\/dgp\/espelhogrupo\/7924721449930733\"><strong>LabTEMA &#8211; Laborat\u00f3rio de Turismo, Ecologia e Ambiente<\/strong><\/a><\/li>\n<li><a href=\"http:\/\/dgp.cnpq.br\/dgp\/espelhogrupo\/1681257259448527\"><strong>Grupo de Estudo e Pesquisa em Turismo, Tecnologia, Educa\u00e7\u00e3o e Cultura (GEPTTEC) &#8211; IFRR<\/strong><\/a><\/li>\n<li><a href=\"http:\/\/dgp.cnpq.br\/dgp\/espelhogrupo\/2264575457402115\"><strong>N\u00facleo de estudos em Agroecologia e produ\u00e7\u00e3o org\u00e2nica<\/strong><\/a><\/li>\n<li><a href=\"http:\/\/dgp.cnpq.br\/dgp\/espelhogrupo\/774348\"><strong>Estudo Multidisciplinar em Agroecologia e Sa\u00fade (EMAS)<\/strong><\/a><\/li>\n<li><a href=\"http:\/\/dgp.cnpq.br\/dgp\/espelhogrupo\/5535823491428247\"><strong><span style=\"font-size: 12pt;\">Biodiversidade, gest\u00e3o territorial e sustentabilidade dos agroecossistemas na Amaz\u00f4nia<\/span><\/strong><\/a><\/li>\n<\/ul>\n","protected":false},"excerpt":{"rendered":"<p>Parasitologia dos Peixes da Amaz\u00f4nia Gen\u00e9tica e Biotecnologia Vegetal Laborat\u00f3rio de Estudo da Biodiversidade de Roraima &#8211; LaBioRR LabTEMA &#8211; Laborat\u00f3rio de Turismo, Ecologia e Ambiente Grupo de Estudo e Pesquisa em Turismo, Tecnologia, Educa\u00e7\u00e3o e Cultura (GEPTTEC) &#8211; IFRR N\u00facleo de estudos em Agroecologia e produ\u00e7\u00e3o org\u00e2nica Estudo Multidisciplinar em Agroecologia e Sa\u00fade (EMAS) [&hellip;]<\/p>\n","protected":false},"author":1,"featured_media":0,"parent":0,"menu_order":0,"comment_status":"closed","ping_status":"closed","template":"","meta":{"footnotes":""},"class_list":["post-402","page","type-page","status-publish","hentry"],"_links":{"self":[{"href":"https:\/\/propei.uerr.edu.br\/ppgaasa\/wp-json\/wp\/v2\/pages\/402","targetHints":{"allow":["GET"]}}],"collection":[{"href":"https:\/\/propei.uerr.edu.br\/ppgaasa\/wp-json\/wp\/v2\/pages"}],"about":[{"href":"https:\/\/propei.uerr.edu.br\/ppgaasa\/wp-json\/wp\/v2\/types\/page"}],"author":[{"embeddable":true,"href":"https:\/\/propei.uerr.edu.br\/ppgaasa\/wp-json\/wp\/v2\/users\/1"}],"replies":[{"embeddable":true,"href":"https:\/\/propei.uerr.edu.br\/ppgaasa\/wp-json\/wp\/v2\/comments?post=402"}],"version-history":[{"count":15,"href":"https:\/\/propei.uerr.edu.br\/ppgaasa\/wp-json\/wp\/v2\/pages\/402\/revisions"}],"predecessor-version":[{"id":1246,"href":"https:\/\/propei.uerr.edu.br\/ppgaasa\/wp-json\/wp\/v2\/pages\/402\/revisions\/1246"}],"wp:attachment":[{"href":"https:\/\/propei.uerr.edu.br\/ppgaasa\/wp-json\/wp\/v2\/media?parent=402"}],"curies":[{"name":"wp","href":"https:\/\/api.w.org\/{rel}","templated":true}]}}