{"id":240,"date":"2017-04-12T13:52:03","date_gmt":"2017-04-12T16:52:03","guid":{"rendered":"http:\/\/https:\/\/propei.uerr.edu.br\/ppga\/?page_id=240"},"modified":"2025-03-14T11:43:29","modified_gmt":"2025-03-14T15:43:29","slug":"publicacoes","status":"publish","type":"page","link":"https:\/\/propei.uerr.edu.br\/ppgaasa\/publicacoes\/","title":{"rendered":"Publica\u00e7\u00f5es"},"content":{"rendered":"<p><a href=\"https:\/\/periodicos.uerr.edu.br\/index.php\/ambiente\/issue\/view\/9\">Revista Eletr\u00f4nica Ambiente: Gest\u00e3o e Desenvolvimento &#8211; Edi\u00e7\u00e3o Especial do III Simp\u00f3sio de Agroecologia<\/a><\/p>\n<p>&nbsp;<\/p>\n<p>NEVES, R. A. D.; MORAIS, Rafael Fiusa de . Sistema Agroflorestal em Savana Parque Arb\u00f3rea no munic\u00edpio de Amajari-RR. Cadernos de Agroecologia, 2016. https:\/\/revista.aba-agroecologia.org.br\/cad\/article\/view\/17884<\/p>\n<p>&nbsp;<\/p>\n<p style=\"text-align: justify;\">AIRES, F. P. G. ; CRUZ, S. L. ; LOZANO, R. M. B. ; Gomide, Pl\u00ednio Henrique Oliveira ; SANTOS, C. T. ; SOUZA, M. R. ; DIONISIO, L. F. S. . Ocorr\u00eancia e densidade de macrofauna em sistema org\u00e2nico e convencional no Munic\u00edpio de Rorain\u00f3polis &#8211; Roraima.. REVISTA ELETR\u00d4NICA AMBIENTE: GEST\u00c3O E DESENVOLVIMENTO, v. 17, p. 36-47, <a href=\"https:\/\/periodicos.uerr.edu.br\/index.php\/ambiente\/article\/view\/1355\">https:\/\/periodicos.uerr.edu.br\/index.php\/ambiente\/article\/view\/1355<\/a><\/p>\n<p>&nbsp;<\/p>\n<p style=\"text-align: justify;\">SILVA, V. S. E. ;\u00a0Gomide, Pl\u00ednio Henrique Oliveira\u00a0;\u00a0PEREIRA, S. L. A. ; SILVA,\u00a0E. E.; BATISTA, K. D. ; Melo, V. F. ; SANTOS, M. . Uso de efluentes de piscicultura na fertirriga\u00e7\u00e3o de vegetais produzidos com base em pr\u00e1ticas agroecol\u00f3gicas. OBSERVAT\u00d3RIO DE LA ECONOM\u00cdA LATINOAMERICANA, v. 22, p. e5901-27, 2024. <a href=\"https:\/\/ojs.observatoriolatinoamericano.com\/ojs\/index.php\/olel\/article\/view\/5901\">https:\/\/ojs.observatoriolatinoamericano.com\/ojs\/index.php\/olel\/article\/view\/5901<\/a><\/p>\n<p>&nbsp;<\/p>\n<p style=\"text-align: justify;\">LOPES, R. Q.;\u00a0FALCAO, M. T. ;\u00a0GOMIDE, PL\u00cdNIO HENRIQUE DE OLIVEIRA\u00a0. DIMENS\u00d5ES DA SUSTENTABILIDADE AGROECOL\u00d3GICAS NA COMUNIDADE NOVA ESPERAN\u00c7A -TERRA IND\u00cdGENA S\u00c3O MARCOS, PACARAIMA\/RR. International Journal Semiarid, v. 7, p. 441-464, 2024.\u00a0<a href=\"https:\/\/journalsemiarid.com\/index.php\/ijsa\/article\/view\/230\/403\">https:\/\/journalsemiarid.com\/index.php\/ijsa\/article\/view\/230\/403<\/a><\/p>\n<p>&nbsp;<\/p>\n<p style=\"text-align: justify;\">GONCALVES, R. P.; PRIMO, H. E. L.; SCHURT, D. A.;\u00a0CURCINO, A.; FARIAS, E. N. C.;\u00a0GOMIDE, PL\u00cdNIO HENRIQUE DE OLIVEIRA\u00a0. Efici\u00eancia de Trichodermas spp. na promo\u00e7\u00e3o de crescimento de mudas de a\u00e7aizeiro (<em>Euterpe oleracea<\/em>\u00a0MART.). Revista Brasileira de Agroecologia (Online), v. 17, p. 339-353, 2022. <a href=\"https:\/\/periodicos.unb.br\/index.php\/rbagroecologia\/article\/view\/49855\">https:\/\/periodicos.unb.br\/index.php\/rbagroecologia\/article\/view\/49855<\/a><\/p>\n<p>&nbsp;<\/p>\n<p style=\"text-align: justify;\">AILY FRANCO DE CAMARGO, SERGUEI ;\u00a0OLIVEIRA GOMIDE, PL\u00cdNIO HENRIQUE\u00a0; RODRIGUES LUSTOSA DE CAMARGO, THA\u00cdSA . MUDAN\u00c7AS CLIM\u00c1TICAS E PROJETOS DE PRESTA\u00c7\u00c3O DE SERVI\u00c7OS AMBIENTAIS EM TERRAS IND\u00cdGENAS NO AMAZONAS. Revista Veredas do Direito, v. 17, p. 323, 2020. <a href=\"https:\/\/san.uri.br\/revistas\/index.php\/direitoejustica\/article\/view\/306\">https:\/\/san.uri.br\/revistas\/index.php\/direitoejustica\/article\/view\/306<\/a><\/p>\n<p>&nbsp;<\/p>\n<p style=\"text-align: justify;\">SOUZA, J. G.;\u00a0AIRES, F. P. G. ;\u00a0GOMIDE, P. H. O.\u00a0;\u00a0NUNES, J. C. . CALAGEM E ADUBA\u00c7\u00c3O NO CRESCIMENTO DO CAPIM MOMBA\u00c7A EM RORAIN\u00d3POLIS, RORAIMA. REVISTA ELETR\u00d4NICA AMBIENTE: GEST\u00c3O E DESENVOLVIMENTO, v. 13, p. 24-35, 2020. <a href=\"https:\/\/periodicos.uerr.edu.br\/index.php\/ambiente\/article\/view\/376\">https:\/\/periodicos.uerr.edu.br\/index.php\/ambiente\/article\/view\/376<\/a><\/p>\n<p>&nbsp;<\/p>\n<p style=\"text-align: justify;\">NUNES, J\u00c1RISSON CAVALCANTE ; DA SILVA, JANDI\u00ca ARA\u00daJO\u00a0; GOMES NETO,\u00a0MARCELO BARBOSA ; BEZERRA,\u00a0JAIR COSTA ; NUNES, JULIETE ARA\u00daJO DA SILVA ;\u00a0<strong>Gomide, Pl\u00ednio Henrique Oliveira<\/strong> ; CAMPOS, DANIELA CAVALCANTE DOS SANTOS ; RODRIGUES, DAYANNE BEATRIZ SILVA . Effect of Combined Organic and Inorganic Fertilizer Application on Soil Attributes, Yield and Quality of Sweet Potato (Ipomoea batatas L.). JOURNAL OF AGRICULTURAL STUDIES, v. 8, p. 252-273, 2020. <a href=\"https:\/\/www.macrothink.org\/journal\/index.php\/jas\/article\/view\/17217\">https:\/\/www.macrothink.org\/journal\/index.php\/jas\/article\/view\/17217<\/a><\/p>\n<p>&nbsp;<\/p>\n<p style=\"text-align: justify;\">ARAUJO, T. M. ; SILVA, K. ; PEREIRA, G. M. D. ;\u00a0CURCINO, A.\u00a0;\u00a0<a href=\"http:\/\/lattes.cnpq.br\/8763574236513002#search\/pliniogomide%40uerr.edu.br\/_blank\">STURMER, S. L.<\/a> ;\u00a0Gomide, Pl\u00ednio Henrique Oliveira\u00a0. Diversity of arbuscular mycorrhizal fungi in agroforestry, conventional plantations and native forests in Roraima State, Northern Brazil. JOURNAL OF AGRICULTURAL SCIENCE, v. 11, p. 282, 2019.\u00a0<a href=\"https:\/\/www.ccsenet.org\/journal\/index.php\/jas\/article\/view\/0\/40377\">https:\/\/www.ccsenet.org\/journal\/index.php\/jas\/article\/view\/0\/40377<\/a><\/p>\n<p>&nbsp;<\/p>\n<p style=\"text-align: justify;\"><a href=\"http:\/\/lattes.cnpq.br\/5042138933638449#search\/pliniogomide%40uerr.edu.br\/_blank\">Gomide, Pl\u00ednio Henrique Oliveira<\/a>;\u00a0RIBEIRO, T. P. S. ; MAGALHAES, A. S. ; NUNES, J. C. ; ALENCAR, A. C. ; SANTOS, C. B.\u00a0Influ\u00eancia de diferentes sistemas de uso do solo na densidade e diversidade de macrofauna em Boa Vista-RR. REVISTA ELETR\u00d4NICA AMBIENTE: GEST\u00c3O E DESENVOLVIMENTO, v. 11, p. 230-240, 2018.\u00a0<a href=\"https:\/\/periodicos.uerr.edu.br\/index.php\/ambiente\/article\/view\/161\">https:\/\/periodicos.uerr.edu.br\/index.php\/ambiente\/article\/view\/161<\/a><\/p>\n<p>&nbsp;<\/p>\n<p style=\"text-align: justify;\">CRUZ,\u00a0E. C. ; SOBREIRA, A. C. ;\u00a0<a href=\"http:\/\/lattes.cnpq.br\/8061632113941399#search\/pliniogomide%40uerr.edu.br\/_blank\">BARROS, D. L.<\/a> ; GOMIDE, P. H. O. . Doses de f\u00f3sforo e fungos micorr\u00edzicos arbusculares no crescimento e produ\u00e7\u00e3o do feij\u00e3o-caupi em Roraima. Boletim do Museu Integrado de Roraima, v. 11, p. 21-28, 2017.\u00a0<a href=\"https:\/\/periodicos.uerr.edu.br\/index.php\/bolmirr\/article\/view\/792\">https:\/\/periodicos.uerr.edu.br\/index.php\/bolmirr\/article\/view\/792<\/a><\/p>\n<p>&nbsp;<\/p>\n<p style=\"text-align: justify;\">CHACON, T. B. ; COSTA ALVES, T. J. ; ALVES, B. J. P. O PODER DOS SABERES FEMININOS NA AGROECOLOGIA: PATRIARCADO E VIOL\u00caNCIAS. Revista Eletr\u00f4nica Casa de Makunaima, v. 6, p. 18, 2024. ISSN 2595-5888, fonte\u00a0<a href=\"https:\/\/sucupira.capes.gov.br\/sucupira\/public\/consultas\/coleta\/veiculoPublicacaoQualis\/listaConsultaGeralPeriodicos.jsf\">Qualis\/CAPES<\/a>\u00a0(2017-2020) <a href=\"https:\/\/periodicos.uerr.edu.br\/index.php\/casa_de_makunaima\/article\/view\/1382\">https:\/\/periodicos.uerr.edu.br\/index.php\/casa_de_makunaima\/article\/view\/1382<\/a><\/p>\n<p>&nbsp;<\/p>\n<p style=\"text-align: justify;\">SOUZA, E. C. ;\u00a0FALC\u00c3O, M.T.\u00a0;\u00a0<a href=\"http:\/\/lattes.cnpq.br\/1897723092089870\">OLIVEIRA, S. K. S.<\/a>\u00a0; SOUZA, R. O. IMPACTOS DECORRENTES DA PANDEMIA DO COVID-19: CEN\u00c1RIO DAS FEIRAS LIVRES DE BOA VISTA, RORAIMA, BRASIL. Revista Equador, v. 13, p. 127-142, 2024. ISSN 2317-3491. <a href=\"https:\/\/revistas.ufpi.br\/index.php\/equador\/article\/view\/14479\">https:\/\/revistas.ufpi.br\/index.php\/equador\/article\/view\/14479<\/a><\/p>\n<p>&nbsp;<\/p>\n<p style=\"text-align: justify;\">MACHADO ROCHA, DAYANA ;\u00a0TEIXEIRA FALC\u00c3O, M\u00c1RCIA\u00a0; OLIVEIRA DE SOUZA, ROBSON . PROJETO DE ASSENTAMENTO CUJUBIM BEIRA RIO, CARACARA\u00cd-RORAIMA: UM OLHAR SOBRE A ORGANIZA\u00c7\u00c3O DA AGRICULTURA FAMILIAR EM TRANSI\u00c7\u00c3O. Ravista Geonorte, v. 13, p. 20-35, 2022. ISSN 2237-1419. <a href=\"https:\/\/www.periodicos.ufam.edu.br\/index.php\/revista-geonorte\/article\/view\/9214\">https:\/\/www.periodicos.ufam.edu.br\/index.php\/revista-geonorte\/article\/view\/9214<\/a><\/p>\n<p style=\"text-align: justify;\"><a href=\"http:\/\/lattes.cnpq.br\/1671906250858943\"><br \/>\nFALC\u00c3O, M.T.<\/a>; LOPES, R. Q. . Aspectos agroecol\u00f3gicos das ro\u00e7as ind\u00edgenas: terra ind\u00edgena raposa serra do sol &#8211; Uiramut\u00e3 em Roraima. Cadernos Agroecol\u00f3gicos, v. 15, p. 1-6, 2020. ISSN 2236-7934. <a href=\"https:\/\/cadernos.aba-agroecologia.org.br\/cadernos\/article\/view\/5828\">https:\/\/cadernos.aba-agroecologia.org.br\/cadernos\/article\/view\/5828<\/a><\/p>\n<p>&nbsp;<\/p>\n<p style=\"text-align: justify;\">MENEZES, IGOR CALAZANS DUARTE DE ;\u00a0ALVES, BERNARD JOS\u00c9 PEREIRA\u00a0. Pol\u00edticas de seguran\u00e7a alimentar e agroecologia na amaz\u00f4nia: olhares e narrativas roraimenses em disputa. Amaz\u00f4nica: Revista de Antropologia, v. 15, p. 96-119, 2023.ISSN 1984-6215 <a href=\"https:\/\/periodicos.ufpa.br\/index.php\/amazonica\/article\/viewFile\/12226\/10123\">https:\/\/periodicos.ufpa.br\/index.php\/amazonica\/article\/viewFile\/12226\/10123<\/a><\/p>\n<p>&nbsp;<\/p>\n","protected":false},"excerpt":{"rendered":"<p>Revista Eletr\u00f4nica Ambiente: Gest\u00e3o e Desenvolvimento &#8211; Edi\u00e7\u00e3o Especial do III Simp\u00f3sio de Agroecologia &nbsp; NEVES, R. A. D.; MORAIS, Rafael Fiusa de . Sistema Agroflorestal em Savana Parque Arb\u00f3rea no munic\u00edpio de Amajari-RR. Cadernos de Agroecologia, 2016. https:\/\/revista.aba-agroecologia.org.br\/cad\/article\/view\/17884 &nbsp; AIRES, F. P. G. ; CRUZ, S. L. ; LOZANO, R. M. B. ; Gomide, [&hellip;]<\/p>\n","protected":false},"author":1,"featured_media":0,"parent":0,"menu_order":0,"comment_status":"closed","ping_status":"closed","template":"","meta":{"footnotes":""},"class_list":["post-240","page","type-page","status-publish","hentry"],"_links":{"self":[{"href":"https:\/\/propei.uerr.edu.br\/ppgaasa\/wp-json\/wp\/v2\/pages\/240","targetHints":{"allow":["GET"]}}],"collection":[{"href":"https:\/\/propei.uerr.edu.br\/ppgaasa\/wp-json\/wp\/v2\/pages"}],"about":[{"href":"https:\/\/propei.uerr.edu.br\/ppgaasa\/wp-json\/wp\/v2\/types\/page"}],"author":[{"embeddable":true,"href":"https:\/\/propei.uerr.edu.br\/ppgaasa\/wp-json\/wp\/v2\/users\/1"}],"replies":[{"embeddable":true,"href":"https:\/\/propei.uerr.edu.br\/ppgaasa\/wp-json\/wp\/v2\/comments?post=240"}],"version-history":[{"count":8,"href":"https:\/\/propei.uerr.edu.br\/ppgaasa\/wp-json\/wp\/v2\/pages\/240\/revisions"}],"predecessor-version":[{"id":1251,"href":"https:\/\/propei.uerr.edu.br\/ppgaasa\/wp-json\/wp\/v2\/pages\/240\/revisions\/1251"}],"wp:attachment":[{"href":"https:\/\/propei.uerr.edu.br\/ppgaasa\/wp-json\/wp\/v2\/media?parent=240"}],"curies":[{"name":"wp","href":"https:\/\/api.w.org\/{rel}","templated":true}]}}