{"id":211,"date":"2017-03-14T10:51:47","date_gmt":"2017-03-14T13:51:47","guid":{"rendered":"http:\/\/uerr.edu.br\/ppgec\/?page_id=211"},"modified":"2024-11-06T08:43:14","modified_gmt":"2024-11-06T12:43:14","slug":"processo-de-selecao","status":"publish","type":"page","link":"https:\/\/propei.uerr.edu.br\/ppgaasa\/processo-de-selecao\/","title":{"rendered":"Processo de Sele\u00e7\u00e3o"},"content":{"rendered":"<p><a href=\"https:\/\/cpc.uerr.edu.br\/?cat=277\"><strong>Mestrado Acad\u00eamico em Agroecologia &#8211; 2025<\/strong><\/a><\/p>\n<p><a href=\"https:\/\/cpc.uerr.edu.br\/?cat=259\"><strong>Mestrado Acad\u00eamico em Agroecologia &#8211; 2024<\/strong><\/a><\/p>\n<p><a href=\"https:\/\/https:\/\/propei.uerr.edu.br\/ppga\/wp-content\/uploads\/2022\/12\/SEIGRR-6533799-Edital-PPGA-2023.pdf\"><strong>Mestrado Acad\u00eamico em Agroecologia &#8211; 2023<\/strong><\/a><\/p>\n<p><strong><a href=\"https:\/\/cpc.uerr.edu.br\/?cat=198\">Mestrado Acad\u00eamico em Agroecologia &#8211; 2022<\/a><\/strong><\/p>\n<p><strong><a href=\"https:\/\/cpc.uerr.edu.br\/?cat=168\">Mestrado Acad\u00eamico em Agroecologia &#8211; 2021<\/a><br \/>\n<\/strong><\/p>\n<p><strong><a href=\"https:\/\/cpc.uerr.edu.br\/?cat=138\">Mestrado Acad\u00eamico em Agroecologia &#8211; 2020<\/a><\/strong><\/p>\n<p><strong><a href=\"https:\/\/cpc.uerr.edu.br\/?cat=100\">Mestrado Acad\u00eamico em Agroecologia &#8211; 2019<\/a><\/strong><\/p>\n<p><strong><a href=\"https:\/\/cpc.uerr.edu.br\/?cat=63\">Mestrado Acad\u00eamico em Agroecologia &#8211; 2018<\/a><\/strong><\/p>\n<p><strong><a href=\"http:\/\/cpc.uerr.edu.br\/posgraduacao\/noticia.php?idCertame=13\">Mestrado Acad\u00eamico em Agroecologia &#8211; 2017<\/a><\/strong><\/p>\n<p><strong><a href=\"http:\/\/cpc.uerr.edu.br\/posgraduacao\/noticia.php?idCertame=6\">Mestrado Acad\u00eamico em Agroecologia &#8211; 2016<\/a><\/strong><\/p>\n<p><strong><a href=\"http:\/\/cpc.uerr.edu.br\/concurso\/posgraduacao\/agro\/index.php\">Mestrado Acad\u00eamico em Agroecologia &#8211; 2015<\/a><\/strong><\/p>\n","protected":false},"excerpt":{"rendered":"<p>Mestrado Acad\u00eamico em Agroecologia &#8211; 2025 Mestrado Acad\u00eamico em Agroecologia &#8211; 2024 Mestrado Acad\u00eamico em Agroecologia &#8211; 2023 Mestrado Acad\u00eamico em Agroecologia &#8211; 2022 Mestrado Acad\u00eamico em Agroecologia &#8211; 2021 Mestrado Acad\u00eamico em Agroecologia &#8211; 2020 Mestrado Acad\u00eamico em Agroecologia &#8211; 2019 Mestrado Acad\u00eamico em Agroecologia &#8211; 2018 Mestrado Acad\u00eamico em Agroecologia &#8211; 2017 Mestrado [&hellip;]<\/p>\n","protected":false},"author":1,"featured_media":0,"parent":0,"menu_order":0,"comment_status":"closed","ping_status":"closed","template":"","meta":{"footnotes":""},"class_list":["post-211","page","type-page","status-publish","hentry"],"_links":{"self":[{"href":"https:\/\/propei.uerr.edu.br\/ppgaasa\/wp-json\/wp\/v2\/pages\/211","targetHints":{"allow":["GET"]}}],"collection":[{"href":"https:\/\/propei.uerr.edu.br\/ppgaasa\/wp-json\/wp\/v2\/pages"}],"about":[{"href":"https:\/\/propei.uerr.edu.br\/ppgaasa\/wp-json\/wp\/v2\/types\/page"}],"author":[{"embeddable":true,"href":"https:\/\/propei.uerr.edu.br\/ppgaasa\/wp-json\/wp\/v2\/users\/1"}],"replies":[{"embeddable":true,"href":"https:\/\/propei.uerr.edu.br\/ppgaasa\/wp-json\/wp\/v2\/comments?post=211"}],"version-history":[{"count":21,"href":"https:\/\/propei.uerr.edu.br\/ppgaasa\/wp-json\/wp\/v2\/pages\/211\/revisions"}],"predecessor-version":[{"id":1225,"href":"https:\/\/propei.uerr.edu.br\/ppgaasa\/wp-json\/wp\/v2\/pages\/211\/revisions\/1225"}],"wp:attachment":[{"href":"https:\/\/propei.uerr.edu.br\/ppgaasa\/wp-json\/wp\/v2\/media?parent=211"}],"curies":[{"name":"wp","href":"https:\/\/api.w.org\/{rel}","templated":true}]}}