{"id":182,"date":"2015-08-24T21:04:56","date_gmt":"2015-08-24T21:04:56","guid":{"rendered":"http:\/\/uerr.edu.br\/ppgec\/?page_id=182"},"modified":"2024-04-11T15:55:44","modified_gmt":"2024-04-11T19:55:44","slug":"eventos","status":"publish","type":"page","link":"https:\/\/propei.uerr.edu.br\/ppgaasa\/eventos\/","title":{"rendered":"Eventos"},"content":{"rendered":"<p>&nbsp;<\/p>\n<ul>\n<li><strong><span style=\"font-size: 14pt;\">Simp\u00f3sio Internacional de Agroecologia<\/span><\/strong><\/li>\n<\/ul>\n<p align=\"justify\"><a name=\"_GoBack\"><\/a> <span style=\"font-size: large;\">No dia 12\/11\/2020 ocorreu o Simp\u00f3sio Internacional de Agroecologia, on-line, realizado pelo Instituto Superior Polit\u00e9cnico de Gaza (ISPG) em Mo\u00e7ambique. Na ocasi\u00e3o o Programa de P\u00f3s-gradua\u00e7\u00e3o em Agroecologia (PPGA) teve duas representantes, sendo uma delas a professora Dr.\u00aa Tatiane Marie Martins Gomes de Castro que trouxe um recorte da Agroecologia no ensino, pesquisa e extens\u00e3o na UERR com o tema \u201cExperi\u00eancias em Agroecologia na Amaz\u00f4nia Brasileira\u201d. J\u00e1 a Dr.\u00aa M\u00e1rcia Teixeira Falc\u00e3o traz a tem\u00e1tica \u201cAgroecologia a partir da perspectiva dos povos Ind\u00edgenas de Roraima \u2013 Amaz\u00f4nia, Brasil\u201d.\u00a0<\/span><\/p>\n<p align=\"justify\"><img fetchpriority=\"high\" decoding=\"async\" class=\"alignnone wp-image-713 \" src=\"https:\/\/propei.uerr.edu.br\/ppga\/wp-content\/uploads\/2020\/11\/IMG-20201110-WA0057-1-212x300.jpg\" alt=\"\" width=\"274\" height=\"388\" srcset=\"https:\/\/propei.uerr.edu.br\/ppgaasa\/wp-content\/uploads\/2020\/11\/IMG-20201110-WA0057-1-212x300.jpg 212w, https:\/\/propei.uerr.edu.br\/ppgaasa\/wp-content\/uploads\/2020\/11\/IMG-20201110-WA0057-1-723x1024.jpg 723w, https:\/\/propei.uerr.edu.br\/ppgaasa\/wp-content\/uploads\/2020\/11\/IMG-20201110-WA0057-1-768x1087.jpg 768w, https:\/\/propei.uerr.edu.br\/ppgaasa\/wp-content\/uploads\/2020\/11\/IMG-20201110-WA0057-1.jpg 904w\" sizes=\"(max-width: 274px) 100vw, 274px\" \/><\/p>\n<ul>\n<li><strong>I SIMP\u00d3SIO DE AGROECOLOGIA<\/strong>: <a href=\"https:\/\/https:\/\/propei.uerr.edu.br\/ppga\/wp-content\/uploads\/2015\/08\/Simp\u00f3sio-2014.png\">PROGRAMA\u00c7\u00c3O<\/a><\/li>\n<\/ul>\n<p>&nbsp;<\/p>\n<ul>\n<li><strong>II SIMP\u00d3SIO DE AGROECOLOGIA<\/strong>: <a href=\"https:\/\/https:\/\/propei.uerr.edu.br\/ppga\/wp-content\/uploads\/2015\/08\/simposio-2016-II.jpg\">PROGRAMA\u00c7\u00c3O<\/a><\/li>\n<\/ul>\n<p>&nbsp;<\/p>\n<ul>\n<li style=\"text-align: justify;\"><strong>III SIMP\u00d3SIO DE AGROECOLOGIA<\/strong>: O III Simp\u00f3sio de Agroecologia \u2013 SimpAgro, cujo tema ser\u00e1 \u201cSociobiodiversidade e Agroecologia\u201d, ocorrer\u00e1 no per\u00edodo de 06 a 28 de novembro de 2018, sendo a abertura e palestras\/mesas-redondas no audit\u00f3rio da UERR (06\/11 a 09\/11) e as atividades pr\u00e1ticas ocorrendo ao longo do m\u00eas (14\/11 a 28\/11). Dentro do tema, ser\u00e3o discutidos os eixos \u201cSociobiodiversidade\u201d, \u201cAgroecossistemas Amaz\u00f4nicos\u201d, \u201cPol\u00edticas P\u00fablicas Direcionadas \u00e0 Agroecologia \u201d e \u201cSeguran\u00e7a Alimentar\u201d. Uma parcela dos trabalhos apresentados\u00a0ser\u00e1 selecionada para compor edi\u00e7\u00e3o especial da Revista Eletr\u00f4nica Ambiente: Gest\u00e3o e Desenvolvimento \u2013\u00a0REMGADS.\u00a0 <a href=\"https:\/\/https:\/\/propei.uerr.edu.br\/ppga\/?p=358\">PROGRAMA\u00c7\u00c3O<\/a><\/li>\n<\/ul>\n","protected":false},"excerpt":{"rendered":"<p>&nbsp; Simp\u00f3sio Internacional de Agroecologia No dia 12\/11\/2020 ocorreu o Simp\u00f3sio Internacional de Agroecologia, on-line, realizado pelo Instituto Superior Polit\u00e9cnico de Gaza (ISPG) em Mo\u00e7ambique. Na ocasi\u00e3o o Programa de P\u00f3s-gradua\u00e7\u00e3o em Agroecologia (PPGA) teve duas representantes, sendo uma delas a professora Dr.\u00aa Tatiane Marie Martins Gomes de Castro que trouxe um recorte da Agroecologia [&hellip;]<\/p>\n","protected":false},"author":1,"featured_media":187,"parent":0,"menu_order":0,"comment_status":"open","ping_status":"open","template":"","meta":{"footnotes":""},"class_list":["post-182","page","type-page","status-publish","has-post-thumbnail","hentry"],"_links":{"self":[{"href":"https:\/\/propei.uerr.edu.br\/ppgaasa\/wp-json\/wp\/v2\/pages\/182","targetHints":{"allow":["GET"]}}],"collection":[{"href":"https:\/\/propei.uerr.edu.br\/ppgaasa\/wp-json\/wp\/v2\/pages"}],"about":[{"href":"https:\/\/propei.uerr.edu.br\/ppgaasa\/wp-json\/wp\/v2\/types\/page"}],"author":[{"embeddable":true,"href":"https:\/\/propei.uerr.edu.br\/ppgaasa\/wp-json\/wp\/v2\/users\/1"}],"replies":[{"embeddable":true,"href":"https:\/\/propei.uerr.edu.br\/ppgaasa\/wp-json\/wp\/v2\/comments?post=182"}],"version-history":[{"count":13,"href":"https:\/\/propei.uerr.edu.br\/ppgaasa\/wp-json\/wp\/v2\/pages\/182\/revisions"}],"predecessor-version":[{"id":712,"href":"https:\/\/propei.uerr.edu.br\/ppgaasa\/wp-json\/wp\/v2\/pages\/182\/revisions\/712"}],"wp:featuredmedia":[{"embeddable":true,"href":"https:\/\/propei.uerr.edu.br\/ppgaasa\/wp-json\/"}],"wp:attachment":[{"href":"https:\/\/propei.uerr.edu.br\/ppgaasa\/wp-json\/wp\/v2\/media?parent=182"}],"curies":[{"name":"wp","href":"https:\/\/api.w.org\/{rel}","templated":true}]}}