{"id":129,"date":"2015-08-10T15:22:54","date_gmt":"2015-08-10T15:22:54","guid":{"rendered":"http:\/\/uerr.edu.br\/ppgec\/?page_id=129"},"modified":"2025-04-02T11:45:30","modified_gmt":"2025-04-02T15:45:30","slug":"concluidas","status":"publish","type":"page","link":"https:\/\/propei.uerr.edu.br\/ppgaasa\/concluidas\/","title":{"rendered":"DISSERTA\u00c7\u00d5ES PRODUZIDAS NO PPGA"},"content":{"rendered":"<p><span style=\"font-size: 18pt; color: #008080;\"><strong>2015<\/strong><\/span><\/p>\n<p><span style=\"color: #008000;\"><strong><a style=\"color: #008000;\" href=\"https:\/\/propei.uerr.edu.br\/ppga\/wp-content\/uploads\/2020\/11\/PPGA-Agnaldo-de-Aguiar-Junior.pdf\" target=\"_blank\" rel=\"noopener noreferrer\">AGNALDO DE AGUIAR JUNIOR<\/a><\/strong><\/span><\/p>\n<p><span style=\"color: #008000;\"><strong><a style=\"color: #008000;\" href=\"https:\/\/propei.uerr.edu.br\/ppga\/wp-content\/uploads\/2020\/11\/PPGA-Hugo-Goncalves-Gabriel-Filho.pdf\" target=\"_blank\" rel=\"noopener\">HUGO GON\u00c7ALVES GABRIEL FILHO<\/a><\/strong><\/span><\/p>\n<p><span style=\"font-size: 18pt; color: #008080;\"><strong>2016<\/strong><\/span><\/p>\n<p><span style=\"color: #008000;\"><strong><a style=\"color: #008000;\" href=\"https:\/\/propei.uerr.edu.br\/ppga\/wp-content\/uploads\/2020\/11\/PPGA-Antonia-Raniely-de-Almeida-Silva.pdf\" target=\"_blank\" rel=\"noopener\">ANTONIA RANIELY DE ALMEIDA SILVA<\/a><\/strong><\/span><\/p>\n<p><span style=\"color: #008000;\"><strong><a style=\"color: #008000;\" href=\"https:\/\/propei.uerr.edu.br\/ppga\/wp-content\/uploads\/2019\/03\/Dilacy-Sales-Porto-Disserta\u00e7ao-Final-corre\u00e7\u00e3o-1-Revisado.pdf\" target=\"_blank\" rel=\"noopener\">DILACY SALES PORTO<\/a><\/strong><\/span><\/p>\n<p><span style=\"color: #008000;\"><strong><a style=\"color: #008000;\" href=\"https:\/\/propei.uerr.edu.br\/ppga\/wp-content\/uploads\/2020\/11\/PPGA-Ezequiel-Souza-Queiroz-1.pdf\" target=\"_blank\" rel=\"noopener\">EZEQUIEL SOUZA QUEIROZ<\/a><\/strong><\/span><\/p>\n<p><span style=\"color: #008000;\"><strong><a style=\"color: #008000;\" href=\"https:\/\/propei.uerr.edu.br\/ppga\/wp-content\/uploads\/2020\/11\/Dissertacao-Pericles-Impressao-Edmilson.pdf\" target=\"_blank\" rel=\"noopener\">FRANCISCO P\u00c9RICLES GAL\u00daCIO AIRES<\/a><\/strong><\/span><\/p>\n<p><span style=\"color: #008000;\"><strong><a style=\"color: #008000;\" href=\"https:\/\/propei.uerr.edu.br\/ppga\/wp-content\/uploads\/2020\/11\/PPGA-Jessica-Soares-Cravo.pdf\" target=\"_blank\" rel=\"noopener\">JESSICA SOARES CRAVO<\/a><\/strong><\/span><\/p>\n<p><span style=\"color: #008000;\"><strong><a style=\"color: #008000;\" href=\"https:\/\/propei.uerr.edu.br\/ppga\/wp-content\/uploads\/2020\/11\/PPGA-Joaquim-Parime-Pereira-Lima_compressed.pdf\" target=\"_blank\" rel=\"noopener\">JOAQUIM PARIM\u00c9 PEREIRA LIMA<\/a><\/strong><\/span><\/p>\n<p><span style=\"color: #008000;\"><strong><a style=\"color: #008000;\" href=\"https:\/\/propei.uerr.edu.br\/ppga\/wp-content\/uploads\/2019\/03\/JUCIANE-CASAES-DE-SOUZA.pdf\" target=\"_blank\" rel=\"noopener\">JUCIANE CASAES DE SOUZA<\/a><\/strong><\/span><\/p>\n<p><span style=\"color: #008000;\"><strong><a style=\"color: #008000;\" href=\"https:\/\/propei.uerr.edu.br\/ppga\/wp-content\/uploads\/2020\/11\/PPGA-Kellen-Souza-Rodrigues.pdf\" target=\"_blank\" rel=\"noopener\">KELLEN SOUZA RODRIGUES<\/a><\/strong><\/span><\/p>\n<p><span style=\"color: #008000;\"><strong><a style=\"color: #008000;\" href=\"https:\/\/propei.uerr.edu.br\/ppga\/wp-content\/uploads\/2019\/03\/Muara-Santana-do-Nascimento.pdf\" target=\"_blank\" rel=\"noopener\">MUARA SANTANA DO NASCIMENTO<\/a><\/strong><\/span><\/p>\n<p><span style=\"color: #008000;\"><strong><a style=\"color: #008000;\" href=\"https:\/\/propei.uerr.edu.br\/ppga\/wp-content\/uploads\/2020\/11\/PPGA-Paula-Cristiane-Araldi.pdf\" target=\"_blank\" rel=\"noopener\">PAULA CRISTIANE ARALDI\u00a0<\/a><\/strong><\/span><\/p>\n<p><span style=\"color: #008000;\"><strong><a style=\"color: #008000;\" href=\"https:\/\/propei.uerr.edu.br\/ppga\/wp-content\/uploads\/2019\/02\/Dissertacao_Inteira_VersaoFinal_Ronilson-16-05-2017-convertido.pdf\" target=\"_blank\" rel=\"noopener\">RONILSON MOURA CAVALCANTE<\/a><\/strong><\/span><\/p>\n<p><span style=\"font-size: 18pt; color: #008080;\"><strong>2017<\/strong><\/span><\/p>\n<p><span style=\"color: #008000;\"><strong><a style=\"color: #008000;\" href=\"https:\/\/drive.google.com\/file\/d\/1FmwmrFNYqbQ1mGL3K7ekbLwpvvbFCrmV\/view?usp=sharing\" target=\"_blank\" rel=\"noopener\">CHIARA BEZERRA DE MATOS<\/a><\/strong><\/span><\/p>\n<p><span style=\"color: #008000;\"><strong><a style=\"color: #008000;\" href=\"https:\/\/propei.uerr.edu.br\/ppga\/wp-content\/uploads\/2019\/02\/disserta\u00e7\u00e3o-com-retorno-da-banca.-REVIS\u00c3O-DE-LITERATURA.-03.pdf\" target=\"_blank\" rel=\"noopener\">HIP\u00d3LITO RIBAS PEREIRA<\/a><\/strong><\/span><\/p>\n<p><span style=\"color: #008000;\"><strong><a style=\"color: #008000;\" href=\"https:\/\/propei.uerr.edu.br\/ppga\/wp-content\/uploads\/2019\/02\/Disserta\u00e7\u00e3o-digital.pdf\" target=\"_blank\" rel=\"noopener\">LEONARDO DA SILVA HARTMANN<\/a><\/strong><\/span><\/p>\n<p><span style=\"color: #008000;\"><strong><a style=\"color: #008000;\" href=\"https:\/\/propei.uerr.edu.br\/ppga\/wp-content\/uploads\/2019\/02\/Disseta\u00e7\u00e3o_Ricardo_final_para_encadernar2018.pdf\" target=\"_blank\" rel=\"noopener\">RICARDO ANDR\u00c9 DANTAS NEVES<\/a><\/strong><\/span><\/p>\n<p><span style=\"color: #008000;\"><strong><a style=\"color: #008000;\" href=\"https:\/\/propei.uerr.edu.br\/ppga\/wp-content\/uploads\/2019\/02\/Disserta\u00e7\u00e3o-Sandra-Versao-finalok.pdf\" target=\"_blank\" rel=\"noopener\">SANDRA LIMA CRUZ<\/a><\/strong><\/span><\/p>\n<p><span style=\"font-size: 18pt; color: #008080;\"><strong>2018<\/strong><\/span><\/p>\n<p><span style=\"color: #008000;\"><strong><a style=\"color: #008000;\" href=\"https:\/\/propei.uerr.edu.br\/ppga\/wp-content\/uploads\/2019\/08\/Disserta\u00e7\u00e3o-Evair-Marcelo-Queiroz-da-Silva.pdf\" target=\"_blank\" rel=\"noopener\">EVAIR MARCELO QUEIROZ DA SILVA<\/a><\/strong><\/span><\/p>\n<p><span style=\"color: #008000;\"><strong><a style=\"color: #008000;\" href=\"https:\/\/propei.uerr.edu.br\/ppga\/wp-content\/uploads\/2019\/08\/Disserta\u00e7\u00e3o-Gabriel-Carvalho-vers\u00e3o-impress\u00e3o-final.pdf\" target=\"_blank\" rel=\"noopener\">GABRIEL CARVALHO GOMES<\/a><\/strong><\/span><\/p>\n<p><span style=\"color: #008000;\"><strong><a style=\"color: #008000;\" href=\"https:\/\/propei.uerr.edu.br\/ppga\/wp-content\/uploads\/2019\/03\/Juliano-Jonas-Sabio-de-Melo-Din\u00e2mica-populacional-do-\u00c1caro-hindust\u00e2nico-dos-citros-Schizotetranychus-hindustanicus-em-pomares-de-citros-em-Rorain\u00f3p1.pdf\" target=\"_blank\" rel=\"noopener\">JULIANO JONAS S\u00c1BIO DE MELO<\/a><\/strong><\/span><\/p>\n<p><span style=\"color: #008000;\"><strong><a style=\"color: #008000;\" href=\"https:\/\/propei.uerr.edu.br\/ppga\/wp-content\/uploads\/2019\/08\/Maria-Edjane-Matias-Silva-AVALIA\u00c7\u00c3O-DO-GRAU-DE-SUSTENTABILIDADE-EM-PROPRIEDADES-RURAIS-FAMILIARES-EM-RORAIN\u00d3POLIS-RR.pdf\" target=\"_blank\" rel=\"noopener\">MARIA EDJANE MATIAS SILVA<\/a><\/strong><\/span><\/p>\n<p><span style=\"color: #008000;\"><strong><a style=\"color: #008000;\" href=\"https:\/\/propei.uerr.edu.br\/ppga\/wp-content\/uploads\/2019\/03\/Disserta\u00e7\u00e3o-PPGA-UERR-Pedro-Vitor-Pereira-Guimar\u00e3es.pdf\" target=\"_blank\" rel=\"noopener\">PEDRO VITOR PEREIRA GUIMAR\u00c3ES<\/a><\/strong><\/span><\/p>\n<p><span style=\"color: #008000;\"><strong><a style=\"color: #008000;\" href=\"https:\/\/propei.uerr.edu.br\/ppga\/wp-content\/uploads\/2020\/02\/Dissertar\u00e7\u00e3o_final_Raimundo.pdf\" target=\"_blank\" rel=\"noopener\">RAIMUNDO SILVA ARA\u00daJO<\/a><\/strong><\/span><\/p>\n<p><span style=\"color: #008000;\"><strong><a style=\"color: #008000;\" href=\"https:\/\/propei.uerr.edu.br\/ppga\/wp-content\/uploads\/2019\/03\/DISSERTA\u00c7\u00c3O-THARLES-MESQUITA-ARAUJO-FINAL.pdf\" target=\"_blank\" rel=\"noopener\">THARLES MESQUITA ARA\u00daJO<\/a><\/strong><\/span><\/p>\n<p><span style=\"font-size: 18pt; color: #008080;\"><strong>2019<\/strong><\/span><\/p>\n<p><span style=\"color: #008000;\"><strong><a style=\"color: #008000;\" href=\"https:\/\/propei.uerr.edu.br\/ppga\/wp-content\/uploads\/2021\/07\/DISSERTACAO-ANA-MARIA-DE-SOUZA_Ajustada-Assinada.pdf\" target=\"_blank\" rel=\"noopener\">ANA MARIA DE SOUZA<\/a><\/strong><\/span><\/p>\n<p><span style=\"color: #008000;\"><strong><a style=\"color: #008000;\" href=\"https:\/\/propei.uerr.edu.br\/ppga\/wp-content\/uploads\/2020\/05\/DISSERTA\u00c7\u00c3O-PPGA-Cice-Batalha-Maduro.pdf\" target=\"_blank\" rel=\"noopener\">CICE BATALHA MADURO<\/a><\/strong><\/span><\/p>\n<p><span style=\"color: #008000;\"><strong><a style=\"color: #008000;\" href=\"https:\/\/propei.uerr.edu.br\/ppga\/wp-content\/uploads\/2019\/08\/PARA-GRAVAR-DVD.pdf\" target=\"_blank\" rel=\"noopener\">DAYANA MACHADO ROCHA<\/a><\/strong><\/span><\/p>\n<p><span style=\"color: #008000;\"><strong><a style=\"color: #008000;\" href=\"https:\/\/propei.uerr.edu.br\/ppga\/wp-content\/uploads\/2019\/08\/DISSERTACAO-Ficha-catolografica.pdf\" target=\"_blank\" rel=\"noopener\">ELIZ\u00c2NGELA DA CONCEI\u00c7\u00c3O CRUZ<\/a><\/strong><\/span><\/p>\n<p><span style=\"color: #008000;\"><strong><a style=\"color: #008000;\" href=\"https:\/\/propei.uerr.edu.br\/ppga\/wp-content\/uploads\/2019\/08\/Disserta\u00e7\u00e3o-AGROECOLOGIA_GBARTSCH_fichaok.pdf\" target=\"_blank\" rel=\"noopener\">GLEICEANNY ROSAS BARTSCH<\/a><\/strong><\/span><\/p>\n<p><span style=\"color: #008000;\"><strong><a style=\"color: #008000;\" href=\"https:\/\/propei.uerr.edu.br\/ppga\/wp-content\/uploads\/2020\/06\/Disserta\u00e7\u00e3o_FINAL_IGOR_IVISON_ALMEIDA_FERREIRA.pdf\" target=\"_blank\" rel=\"noopener\">IGOR IVISON ALMEIDA FERREIRA<\/a><\/strong><\/span><\/p>\n<p><span style=\"color: #008000;\"><strong><a style=\"color: #008000;\" href=\"https:\/\/propei.uerr.edu.br\/ppga\/wp-content\/uploads\/2020\/05\/disserta\u00e7\u00e3o-Oziel-vers\u00e3o-final-30_10_19.pdf\" target=\"_blank\" rel=\"noopener\">OZIEL FURQUIM PINTO<\/a><\/strong><\/span><\/p>\n<p><span style=\"color: #008000;\"><strong><a style=\"color: #008000;\" href=\"https:\/\/propei.uerr.edu.br\/ppga\/wp-content\/uploads\/2019\/08\/Disserta\u00e7\u00e3o-Agroecologia-UERR_Vonin-Silva_2019.pdf\" target=\"_blank\" rel=\"noopener\">VONIN DA SILVA E SILVA<\/a><\/strong><\/span><\/p>\n<p><span style=\"color: #008000;\"><strong><a style=\"color: #008000;\" href=\"https:\/\/propei.uerr.edu.br\/ppga\/wp-content\/uploads\/2019\/08\/Disserta\u00e7\u00e3o-DVD-OFICIAL-2.pdf\" target=\"_blank\" rel=\"noopener\">WENDARLEM GALV\u00c3O MOTA<\/a><\/strong><\/span><\/p>\n<p><span style=\"color: #008000;\"><span style=\"font-size: 18pt; color: #008080;\"><strong>2020<\/strong><\/span><\/span><\/p>\n<p><span style=\"color: #008000;\"><strong><a style=\"color: #008000;\" href=\"https:\/\/propei.uerr.edu.br\/ppga\/wp-content\/uploads\/2021\/04\/DISSERTACAO-ARIANE-2020-18-02-21-OK1.pdf\" target=\"_blank\" rel=\"noopener\">ARIANE SILVA MAGALH\u00c3ES<\/a><\/strong><\/span><\/p>\n<p><span style=\"color: #008000;\"><strong><a style=\"color: #008000;\" href=\"https:\/\/propei.uerr.edu.br\/ppga\/wp-content\/uploads\/2021\/04\/DISSERTACAO-VERSAO-FINAL-2-1.pdf\" target=\"_blank\" rel=\"noopener\">DIENY MICHELLY SCHUERTZ DA SILVA<\/a><\/strong><\/span><\/p>\n<p><span style=\"color: #008000;\"><strong><a style=\"color: #008000;\" href=\"https:\/\/propei.uerr.edu.br\/ppga\/wp-content\/uploads\/2020\/11\/Raimeyre-Nobre-Dias.pdf\" target=\"_blank\" rel=\"noopener\">RAIMEYRE NOBRE DIAS<\/a><\/strong><\/span><\/p>\n<p><span style=\"color: #008000;\"><strong><a style=\"color: #008000;\" href=\"https:\/\/propei.uerr.edu.br\/ppga\/wp-content\/uploads\/2020\/11\/Reila-Ferreira-dos-Santos-Dissertacao-2020.pdf\" target=\"_blank\" rel=\"noopener\">REILA FERREIRA DOS SANTOS<\/a><\/strong><\/span><\/p>\n<p><span style=\"color: #008000;\"><strong><a style=\"color: #008000;\" href=\"https:\/\/propei.uerr.edu.br\/ppga\/wp-content\/uploads\/2021\/05\/Dissertacao-ok-enviar-para-prof-Plinio.pdf\" target=\"_blank\" rel=\"noopener\">RENATA PIO GON\u00c7ALVES<\/a><\/strong><\/span><\/p>\n<p><span style=\"color: #008000;\"><strong><a style=\"color: #008000;\" href=\"https:\/\/propei.uerr.edu.br\/ppga\/wp-content\/uploads\/2020\/11\/Sandoval-Menezes-de-Matos.pdf\" target=\"_blank\" rel=\"noopener\">SANDOVAL MENEZES DE MATOS<\/a><\/strong><\/span><\/p>\n<p><span style=\"color: #008000;\"><strong><a style=\"color: #008000;\" href=\"https:\/\/propei.uerr.edu.br\/ppga\/wp-content\/uploads\/2020\/11\/Dissertacao-final-SIMONE.pdf\" target=\"_blank\" rel=\"noopener\">SIMONE TEIXEIRA MOURA DE AQUINO<\/a><\/strong><\/span><\/p>\n<p><span style=\"color: #008000;\"><strong><a style=\"color: #008000;\" href=\"https:\/\/propei.uerr.edu.br\/ppga\/wp-content\/uploads\/2020\/11\/Dissertacao-Tatiane_CORRECOES-1.pdf\" target=\"_blank\" rel=\"noopener\">TATIANE PATR\u00cdCIA SILV\u00c9RIO RIBEIRO<\/a><\/strong><\/span><\/p>\n<p><span style=\"color: #008000;\"><strong><a style=\"color: #008000;\" href=\"https:\/\/propei.uerr.edu.br\/ppga\/wp-content\/uploads\/2020\/11\/TEREZINHA-Paula-Schuertz-da-Silva.pdf\" target=\"_blank\" rel=\"noopener\">TEREZINHA PAULA SCHUERTZ DA SILVA<\/a><\/strong><\/span><\/p>\n<p><span style=\"font-size: 18pt; color: #008080;\"><strong>2021<\/strong><\/span><\/p>\n<p><span style=\"color: #008000;\"><strong><a style=\"color: #008000;\" href=\"https:\/\/propei.uerr.edu.br\/ppga\/wp-content\/uploads\/2022\/05\/dissertacao-Carolina-Marques.pdf\" target=\"_blank\" rel=\"noopener\">CAROLINA SOARES MARQUES<\/a><\/strong><\/span><\/p>\n<p><span style=\"color: #008000;\"><strong><a style=\"color: #008000;\" href=\"https:\/\/drive.google.com\/file\/d\/1cEc8WCNyI6peQVMyambH8PrDsHtZBQLA\/view?usp=sharing\" target=\"_blank\" rel=\"noopener\">CATARINNY RIBEIRO DE S\u00c1<\/a><\/strong><\/span><\/p>\n<p><span style=\"color: #008000;\"><strong><a style=\"color: #008000;\" href=\"https:\/\/propei.uerr.edu.br\/ppga\/wp-content\/uploads\/2022\/05\/Dissertacao-Hananda-pdf1.pdf\" target=\"_blank\" rel=\"noopener\">HANANDA HELLEN DA SILVA GOMES<\/a><\/strong><\/span><\/p>\n<p><span style=\"color: #008000;\"><strong><a style=\"color: #008000;\" href=\"https:\/\/propei.uerr.edu.br\/ppga\/wp-content\/uploads\/2022\/05\/DISSERTACAO___ROSIMEIRE____com-ficha-catalografica-IMPRESSAO.pdf\" target=\"_blank\" rel=\"noopener\">ROSIMEIRE DE QUEIROZ LOPES<\/a><\/strong><\/span><\/p>\n<p><span style=\"font-size: 18pt; color: #008080;\"><strong>2022<\/strong><\/span><\/p>\n<p><span style=\"color: #008000;\"><strong><a style=\"color: #008000;\" href=\"https:\/\/propei.uerr.edu.br\/ppga\/wp-content\/uploads\/2022\/09\/Edna_Coelho_de_Sousa.pdf\" target=\"_blank\" rel=\"noopener\">EDNA CO\u00caLHO DE SOUSA<\/a><\/strong><\/span><\/p>\n<p><span style=\"color: #008000;\"><strong><a style=\"color: #008000;\" href=\"https:\/\/propei.uerr.edu.br\/ppga\/wp-content\/uploads\/2022\/11\/Dissertacao-final-ESTHER-BRASIL.pdf\" target=\"_blank\" rel=\"noopener\">ESTHER ANDRADE BRASIL<\/a><\/strong><\/span><\/p>\n<p><span style=\"color: #008000;\"><strong><a style=\"color: #008000;\" href=\"https:\/\/propei.uerr.edu.br\/ppga\/wp-content\/uploads\/2022\/09\/IGOR-Politicas-de-Seguranca-Alimentar-e-Agroecologia-perspectivas-roraimenses-em-disputa.pdf\" target=\"_blank\" rel=\"noopener\">IGOR CALAZANS DUARTE DE MENEZES<\/a><\/strong><\/span><\/p>\n<p><span style=\"color: #008000;\"><strong><a style=\"color: #008000;\" href=\"https:\/\/propei.uerr.edu.br\/ppga\/wp-content\/uploads\/2022\/05\/Dissertacao-Luana-Carvalho.pdf\" target=\"_blank\" rel=\"noopener\">LUANA CARVALHO DE OLIVEIRA<\/a><\/strong><\/span><\/p>\n<p><span style=\"color: #008000;\"><strong><a style=\"color: #008000;\" href=\"https:\/\/propei.uerr.edu.br\/ppga\/wp-content\/uploads\/2023\/03\/Dissertacao-final-POS-FICHA-CATALOGRAFICA-MARIA-DA-PAZ.pdf\" target=\"_blank\" rel=\"noopener\">MARIA DAS DORES RIBEIRO PAZ<\/a><\/strong><\/span><\/p>\n<p><span style=\"color: #008000;\"><strong><a style=\"color: #008000;\" href=\"https:\/\/propei.uerr.edu.br\/ppga\/wp-content\/uploads\/2022\/09\/WILLIAN-Leguminosas-herbaceas-e-arbutivas-em-areas-de-savana-em-roraima-levantamento-floristico-e-potencial-economico-com-enfase-nas-ornamentais-1.pdf\" target=\"_blank\" rel=\"noopener\">WILLIAN ALVES CAVALCANTE<\/a><\/strong><\/span><\/p>\n<p><span style=\"font-size: 18pt; color: #008080;\"><strong>2023<\/strong><\/span><\/p>\n<p><span style=\"color: #008000;\"><a style=\"color: #008000;\" href=\"https:\/\/propei.uerr.edu.br\/ppga\/wp-content\/uploads\/2024\/09\/Dissertacao-Thais-compactado.pdf\"><strong>THA\u00cdS BRITO CHACON<\/strong><\/a><\/span><\/p>\n<p><span style=\"font-size: 18pt; color: #008080;\"><strong>2024<\/strong><\/span><\/p>\n<p><span style=\"color: #008000;\"><a style=\"color: #008000;\" href=\"https:\/\/drive.google.com\/file\/d\/1GDKpn51lBqhWTyRkwSxmWH9bo67TDyK7\/view?usp=sharing\"><strong>DANVERSON BENTES CHAVES<\/strong><\/a><\/span><\/p>\n<p><a href=\"https:\/\/propei.uerr.edu.br\/ppga\/wp-content\/uploads\/2024\/09\/Dissertacao_Indhyra_Magalhaes_Final_-1_compressed.pdf\"><span style=\"color: #008000;\"><strong>INDHYRA JONNYA QUEIROZ DE MAGALH\u00c3ES<\/strong><\/span><\/a><\/p>\n<p><span style=\"color: #008000;\"><a style=\"color: #008000;\" href=\"https:\/\/propei.uerr.edu.br\/ppga\/wp-content\/uploads\/2025\/03\/Dissertacao_com_Ficha_CatalograficaMATEUS.pdf\"><strong>MATEUS LIMA RAMOS<\/strong><\/a><\/span><\/p>\n<p>&nbsp;<\/p>\n<p>&nbsp;<\/p>\n<p><span style=\"color: #008000;\">\u00a0<\/span><\/p>\n","protected":false},"excerpt":{"rendered":"<p>2015 AGNALDO DE AGUIAR JUNIOR HUGO GON\u00c7ALVES GABRIEL FILHO 2016 ANTONIA RANIELY DE ALMEIDA SILVA DILACY SALES PORTO EZEQUIEL SOUZA QUEIROZ FRANCISCO P\u00c9RICLES GAL\u00daCIO AIRES JESSICA SOARES CRAVO JOAQUIM PARIM\u00c9 PEREIRA LIMA JUCIANE CASAES DE SOUZA KELLEN SOUZA RODRIGUES MUARA SANTANA DO NASCIMENTO PAULA CRISTIANE ARALDI\u00a0 RONILSON MOURA CAVALCANTE 2017 CHIARA BEZERRA DE MATOS HIP\u00d3LITO [&hellip;]<\/p>\n","protected":false},"author":1,"featured_media":0,"parent":0,"menu_order":0,"comment_status":"open","ping_status":"open","template":"","meta":{"footnotes":""},"class_list":["post-129","page","type-page","status-publish","hentry"],"_links":{"self":[{"href":"https:\/\/propei.uerr.edu.br\/ppgaasa\/wp-json\/wp\/v2\/pages\/129","targetHints":{"allow":["GET"]}}],"collection":[{"href":"https:\/\/propei.uerr.edu.br\/ppgaasa\/wp-json\/wp\/v2\/pages"}],"about":[{"href":"https:\/\/propei.uerr.edu.br\/ppgaasa\/wp-json\/wp\/v2\/types\/page"}],"author":[{"embeddable":true,"href":"https:\/\/propei.uerr.edu.br\/ppgaasa\/wp-json\/wp\/v2\/users\/1"}],"replies":[{"embeddable":true,"href":"https:\/\/propei.uerr.edu.br\/ppgaasa\/wp-json\/wp\/v2\/comments?post=129"}],"version-history":[{"count":69,"href":"https:\/\/propei.uerr.edu.br\/ppgaasa\/wp-json\/wp\/v2\/pages\/129\/revisions"}],"predecessor-version":[{"id":1271,"href":"https:\/\/propei.uerr.edu.br\/ppgaasa\/wp-json\/wp\/v2\/pages\/129\/revisions\/1271"}],"wp:attachment":[{"href":"https:\/\/propei.uerr.edu.br\/ppgaasa\/wp-json\/wp\/v2\/media?parent=129"}],"curies":[{"name":"wp","href":"https:\/\/api.w.org\/{rel}","templated":true}]}}